{"id":2690,"date":"2025-02-13T17:07:23","date_gmt":"2025-02-13T16:07:23","guid":{"rendered":"https:\/\/fts.you2.pl\/index.php\/produkt\/psg-2011-12-away-m\/"},"modified":"2025-09-19T10:51:55","modified_gmt":"2025-09-19T08:51:55","slug":"psg-2011-12-away-m","status":"publish","type":"product","link":"https:\/\/fts.you2.pl\/en\/psg-2011-12-away-m\/","title":{"rendered":"PSG 2011\/12 Away [M]"},"content":{"rendered":"<p><strong>Klub:<\/strong> PSG<\/p>\n<p><strong>Sezon:<\/strong> 2011\/12 Away<\/p>\n<p><strong>Rozmiar: <\/strong>M<\/p>\n<p><strong>Stan:<\/strong> Dobry &#8211; dwa mikro zaci\u0105gniecia oraz kilka drobnych plamek na plecach.<\/p>\n<p><strong>Wymiary (szeroko\u015b\u0107 pod pachami\/d\u0142ugo\u015b\u0107) w cm: <\/strong>52\/73<\/p>","protected":false},"excerpt":{"rendered":"<p>PSG 2011\/12 Away [M]<\/p>","protected":false},"featured_media":11021,"template":"","meta":{"_kad_blocks_custom_css":"","_kad_blocks_head_custom_js":"","_kad_blocks_body_custom_js":"","_kad_blocks_footer_custom_js":"","_kad_post_transparent":"","_kad_post_title":"","_kad_post_layout":"","_kad_post_sidebar_id":"","_kad_post_content_style":"","_kad_post_vertical_padding":"","_kad_post_feature":"","_kad_post_feature_position":"","_kad_post_header":false,"_kad_post_footer":false},"product_brand":[55],"product_cat":[31,129,210],"product_tag":[],"class_list":{"0":"post-2690","1":"product","2":"type-product","3":"status-publish","4":"has-post-thumbnail","6":"product_brand-nike","7":"product_cat-kluby-europejskie","8":"product_cat-kluby-francuskie","9":"product_cat-paris-saint-germain","10":"pa_rozmiar-m","12":"first","13":"instock","14":"taxable","15":"shipping-taxable","16":"purchasable","17":"product-type-simple","18":"entry","19":"content-bg","20":"loop-entry"},"taxonomy_info":{"product_brand":[{"value":55,"label":"Nike"}],"product_cat":[{"value":31,"label":"Kluby Europejskie"},{"value":129,"label":"Kluby Francuskie"},{"value":210,"label":"Paris Saint Germain"}],"pa_rozmiar":[{"value":28,"label":"M"}]},"featured_image_src_large":["https:\/\/fts.you2.pl\/wp-content\/uploads\/2025\/09\/Photoroom_018_20241221_204556-1024x1024.png",1024,1024,true],"author_info":[],"comment_info":"","_links":{"self":[{"href":"https:\/\/fts.you2.pl\/en\/wp-json\/wp\/v2\/product\/2690","targetHints":{"allow":["GET"]}}],"collection":[{"href":"https:\/\/fts.you2.pl\/en\/wp-json\/wp\/v2\/product"}],"about":[{"href":"https:\/\/fts.you2.pl\/en\/wp-json\/wp\/v2\/types\/product"}],"wp:featuredmedia":[{"embeddable":true,"href":"https:\/\/fts.you2.pl\/en\/wp-json\/wp\/v2\/media\/11021"}],"wp:attachment":[{"href":"https:\/\/fts.you2.pl\/en\/wp-json\/wp\/v2\/media?parent=2690"}],"wp:term":[{"taxonomy":"product_brand","embeddable":true,"href":"https:\/\/fts.you2.pl\/en\/wp-json\/wp\/v2\/product_brand?post=2690"},{"taxonomy":"product_cat","embeddable":true,"href":"https:\/\/fts.you2.pl\/en\/wp-json\/wp\/v2\/product_cat?post=2690"},{"taxonomy":"product_tag","embeddable":true,"href":"https:\/\/fts.you2.pl\/en\/wp-json\/wp\/v2\/product_tag?post=2690"}],"curies":[{"name":"wp","href":"https:\/\/api.w.org\/{rel}","templated":true}]}}