{"id":2694,"date":"2025-02-13T17:07:36","date_gmt":"2025-02-13T16:07:36","guid":{"rendered":"https:\/\/fts.you2.pl\/index.php\/produkt\/borussia-monchengladbach-2012-13-third-18-arango-s\/"},"modified":"2025-09-19T10:57:29","modified_gmt":"2025-09-19T08:57:29","slug":"borussia-monchengladbach-2012-13-third-18-arango-s","status":"publish","type":"product","link":"https:\/\/fts.you2.pl\/en\/borussia-monchengladbach-2012-13-third-18-arango-s\/","title":{"rendered":"Borussia Monchengladbach 2012\/13 Third 18 Arango [S]"},"content":{"rendered":"<p><strong>Klub:<\/strong> Borussia Monchengladbach<\/p>\n<p><strong>Sezon:<\/strong> 2012\/13 Third<\/p>\n<p><strong>Rozmiar: <\/strong>S<\/p>\n<p><strong>Stan:<\/strong> Bardzo dobry &#8211; drobne p\u0119kni\u0119cia na nadruku sponsora na froncie, nieznacznie uszkodzone cyfry na plecach oraz kilka mikro zaci\u0105gni\u0119\u0107.<\/p>\n<p><strong>Wymiary (szeroko\u015b\u0107 pod pachami\/d\u0142ugo\u015b\u0107) w cm: <\/strong>52\/69<\/p>","protected":false},"excerpt":{"rendered":"<p>Borussia Monchengladbach 2012\/13 Third 18 Arango [S]<\/p>","protected":false},"featured_media":11058,"template":"","meta":{"_kad_blocks_custom_css":"","_kad_blocks_head_custom_js":"","_kad_blocks_body_custom_js":"","_kad_blocks_footer_custom_js":"","_kad_post_transparent":"","_kad_post_title":"","_kad_post_layout":"","_kad_post_sidebar_id":"","_kad_post_content_style":"","_kad_post_vertical_padding":"","_kad_post_feature":"","_kad_post_feature_position":"","_kad_post_header":false,"_kad_post_footer":false},"product_brand":[69],"product_cat":[67,31,46],"product_tag":[],"class_list":{"0":"post-2694","1":"product","2":"type-product","3":"status-publish","4":"has-post-thumbnail","6":"product_brand-lotto","7":"product_cat-borussia-monchengladbach","8":"product_cat-kluby-europejskie","9":"product_cat-kluby-niemieckie","10":"pa_rozmiar-s","12":"first","13":"instock","14":"taxable","15":"shipping-taxable","16":"purchasable","17":"product-type-simple","18":"entry","19":"content-bg","20":"loop-entry"},"taxonomy_info":{"product_brand":[{"value":69,"label":"Lotto"}],"product_cat":[{"value":67,"label":"Borussia M\u00f6nchengladbach"},{"value":31,"label":"Kluby Europejskie"},{"value":46,"label":"Kluby Niemieckie"}],"pa_rozmiar":[{"value":19,"label":"S"}]},"featured_image_src_large":["https:\/\/fts.you2.pl\/wp-content\/uploads\/2025\/09\/Photoroom_025_20241229_115613-1024x1024.png",1024,1024,true],"author_info":[],"comment_info":"","_links":{"self":[{"href":"https:\/\/fts.you2.pl\/en\/wp-json\/wp\/v2\/product\/2694","targetHints":{"allow":["GET"]}}],"collection":[{"href":"https:\/\/fts.you2.pl\/en\/wp-json\/wp\/v2\/product"}],"about":[{"href":"https:\/\/fts.you2.pl\/en\/wp-json\/wp\/v2\/types\/product"}],"wp:featuredmedia":[{"embeddable":true,"href":"https:\/\/fts.you2.pl\/en\/wp-json\/wp\/v2\/media\/11058"}],"wp:attachment":[{"href":"https:\/\/fts.you2.pl\/en\/wp-json\/wp\/v2\/media?parent=2694"}],"wp:term":[{"taxonomy":"product_brand","embeddable":true,"href":"https:\/\/fts.you2.pl\/en\/wp-json\/wp\/v2\/product_brand?post=2694"},{"taxonomy":"product_cat","embeddable":true,"href":"https:\/\/fts.you2.pl\/en\/wp-json\/wp\/v2\/product_cat?post=2694"},{"taxonomy":"product_tag","embeddable":true,"href":"https:\/\/fts.you2.pl\/en\/wp-json\/wp\/v2\/product_tag?post=2694"}],"curies":[{"name":"wp","href":"https:\/\/api.w.org\/{rel}","templated":true}]}}