{"id":2716,"date":"2025-02-13T17:10:53","date_gmt":"2025-02-13T16:10:53","guid":{"rendered":"https:\/\/fts.you2.pl\/index.php\/produkt\/koszulka-bramkarska-fc-barcelona-2012-13-s\/"},"modified":"2025-09-19T11:21:31","modified_gmt":"2025-09-19T09:21:31","slug":"koszulka-bramkarska-fc-barcelona-2012-13-s","status":"publish","type":"product","link":"https:\/\/fts.you2.pl\/en\/koszulka-bramkarska-fc-barcelona-2012-13-s\/","title":{"rendered":"Koszulka bramkarska FC Barcelona 2012\/13 [S]"},"content":{"rendered":"<p><strong>Klub:<\/strong> FC Barcelona<\/p>\n<p><strong>Sezon:<\/strong> 2012\/13<\/p>\n<p><strong>Rozmiar: <\/strong>S<\/p>\n<p><strong>Stan:<\/strong> Dobry &#8211; nieznacznie pop\u0119kane nadruki sponsora z przodu jak i z ty\u0142u koszulki, przetarcie materia\u0142u na r\u0119kawie oraz nieznaczna ilo\u015b\u0107 mikro zaci\u0105gni\u0119\u0107.<\/p>\n<p><strong>Wymiary (szeroko\u015b\u0107 pod pachami\/d\u0142ugo\u015b\u0107) w cm: <\/strong>48\/70<\/p>","protected":false},"excerpt":{"rendered":"<p>Koszulka bramkarska FC Barcelona 2012\/13 [S]<\/p>","protected":false},"featured_media":11256,"template":"","meta":{"_kad_blocks_custom_css":"","_kad_blocks_head_custom_js":"","_kad_blocks_body_custom_js":"","_kad_blocks_footer_custom_js":"","_kad_post_transparent":"","_kad_post_title":"","_kad_post_layout":"","_kad_post_sidebar_id":"","_kad_post_content_style":"","_kad_post_vertical_padding":"","_kad_post_feature":"","_kad_post_feature_position":"","_kad_post_header":false,"_kad_post_footer":false},"product_brand":[55],"product_cat":[248,31,87],"product_tag":[],"class_list":{"0":"post-2716","1":"product","2":"type-product","3":"status-publish","4":"has-post-thumbnail","6":"product_brand-nike","7":"product_cat-fc-barcelona","8":"product_cat-kluby-europejskie","9":"product_cat-kluby-hiszpanskie","10":"pa_rozmiar-s","12":"first","13":"instock","14":"taxable","15":"shipping-taxable","16":"purchasable","17":"product-type-simple","18":"entry","19":"content-bg","20":"loop-entry"},"taxonomy_info":{"product_brand":[{"value":55,"label":"Nike"}],"product_cat":[{"value":248,"label":"FC Barcelona"},{"value":31,"label":"Kluby Europejskie"},{"value":87,"label":"Kluby Hiszpa\u0144skie"}],"pa_rozmiar":[{"value":19,"label":"S"}]},"featured_image_src_large":["https:\/\/fts.you2.pl\/wp-content\/uploads\/2025\/09\/Photoroom_020_20250112_153529-1024x1024.png",1024,1024,true],"author_info":[],"comment_info":"","_links":{"self":[{"href":"https:\/\/fts.you2.pl\/en\/wp-json\/wp\/v2\/product\/2716","targetHints":{"allow":["GET"]}}],"collection":[{"href":"https:\/\/fts.you2.pl\/en\/wp-json\/wp\/v2\/product"}],"about":[{"href":"https:\/\/fts.you2.pl\/en\/wp-json\/wp\/v2\/types\/product"}],"wp:featuredmedia":[{"embeddable":true,"href":"https:\/\/fts.you2.pl\/en\/wp-json\/wp\/v2\/media\/11256"}],"wp:attachment":[{"href":"https:\/\/fts.you2.pl\/en\/wp-json\/wp\/v2\/media?parent=2716"}],"wp:term":[{"taxonomy":"product_brand","embeddable":true,"href":"https:\/\/fts.you2.pl\/en\/wp-json\/wp\/v2\/product_brand?post=2716"},{"taxonomy":"product_cat","embeddable":true,"href":"https:\/\/fts.you2.pl\/en\/wp-json\/wp\/v2\/product_cat?post=2716"},{"taxonomy":"product_tag","embeddable":true,"href":"https:\/\/fts.you2.pl\/en\/wp-json\/wp\/v2\/product_tag?post=2716"}],"curies":[{"name":"wp","href":"https:\/\/api.w.org\/{rel}","templated":true}]}}