{"id":2718,"date":"2025-02-10T14:18:05","date_gmt":"2025-02-10T13:18:05","guid":{"rendered":"https:\/\/fts.you2.pl\/index.php\/produkt\/match-issue-gks-katowice-2004-05-away-20-stanislaw-wrobel-m-l\/"},"modified":"2025-09-19T11:23:46","modified_gmt":"2025-09-19T09:23:46","slug":"match-issue-gks-katowice-2004-05-away-20-stanislaw-wrobel-m-l","status":"publish","type":"product","link":"https:\/\/fts.you2.pl\/en\/match-issue-gks-katowice-2004-05-away-20-stanislaw-wrobel-m-l\/","title":{"rendered":"MATCH ISSUE GKS Katowice 2004\/05 Away 20 Stanis\u0142aw Wr\u00f3bel [M\/L]"},"content":{"rendered":"<p><strong>Klub:<\/strong> GKS Katowice<\/p>\n<p><strong>Sezon:<\/strong> 2004\/05 Away<\/p>\n<p><strong>Rozmiar: <\/strong>M\/L<\/p>\n<p><strong>Stan:<\/strong> Zadowalaj\u0105cy &#8211; mikro zaci\u0105gni\u0119cia, pop\u0119kany nadruk na r\u0119kawie oraz nieznacznie zabrudzony numer na plecach.<\/p>\n<p><strong>Wymiary (szeroko\u015b\u0107 pod pachami\/d\u0142ugo\u015b\u0107) w cm: <\/strong>57\/74(prz\u00f3d), 81(ty\u0142)<\/p>\n<p><strong>Dodatkowe informacje:<\/strong> Meczowa koszulka Stanis\u0142awa Wr\u00f3bla z sezonu 2004\/05.<\/p>","protected":false},"excerpt":{"rendered":"<p>MATCH ISSUE GKS Katowice 2004\/05 Away 20 Stanis\u0142aw Wr\u00f3bel [M\/L]<\/p>","protected":false},"featured_media":11277,"template":"","meta":{"_kad_blocks_custom_css":"","_kad_blocks_head_custom_js":"","_kad_blocks_body_custom_js":"","_kad_blocks_footer_custom_js":"","_kad_post_transparent":"","_kad_post_title":"","_kad_post_layout":"","_kad_post_sidebar_id":"","_kad_post_content_style":"","_kad_post_vertical_padding":"","_kad_post_feature":"","_kad_post_feature_position":"","_kad_post_header":false,"_kad_post_footer":false},"product_brand":[233],"product_cat":[31,159,173,298,160],"product_tag":[],"class_list":{"0":"post-2718","1":"product","2":"type-product","3":"status-publish","4":"has-post-thumbnail","6":"product_brand-jako","7":"product_cat-kluby-europejskie","8":"product_cat-kluby-polskie","9":"product_cat-match-worn-issue","10":"product_cat-polscy-pilkarze","11":"product_cat-pozostale-kluby-polskie","12":"pa_rozmiar-m-l","14":"first","15":"instock","16":"taxable","17":"shipping-taxable","18":"purchasable","19":"product-type-simple","20":"entry","21":"content-bg","22":"loop-entry"},"taxonomy_info":{"product_brand":[{"value":233,"label":"Jako"}],"product_cat":[{"value":31,"label":"Kluby Europejskie"},{"value":159,"label":"Kluby Polskie"},{"value":173,"label":"MATCH WORN &amp; ISSUE"},{"value":298,"label":"POLSCY PI\u0141KARZE"},{"value":160,"label":"Pozosta\u0142e kluby polskie"}],"pa_rozmiar":[{"value":386,"label":"M\/L"}]},"featured_image_src_large":["https:\/\/fts.you2.pl\/wp-content\/uploads\/2025\/09\/Photoroom_002_20250112_153529-1024x1024.png",1024,1024,true],"author_info":[],"comment_info":"","_links":{"self":[{"href":"https:\/\/fts.you2.pl\/en\/wp-json\/wp\/v2\/product\/2718","targetHints":{"allow":["GET"]}}],"collection":[{"href":"https:\/\/fts.you2.pl\/en\/wp-json\/wp\/v2\/product"}],"about":[{"href":"https:\/\/fts.you2.pl\/en\/wp-json\/wp\/v2\/types\/product"}],"wp:featuredmedia":[{"embeddable":true,"href":"https:\/\/fts.you2.pl\/en\/wp-json\/wp\/v2\/media\/11277"}],"wp:attachment":[{"href":"https:\/\/fts.you2.pl\/en\/wp-json\/wp\/v2\/media?parent=2718"}],"wp:term":[{"taxonomy":"product_brand","embeddable":true,"href":"https:\/\/fts.you2.pl\/en\/wp-json\/wp\/v2\/product_brand?post=2718"},{"taxonomy":"product_cat","embeddable":true,"href":"https:\/\/fts.you2.pl\/en\/wp-json\/wp\/v2\/product_cat?post=2718"},{"taxonomy":"product_tag","embeddable":true,"href":"https:\/\/fts.you2.pl\/en\/wp-json\/wp\/v2\/product_tag?post=2718"}],"curies":[{"name":"wp","href":"https:\/\/api.w.org\/{rel}","templated":true}]}}