{"id":2734,"date":"2025-02-13T17:10:55","date_gmt":"2025-02-13T16:10:55","guid":{"rendered":"https:\/\/fts.you2.pl\/index.php\/produkt\/szkocja-2007-08-home-6-l\/"},"modified":"2025-09-19T11:40:49","modified_gmt":"2025-09-19T09:40:49","slug":"szkocja-2007-08-home-6-l","status":"publish","type":"product","link":"https:\/\/fts.you2.pl\/en\/szkocja-2007-08-home-6-l\/","title":{"rendered":"Szkocja 2007\/08 Home 6 [L]"},"content":{"rendered":"<p><strong>Klub:<\/strong> Szkocja<\/p>\n<p><strong>Sezon:<\/strong> 2007\/08 Home<\/p>\n<p><strong>Rozmiar: <\/strong>L<\/p>\n<p><strong>Stan:<\/strong> Dobry &#8211; nieznacznie sp\u0119kane logo Diadora na froncie, mikro zaci\u0105gni\u0119cie nad numerem oraz delikatnie odklejaj\u0105cy si\u0119 patch na r\u0119kawku.<\/p>\n<p><strong>Wymiary (szeroko\u015b\u0107 pod pachami\/d\u0142ugo\u015b\u0107) w cm: <\/strong>50\/65(prz\u00f3d), 69(ty\u0142)<\/p>","protected":false},"excerpt":{"rendered":"<p>Szkocja 2007\/08 Home 6 [L]<\/p>","protected":false},"featured_media":11398,"template":"","meta":{"_kad_blocks_custom_css":"","_kad_blocks_head_custom_js":"","_kad_blocks_body_custom_js":"","_kad_blocks_footer_custom_js":"","_kad_post_transparent":"","_kad_post_title":"","_kad_post_layout":"","_kad_post_sidebar_id":"","_kad_post_content_style":"","_kad_post_vertical_padding":"","_kad_post_feature":"","_kad_post_feature_position":"","_kad_post_header":false,"_kad_post_footer":false},"product_brand":[59],"product_cat":[23,114,22],"product_tag":[],"class_list":{"0":"post-2734","1":"product","2":"type-product","3":"status-publish","4":"has-post-thumbnail","6":"product_brand-diadora","7":"product_cat-europa","8":"product_cat-pozostale","9":"product_cat-reprezentacje","10":"pa_rozmiar-l","12":"first","13":"instock","14":"taxable","15":"shipping-taxable","16":"purchasable","17":"product-type-simple","18":"entry","19":"content-bg","20":"loop-entry"},"taxonomy_info":{"product_brand":[{"value":59,"label":"Diadora"}],"product_cat":[{"value":23,"label":"Europa"},{"value":114,"label":"Pozosta\u0142e"},{"value":22,"label":"REPREZENTACJE"}],"pa_rozmiar":[{"value":39,"label":"L"}]},"featured_image_src_large":["https:\/\/fts.you2.pl\/wp-content\/uploads\/2025\/09\/Photoroom_001_20250119_134413-1024x1024.png",1024,1024,true],"author_info":[],"comment_info":"","_links":{"self":[{"href":"https:\/\/fts.you2.pl\/en\/wp-json\/wp\/v2\/product\/2734","targetHints":{"allow":["GET"]}}],"collection":[{"href":"https:\/\/fts.you2.pl\/en\/wp-json\/wp\/v2\/product"}],"about":[{"href":"https:\/\/fts.you2.pl\/en\/wp-json\/wp\/v2\/types\/product"}],"wp:featuredmedia":[{"embeddable":true,"href":"https:\/\/fts.you2.pl\/en\/wp-json\/wp\/v2\/media\/11398"}],"wp:attachment":[{"href":"https:\/\/fts.you2.pl\/en\/wp-json\/wp\/v2\/media?parent=2734"}],"wp:term":[{"taxonomy":"product_brand","embeddable":true,"href":"https:\/\/fts.you2.pl\/en\/wp-json\/wp\/v2\/product_brand?post=2734"},{"taxonomy":"product_cat","embeddable":true,"href":"https:\/\/fts.you2.pl\/en\/wp-json\/wp\/v2\/product_cat?post=2734"},{"taxonomy":"product_tag","embeddable":true,"href":"https:\/\/fts.you2.pl\/en\/wp-json\/wp\/v2\/product_tag?post=2734"}],"curies":[{"name":"wp","href":"https:\/\/api.w.org\/{rel}","templated":true}]}}