{"id":2745,"date":"2025-02-13T17:11:51","date_gmt":"2025-02-13T16:11:51","guid":{"rendered":"https:\/\/fts.you2.pl\/index.php\/produkt\/player-issue-borussia-dortmund-2015-16-home-31-maruoka-s\/"},"modified":"2025-09-19T11:52:59","modified_gmt":"2025-09-19T09:52:59","slug":"player-issue-borussia-dortmund-2015-16-home-31-maruoka-s","status":"publish","type":"product","link":"https:\/\/fts.you2.pl\/en\/player-issue-borussia-dortmund-2015-16-home-31-maruoka-s\/","title":{"rendered":"PLAYER ISSUE Borussia Dortmund 2015\/16 Home 31 Maruoka [S]"},"content":{"rendered":"<p><strong>Klub:<\/strong> Borussia Dortmund<\/p>\n<p><strong>Sezon:<\/strong> 2015\/16 Home<\/p>\n<p><strong>Rozmiar: <\/strong>S<\/p>\n<p><strong>Stan:<\/strong> Dobry &#8211; nieznacznie uszkodzone cyfry na plecach oraz nieznaczna ilo\u015b\u0107 mikro zaci\u0105gni\u0119\u0107.<\/p>\n<p><strong>Wymiary (szeroko\u015b\u0107 pod pachami\/d\u0142ugo\u015b\u0107) w cm: <\/strong>49\/69<\/p>\n<p><strong>Dodatkowe informacje:<\/strong> Koszulka meczowa Mitsuru Maruoki, japo\u0144skiego pi\u0142karza, kt\u00f3ry dla seniorskiej dru\u017cyny Borussi zaliczy\u0142 jedynie jeden oficjalny mecz, w sezonie 2014\/15. Rozmiar koszulki pasuje wymiarom zawodnika, mo\u017cliwe \u017ce by\u0142a ona u\u017cywana przez niego w jednym z mecz\u00f3w przedsezonowych.<\/p>","protected":false},"excerpt":{"rendered":"<p>PLAYER ISSUE Borussia Dortmund 2015\/16 Home 31 Maruoka [S]<\/p>","protected":false},"featured_media":11490,"template":"","meta":{"_kad_blocks_custom_css":"","_kad_blocks_head_custom_js":"","_kad_blocks_body_custom_js":"","_kad_blocks_footer_custom_js":"","_kad_post_transparent":"","_kad_post_title":"","_kad_post_layout":"","_kad_post_sidebar_id":"","_kad_post_content_style":"","_kad_post_vertical_padding":"","_kad_post_feature":"","_kad_post_feature_position":"","_kad_post_header":false,"_kad_post_footer":false},"product_brand":[86],"product_cat":[65,31,46],"product_tag":[],"class_list":{"0":"post-2745","1":"product","2":"type-product","3":"status-publish","4":"has-post-thumbnail","6":"product_brand-puma","7":"product_cat-borussia-dortmund","8":"product_cat-kluby-europejskie","9":"product_cat-kluby-niemieckie","10":"pa_rozmiar-s","12":"first","13":"instock","14":"taxable","15":"shipping-taxable","16":"purchasable","17":"product-type-simple","18":"entry","19":"content-bg","20":"loop-entry"},"taxonomy_info":{"product_brand":[{"value":86,"label":"Puma"}],"product_cat":[{"value":65,"label":"Borussia Dortmund"},{"value":31,"label":"Kluby Europejskie"},{"value":46,"label":"Kluby Niemieckie"}],"pa_rozmiar":[{"value":19,"label":"S"}]},"featured_image_src_large":["https:\/\/fts.you2.pl\/wp-content\/uploads\/2025\/09\/Photoroom_053_20250207_200945-1024x1024.png",1024,1024,true],"author_info":[],"comment_info":"","_links":{"self":[{"href":"https:\/\/fts.you2.pl\/en\/wp-json\/wp\/v2\/product\/2745","targetHints":{"allow":["GET"]}}],"collection":[{"href":"https:\/\/fts.you2.pl\/en\/wp-json\/wp\/v2\/product"}],"about":[{"href":"https:\/\/fts.you2.pl\/en\/wp-json\/wp\/v2\/types\/product"}],"wp:featuredmedia":[{"embeddable":true,"href":"https:\/\/fts.you2.pl\/en\/wp-json\/wp\/v2\/media\/11490"}],"wp:attachment":[{"href":"https:\/\/fts.you2.pl\/en\/wp-json\/wp\/v2\/media?parent=2745"}],"wp:term":[{"taxonomy":"product_brand","embeddable":true,"href":"https:\/\/fts.you2.pl\/en\/wp-json\/wp\/v2\/product_brand?post=2745"},{"taxonomy":"product_cat","embeddable":true,"href":"https:\/\/fts.you2.pl\/en\/wp-json\/wp\/v2\/product_cat?post=2745"},{"taxonomy":"product_tag","embeddable":true,"href":"https:\/\/fts.you2.pl\/en\/wp-json\/wp\/v2\/product_tag?post=2745"}],"curies":[{"name":"wp","href":"https:\/\/api.w.org\/{rel}","templated":true}]}}