{"id":2799,"date":"2025-02-23T15:56:02","date_gmt":"2025-02-23T14:56:02","guid":{"rendered":"https:\/\/fts.you2.pl\/index.php\/produkt\/macclesfield-town-fc-2001-03-home-xs\/"},"modified":"2025-09-19T12:52:40","modified_gmt":"2025-09-19T10:52:40","slug":"macclesfield-town-fc-2001-03-home-xs","status":"publish","type":"product","link":"https:\/\/fts.you2.pl\/en\/macclesfield-town-fc-2001-03-home-xs\/","title":{"rendered":"Koszulka pi\u0142karska Macclesfield Town FC 2001\/03 Home [XS]"},"content":{"rendered":"<p><strong>Klub:<\/strong> Macclesfield Town FC<\/p>\n<p><strong>Sezon:<\/strong> 2001\/03 Home<\/p>\n<p><strong>Rozmiar: <\/strong>XS<\/p>\n<p><strong>Stan:<\/strong> Bardzo dobry &#8211; delikatnie sp\u0119kany nadruk na plecach oraz mikro zaci\u0105gni\u0119cie na r\u0119kawku.<\/p>\n<p><strong>Wymiary (szeroko\u015b\u0107 pod pachami\/d\u0142ugo\u015b\u0107) w cm: <\/strong>52\/65(prz\u00f3d), 70(ty\u0142)<\/p>","protected":false},"excerpt":{"rendered":"<p><strong data-start=\"0\" data-end=\"65\" data-is-only-node=\"\">Oryginalna koszulka domowa Macclesfield Town z lat 2001\u20132003.<\/strong><\/p>\n<p><br data-start=\"65\" data-end=\"68\" \/>Ta <strong data-start=\"71\" data-end=\"122\">oryginalna koszulka pi\u0142karska Macclesfield Town<\/strong> z lat <strong data-start=\"129\" data-end=\"142\">2001\u20132003<\/strong> to klasyczny model domowy, utrzymany w charakterystycznym <strong data-start=\"201\" data-end=\"223\">niebieskim kolorze<\/strong> z bia\u0142ymi i \u017c\u00f3\u0142tymi detalami. Wykonana z solidnych materia\u0142\u00f3w i ozdobiona herbem klubu oraz logo \u00f3wczesnego sponsora, stanowi rzadki i warto\u015bciowy egzemplarz dla fan\u00f3w <strong data-start=\"382\" data-end=\"403\">angielskiej pi\u0142ki<\/strong> oraz <strong data-start=\"409\" data-end=\"450\">kolekcjoner\u00f3w koszulek z ni\u017cszych lig<\/strong>. Idealna do kolekcji retro i dla sympatyk\u00f3w \u201eThe Silkmen\u201d.<\/p>","protected":false},"featured_media":11949,"template":"","meta":{"_kad_blocks_custom_css":"","_kad_blocks_head_custom_js":"","_kad_blocks_body_custom_js":"","_kad_blocks_footer_custom_js":"","_kad_post_transparent":"","_kad_post_title":"","_kad_post_layout":"","_kad_post_sidebar_id":"","_kad_post_content_style":"","_kad_post_vertical_padding":"","_kad_post_feature":"","_kad_post_feature_position":"","_kad_post_header":false,"_kad_post_footer":false},"product_brand":[444],"product_cat":[32,31,356,33],"product_tag":[],"class_list":{"0":"post-2799","1":"product","2":"type-product","3":"status-publish","4":"has-post-thumbnail","6":"product_brand-silkman-leisure","7":"product_cat-kluby-angielskie","8":"product_cat-kluby-europejskie","9":"product_cat-koszulki-mlodziezowe","10":"product_cat-pozostale-kluby-angielskie","11":"pa_rozmiar-xs","13":"first","14":"instock","15":"taxable","16":"shipping-taxable","17":"purchasable","18":"product-type-simple","19":"entry","20":"content-bg","21":"loop-entry"},"taxonomy_info":{"product_brand":[{"value":444,"label":"Silkman Leisure"}],"product_cat":[{"value":32,"label":"Kluby Angielskie"},{"value":31,"label":"Kluby Europejskie"},{"value":356,"label":"Koszulki M\u0142odzie\u017cowe"},{"value":33,"label":"Pozosta\u0142e kluby angielskie"}],"pa_rozmiar":[{"value":415,"label":"XS"}]},"featured_image_src_large":["https:\/\/fts.you2.pl\/wp-content\/uploads\/2025\/09\/Photoroom_086_20250221_224448-1024x1024.png",1024,1024,true],"author_info":[],"comment_info":"","_links":{"self":[{"href":"https:\/\/fts.you2.pl\/en\/wp-json\/wp\/v2\/product\/2799","targetHints":{"allow":["GET"]}}],"collection":[{"href":"https:\/\/fts.you2.pl\/en\/wp-json\/wp\/v2\/product"}],"about":[{"href":"https:\/\/fts.you2.pl\/en\/wp-json\/wp\/v2\/types\/product"}],"wp:featuredmedia":[{"embeddable":true,"href":"https:\/\/fts.you2.pl\/en\/wp-json\/wp\/v2\/media\/11949"}],"wp:attachment":[{"href":"https:\/\/fts.you2.pl\/en\/wp-json\/wp\/v2\/media?parent=2799"}],"wp:term":[{"taxonomy":"product_brand","embeddable":true,"href":"https:\/\/fts.you2.pl\/en\/wp-json\/wp\/v2\/product_brand?post=2799"},{"taxonomy":"product_cat","embeddable":true,"href":"https:\/\/fts.you2.pl\/en\/wp-json\/wp\/v2\/product_cat?post=2799"},{"taxonomy":"product_tag","embeddable":true,"href":"https:\/\/fts.you2.pl\/en\/wp-json\/wp\/v2\/product_tag?post=2799"}],"curies":[{"name":"wp","href":"https:\/\/api.w.org\/{rel}","templated":true}]}}