{"id":2817,"date":"2025-02-23T15:55:45","date_gmt":"2025-02-23T14:55:45","guid":{"rendered":"https:\/\/fts.you2.pl\/index.php\/produkt\/sample-wlochy-2016-17-away-xl\/"},"modified":"2025-09-19T13:11:22","modified_gmt":"2025-09-19T11:11:22","slug":"sample-wlochy-2016-17-away-xl","status":"publish","type":"product","link":"https:\/\/fts.you2.pl\/en\/sample-wlochy-2016-17-away-xl\/","title":{"rendered":"SAMPLE W\u0142ochy 2016\/17 Away [XL]"},"content":{"rendered":"<p><strong>Klub:<\/strong> W\u0142ochy<\/p>\n<p><strong>Sezon:<\/strong> 2016\/17 Away<\/p>\n<p><strong>Rozmiar: <\/strong>XL<\/p>\n<p><strong>Stan: <\/strong>Zadowalaj\u0105cy &#8211; wyra\u017ana plama w okolicach lewego ramienia, zar\u00f3wno z przodu jak i z ty\u0142u koszulki.<\/p>\n<p><strong>Wymiary (szeroko\u015b\u0107 pod pachami\/d\u0142ugo\u015b\u0107) w cm: <\/strong>58\/75<\/p>\n<p><strong>Dodatkowe informacje:<\/strong> Koszulka wyjazdowa z 2016 roku wydana w ho\u0142dzie wygranej Mistrzostwa \u015awiata w 2016 roku. Zadebiutowa\u0142a w meczu towarzyskim przeciwko Francji. Ten egzemplarz to wersja Sample, czyli prototyp.<\/p>\n<p class=\"iworks-omnibus\" data-iwo-version=\"3.0.3\" data-iwo-price=\"280\" data-iwo-timestamp=\"1739467092\" data-iwo-user_id=\"2252\" data-iwo-price_regular=\"350\" data-iwo-price_sale=\"280\" data-iwo-price_including_tax=\"280\" data-iwo-currency=\"PLN\" data-iwo-human=\"2025-02-13T18:18:12+01:00\" data-iwo-diff-in-days=\"10\" data-iwo-human_timestamp=\"2025-02-13T17:18:12+00:00\" data-iwo-days=\"30\" data-iwo-qty=\"1\" data-iwo-product_id=\"44538\">","protected":false},"excerpt":{"rendered":"<p>SAMPLE W\u0142ochy 2016\/17 Away [XL]<\/p>","protected":false},"featured_media":12093,"template":"","meta":{"_kad_blocks_custom_css":"","_kad_blocks_head_custom_js":"","_kad_blocks_body_custom_js":"","_kad_blocks_footer_custom_js":"","_kad_post_transparent":"","_kad_post_title":"","_kad_post_layout":"","_kad_post_sidebar_id":"","_kad_post_content_style":"","_kad_post_vertical_padding":"","_kad_post_feature":"","_kad_post_feature_position":"","_kad_post_header":false,"_kad_post_footer":false},"product_brand":[86],"product_cat":[23,22,190],"product_tag":[],"class_list":{"0":"post-2817","1":"product","2":"type-product","3":"status-publish","4":"has-post-thumbnail","6":"product_brand-puma","7":"product_cat-europa","8":"product_cat-reprezentacje","9":"product_cat-wlochy","10":"pa_rozmiar-xl","12":"first","13":"instock","14":"taxable","15":"shipping-taxable","16":"purchasable","17":"product-type-simple","18":"entry","19":"content-bg","20":"loop-entry"},"taxonomy_info":{"product_brand":[{"value":86,"label":"Puma"}],"product_cat":[{"value":23,"label":"Europa"},{"value":22,"label":"REPREZENTACJE"},{"value":190,"label":"W\u0142ochy"}],"pa_rozmiar":[{"value":57,"label":"XL"}]},"featured_image_src_large":["https:\/\/fts.you2.pl\/wp-content\/uploads\/2025\/09\/Photoroom_002_20250223_160125-1024x1024.png",1024,1024,true],"author_info":[],"comment_info":"","_links":{"self":[{"href":"https:\/\/fts.you2.pl\/en\/wp-json\/wp\/v2\/product\/2817","targetHints":{"allow":["GET"]}}],"collection":[{"href":"https:\/\/fts.you2.pl\/en\/wp-json\/wp\/v2\/product"}],"about":[{"href":"https:\/\/fts.you2.pl\/en\/wp-json\/wp\/v2\/types\/product"}],"wp:featuredmedia":[{"embeddable":true,"href":"https:\/\/fts.you2.pl\/en\/wp-json\/wp\/v2\/media\/12093"}],"wp:attachment":[{"href":"https:\/\/fts.you2.pl\/en\/wp-json\/wp\/v2\/media?parent=2817"}],"wp:term":[{"taxonomy":"product_brand","embeddable":true,"href":"https:\/\/fts.you2.pl\/en\/wp-json\/wp\/v2\/product_brand?post=2817"},{"taxonomy":"product_cat","embeddable":true,"href":"https:\/\/fts.you2.pl\/en\/wp-json\/wp\/v2\/product_cat?post=2817"},{"taxonomy":"product_tag","embeddable":true,"href":"https:\/\/fts.you2.pl\/en\/wp-json\/wp\/v2\/product_tag?post=2817"}],"curies":[{"name":"wp","href":"https:\/\/api.w.org\/{rel}","templated":true}]}}