{"id":2838,"date":"2025-03-09T16:56:20","date_gmt":"2025-03-09T15:56:20","guid":{"rendered":"https:\/\/fts.you2.pl\/index.php\/produkt\/bnwt-koszulka-treningowa-vicenza-calcio-2003-04-xxl\/"},"modified":"2025-09-19T13:34:20","modified_gmt":"2025-09-19T11:34:20","slug":"bnwt-koszulka-treningowa-vicenza-calcio-2003-04-xxl","status":"publish","type":"product","link":"https:\/\/fts.you2.pl\/en\/bnwt-koszulka-treningowa-vicenza-calcio-2003-04-xxl\/","title":{"rendered":"BNWT Koszulka treningowa Vicenza Calcio 2003\/04 [XXL]"},"content":{"rendered":"<p><strong>Klub:<\/strong> Vicenza Calcio<\/p>\n<p><strong>Sezon:<\/strong> 2003\/04<\/p>\n<p><strong>Rozmiar: <\/strong>XXL<\/p>\n<p><strong>Stan:<\/strong> BNWT &#8211; Koszulka nowa, z metkami, posiada jednak jedno mikro zaci\u0105gni\u0119cie.<\/p>\n<p><strong>Wymiary (szeroko\u015b\u0107 pod pachami\/d\u0142ugo\u015b\u0107) w cm: <\/strong>65\/78<\/p>","protected":false},"excerpt":{"rendered":"<p>BNWT Koszulka treningowa Vicenza Calcio 2003\/04 [XXL]<\/p>","protected":false},"featured_media":12275,"template":"","meta":{"_kad_blocks_custom_css":"","_kad_blocks_head_custom_js":"","_kad_blocks_body_custom_js":"","_kad_blocks_footer_custom_js":"","_kad_post_transparent":"","_kad_post_title":"","_kad_post_layout":"","_kad_post_sidebar_id":"","_kad_post_content_style":"","_kad_post_vertical_padding":"","_kad_post_feature":"","_kad_post_feature_position":"","_kad_post_header":false,"_kad_post_footer":false},"product_brand":[447],"product_cat":[25,31,117,26,152],"product_tag":[],"class_list":{"0":"post-2838","1":"product","2":"type-product","3":"status-publish","4":"has-post-thumbnail","6":"product_brand-biemme","7":"product_cat-inne","8":"product_cat-kluby-europejskie","9":"product_cat-kluby-wloskie","10":"product_cat-kurtki-bluzy-trening","11":"product_cat-pozostale-kluby-wloskie","12":"pa_rozmiar-xxl","14":"first","15":"instock","16":"taxable","17":"shipping-taxable","18":"purchasable","19":"product-type-simple","20":"entry","21":"content-bg","22":"loop-entry"},"taxonomy_info":{"product_brand":[{"value":447,"label":"Biemme"}],"product_cat":[{"value":25,"label":"Inne"},{"value":31,"label":"Kluby Europejskie"},{"value":117,"label":"Kluby W\u0142oskie"},{"value":26,"label":"Kurtki\/bluzy\/trening"},{"value":152,"label":"Pozosta\u0142e kluby w\u0142oskie"}],"pa_rozmiar":[{"value":71,"label":"XXL"}]},"featured_image_src_large":["https:\/\/fts.you2.pl\/wp-content\/uploads\/2025\/09\/Photoroom_054_20250309_120738-1024x1024.png",1024,1024,true],"author_info":[],"comment_info":"","_links":{"self":[{"href":"https:\/\/fts.you2.pl\/en\/wp-json\/wp\/v2\/product\/2838","targetHints":{"allow":["GET"]}}],"collection":[{"href":"https:\/\/fts.you2.pl\/en\/wp-json\/wp\/v2\/product"}],"about":[{"href":"https:\/\/fts.you2.pl\/en\/wp-json\/wp\/v2\/types\/product"}],"wp:featuredmedia":[{"embeddable":true,"href":"https:\/\/fts.you2.pl\/en\/wp-json\/wp\/v2\/media\/12275"}],"wp:attachment":[{"href":"https:\/\/fts.you2.pl\/en\/wp-json\/wp\/v2\/media?parent=2838"}],"wp:term":[{"taxonomy":"product_brand","embeddable":true,"href":"https:\/\/fts.you2.pl\/en\/wp-json\/wp\/v2\/product_brand?post=2838"},{"taxonomy":"product_cat","embeddable":true,"href":"https:\/\/fts.you2.pl\/en\/wp-json\/wp\/v2\/product_cat?post=2838"},{"taxonomy":"product_tag","embeddable":true,"href":"https:\/\/fts.you2.pl\/en\/wp-json\/wp\/v2\/product_tag?post=2838"}],"curies":[{"name":"wp","href":"https:\/\/api.w.org\/{rel}","templated":true}]}}