{"id":2889,"date":"2025-04-05T15:57:34","date_gmt":"2025-04-05T13:57:34","guid":{"rendered":"https:\/\/fts.you2.pl\/index.php\/produkt\/inter-mediolan-2021-22-third-yxl\/"},"modified":"2025-09-19T14:26:57","modified_gmt":"2025-09-19T12:26:57","slug":"inter-mediolan-2021-22-third-yxl","status":"publish","type":"product","link":"https:\/\/fts.you2.pl\/en\/inter-mediolan-2021-22-third-yxl\/","title":{"rendered":"Koszulka pi\u0142karska Inter Mediolan 2021\/22 Third [164 cm]"},"content":{"rendered":"<p><strong>Klub:<\/strong> Inter Mediolan<\/p>\n<p><strong>Sezon:<\/strong> 2021\/22 Third<\/p>\n<p><strong>Rozmiar: <\/strong>164 cm<\/p>\n<p><strong>Stan:<\/strong> Zadowalaj\u0105cy &#8211; znaczna ilo\u015b\u0107 mikro zaci\u0105gni\u0119\u0107 na ca\u0142ej powierzchni koszulki.<\/p>\n<p><strong>Wymiary (szeroko\u015b\u0107 pod pachami\/d\u0142ugo\u015b\u0107) w cm: <\/strong>47\/64<\/p>","protected":false},"excerpt":{"rendered":"<p data-start=\"0\" data-end=\"129\"><strong data-start=\"0\" data-end=\"129\">Oryginalna koszulka pi\u0142karska Inter Mediolan z sezonu 2021\/22 \u2013 trzeci komplet, produkcji Nike, rozmiar m\u0142odzie\u017cowy (164 cm).<\/strong><\/p>\n<p data-start=\"131\" data-end=\"698\">Ta <strong data-start=\"134\" data-end=\"183\">oryginalna koszulka pi\u0142karska Interu Mediolan<\/strong> z sezonu <strong data-start=\"193\" data-end=\"204\">2021\/22<\/strong> to oficjalny model trzeciego kompletu meczowego, wyprodukowany przez firm\u0119 <strong data-start=\"280\" data-end=\"288\">Nike<\/strong> w <strong data-start=\"291\" data-end=\"335\">rozmiarze m\u0142odzie\u017cowym na 164 cm wzrostu<\/strong>. To wyj\u0105tkowy projekt, kt\u00f3ry wyr\u00f3\u017cnia si\u0119 nowoczesnym i odwa\u017cnym designem \u2013 koszulka posiada <strong data-start=\"429\" data-end=\"444\">czarn\u0105 baz\u0119<\/strong>, na kt\u00f3rej umieszczono <strong data-start=\"468\" data-end=\"494\">kolorowe, sko\u015bne paski. <\/strong>Ten geometryczny wz\u00f3r nadaje ca\u0142o\u015bci dynamicznego i futurystycznego charakteru, idealnie wpisuj\u0105c si\u0119 w koncepcj\u0119 nowoczesnej identyfikacji wizualnej klubu.<\/p>\n<p data-start=\"700\" data-end=\"1076\">Na piersi znajduje si\u0119 <strong data-start=\"723\" data-end=\"769\">nowe, minimalistyczne logo Interu Mediolan<\/strong>, kt\u00f3re zosta\u0142o wprowadzone w sezonie 2021\/22, a obok niego umieszczono logo <strong data-start=\"846\" data-end=\"854\">Nike. <\/strong>Koszulka zosta\u0142a wykonana z lekkiego, przewiewnego materia\u0142u z technologi\u0105 <strong data-start=\"991\" data-end=\"1007\">Nike Dri-FIT<\/strong>, zapewniaj\u0105c\u0105 komfort noszenia zar\u00f3wno na boisku, jak i na co dzie\u0144.<\/p>\n<p data-start=\"1078\" data-end=\"1491\">Sezon 2021\/22 by\u0142 dla Interu czasem przej\u015bciowym po mistrzowskim triumfie z poprzedniego roku. Klub rywalizowa\u0142 w <strong data-start=\"1192\" data-end=\"1239\">Serie A, Pucharze W\u0142och oraz Lidze Mistrz\u00f3w<\/strong>, prezentuj\u0105c ofensywny futbol i kontynuuj\u0105c budow\u0119 nowoczesnej marki. Trzeci komplet meczowy, w kt\u00f3rym zesp\u00f3\u0142 wyst\u0119powa\u0142 m.in. w rozgrywkach europejskich, wzbudzi\u0142 du\u017ce zainteresowanie dzi\u0119ki swojej odwa\u017cnej estetyce i zerwaniu z tradycyjnym wygl\u0105dem.<\/p>\n<p data-start=\"1493\" data-end=\"1969\" data-is-last-node=\"\" data-is-only-node=\"\">To doskona\u0142a propozycja dla <strong data-start=\"1521\" data-end=\"1545\">m\u0142odych fan\u00f3w Interu<\/strong>, a tak\u017ce dla <strong data-start=\"1559\" data-end=\"1608\">kolekcjoner\u00f3w oryginalnych koszulek pi\u0142karskich <\/strong>o nietuzinkowym wygl\u0105dzie. Koszulka \u0142\u0105czy w sobie <strong data-start=\"1659\" data-end=\"1723\">nowoczesny styl, klubow\u0105 to\u017csamo\u015b\u0107 i wysoki komfort noszenia<\/strong> \u2013 stanowi \u015bwietny wyb\u00f3r zar\u00f3wno do gry, jak i jako element codziennej stylizacji dla pasjonat\u00f3w w\u0142oskiego futbolu. <strong data-start=\"1839\" data-end=\"1854\">Autentyczna<\/strong>, przyci\u0105gaj\u0105ca wzrok i pe\u0142na pi\u0142karskiego ducha \u2013 ta koszulka to prawdziwa gratka dla ka\u017cdego kibica <strong>Nerazzurrich.<\/strong><\/p>","protected":false},"featured_media":12678,"template":"","meta":{"_kad_blocks_custom_css":"","_kad_blocks_head_custom_js":"","_kad_blocks_body_custom_js":"","_kad_blocks_footer_custom_js":"","_kad_post_transparent":"","_kad_post_title":"","_kad_post_layout":"","_kad_post_sidebar_id":"","_kad_post_content_style":"","_kad_post_vertical_padding":"","_kad_post_feature":"","_kad_post_feature_position":"","_kad_post_header":false,"_kad_post_footer":false},"product_brand":[55],"product_cat":[347,31,117,356],"product_tag":[],"class_list":{"0":"post-2889","1":"product","2":"type-product","3":"status-publish","4":"has-post-thumbnail","6":"product_brand-nike","7":"product_cat-inter-mediolan","8":"product_cat-kluby-europejskie","9":"product_cat-kluby-wloskie","10":"product_cat-koszulki-mlodziezowe","11":"pa_rozmiar-164-cm","13":"first","14":"instock","15":"taxable","16":"shipping-taxable","17":"purchasable","18":"product-type-simple","19":"entry","20":"content-bg","21":"loop-entry"},"taxonomy_info":{"product_brand":[{"value":55,"label":"Nike"}],"product_cat":[{"value":347,"label":"Inter Mediolan"},{"value":31,"label":"Kluby Europejskie"},{"value":117,"label":"Kluby W\u0142oskie"},{"value":356,"label":"Koszulki M\u0142odzie\u017cowe"}],"pa_rozmiar":[{"value":403,"label":"164 cm"}]},"featured_image_src_large":["https:\/\/fts.you2.pl\/wp-content\/uploads\/2025\/09\/Photoroom_092_20250401_204322-1-1024x1024.png",1024,1024,true],"author_info":[],"comment_info":"","_links":{"self":[{"href":"https:\/\/fts.you2.pl\/en\/wp-json\/wp\/v2\/product\/2889","targetHints":{"allow":["GET"]}}],"collection":[{"href":"https:\/\/fts.you2.pl\/en\/wp-json\/wp\/v2\/product"}],"about":[{"href":"https:\/\/fts.you2.pl\/en\/wp-json\/wp\/v2\/types\/product"}],"wp:featuredmedia":[{"embeddable":true,"href":"https:\/\/fts.you2.pl\/en\/wp-json\/wp\/v2\/media\/12678"}],"wp:attachment":[{"href":"https:\/\/fts.you2.pl\/en\/wp-json\/wp\/v2\/media?parent=2889"}],"wp:term":[{"taxonomy":"product_brand","embeddable":true,"href":"https:\/\/fts.you2.pl\/en\/wp-json\/wp\/v2\/product_brand?post=2889"},{"taxonomy":"product_cat","embeddable":true,"href":"https:\/\/fts.you2.pl\/en\/wp-json\/wp\/v2\/product_cat?post=2889"},{"taxonomy":"product_tag","embeddable":true,"href":"https:\/\/fts.you2.pl\/en\/wp-json\/wp\/v2\/product_tag?post=2889"}],"curies":[{"name":"wp","href":"https:\/\/api.w.org\/{rel}","templated":true}]}}