{"id":2893,"date":"2025-04-05T15:57:31","date_gmt":"2025-04-05T13:57:31","guid":{"rendered":"https:\/\/fts.you2.pl\/index.php\/produkt\/template-koszulka-sedziowska-1998-99-xl\/"},"modified":"2025-09-19T14:31:50","modified_gmt":"2025-09-19T12:31:50","slug":"template-koszulka-sedziowska-1998-99-xl","status":"publish","type":"product","link":"https:\/\/fts.you2.pl\/en\/template-koszulka-sedziowska-1998-99-xl\/","title":{"rendered":"TEMPLATE Koszulka s\u0119dziowska 1998\/99 [XL]"},"content":{"rendered":"<p><strong>Klub:<\/strong> Koszulka s\u0119dziowska<\/p>\n<p><strong>Sezon:<\/strong> 1998\/99<\/p>\n<p><strong>Rozmiar: <\/strong>XL<\/p>\n<p><strong>Stan:<\/strong> Bardzo dobry &#8211; jedno mikro zaci\u0105gni\u0119cie.<\/p>\n<p><strong>Wymiary (szeroko\u015b\u0107 pod pachami\/d\u0142ugo\u015b\u0107) w cm: <\/strong>63\/70(prz\u00f3d), 78(ty\u0142)<\/p>","protected":false},"excerpt":{"rendered":"<p>TEMPLATE Koszulka s\u0119dziowska 1998\/99 [XL]<\/p>","protected":false},"featured_media":12712,"template":"","meta":{"_kad_blocks_custom_css":"","_kad_blocks_head_custom_js":"","_kad_blocks_body_custom_js":"","_kad_blocks_footer_custom_js":"","_kad_post_transparent":"","_kad_post_title":"","_kad_post_layout":"","_kad_post_sidebar_id":"","_kad_post_content_style":"","_kad_post_vertical_padding":"","_kad_post_feature":"","_kad_post_feature_position":"","_kad_post_header":false,"_kad_post_footer":false},"product_brand":[45],"product_cat":[25,176],"product_tag":[],"class_list":{"0":"post-2893","1":"product","2":"type-product","3":"status-publish","4":"has-post-thumbnail","6":"product_brand-adidas","7":"product_cat-inne","8":"product_cat-koszulki-sedziowskie","9":"pa_rozmiar-xl","11":"first","12":"instock","13":"taxable","14":"shipping-taxable","15":"purchasable","16":"product-type-simple","17":"entry","18":"content-bg","19":"loop-entry"},"taxonomy_info":{"product_brand":[{"value":45,"label":"Adidas"}],"product_cat":[{"value":25,"label":"Inne"},{"value":176,"label":"Koszulki s\u0119dziowskie"}],"pa_rozmiar":[{"value":57,"label":"XL"}]},"featured_image_src_large":["https:\/\/fts.you2.pl\/wp-content\/uploads\/2025\/09\/Photoroom_004_20250401_204322-1024x1024.png",1024,1024,true],"author_info":[],"comment_info":"","_links":{"self":[{"href":"https:\/\/fts.you2.pl\/en\/wp-json\/wp\/v2\/product\/2893","targetHints":{"allow":["GET"]}}],"collection":[{"href":"https:\/\/fts.you2.pl\/en\/wp-json\/wp\/v2\/product"}],"about":[{"href":"https:\/\/fts.you2.pl\/en\/wp-json\/wp\/v2\/types\/product"}],"wp:featuredmedia":[{"embeddable":true,"href":"https:\/\/fts.you2.pl\/en\/wp-json\/wp\/v2\/media\/12712"}],"wp:attachment":[{"href":"https:\/\/fts.you2.pl\/en\/wp-json\/wp\/v2\/media?parent=2893"}],"wp:term":[{"taxonomy":"product_brand","embeddable":true,"href":"https:\/\/fts.you2.pl\/en\/wp-json\/wp\/v2\/product_brand?post=2893"},{"taxonomy":"product_cat","embeddable":true,"href":"https:\/\/fts.you2.pl\/en\/wp-json\/wp\/v2\/product_cat?post=2893"},{"taxonomy":"product_tag","embeddable":true,"href":"https:\/\/fts.you2.pl\/en\/wp-json\/wp\/v2\/product_tag?post=2893"}],"curies":[{"name":"wp","href":"https:\/\/api.w.org\/{rel}","templated":true}]}}