{"id":2903,"date":"2025-04-05T15:57:37","date_gmt":"2025-04-05T13:57:37","guid":{"rendered":"https:\/\/fts.you2.pl\/index.php\/produkt\/werder-brema-2007-08-away-2-boenisch-xxl\/"},"modified":"2025-09-19T14:43:44","modified_gmt":"2025-09-19T12:43:44","slug":"werder-brema-2007-08-away-2-boenisch-xxl","status":"publish","type":"product","link":"https:\/\/fts.you2.pl\/en\/werder-brema-2007-08-away-2-boenisch-xxl\/","title":{"rendered":"Werder Brema 2007\/08 Away 2 Boenisch [XXL]"},"content":{"rendered":"<p><strong>Klub:<\/strong> Werder Brema<\/p>\n<p><strong>Sezon:<\/strong> 2007\/08 Away<\/p>\n<p><strong>Rozmiar: <\/strong>XXL<\/p>\n<p><strong>Stan:<\/strong> Bardzo dobry &#8211; nieznacznie pop\u0119kana cyfra na plecach.<\/p>\n<p><strong>Wymiary (szeroko\u015b\u0107 pod pachami\/d\u0142ugo\u015b\u0107) w cm: <\/strong>60\/73<\/p>","protected":false},"excerpt":{"rendered":"<p>Werder Brema 2007\/08 Away 2 Boenisch [XXL]<\/p>","protected":false},"featured_media":12806,"template":"","meta":{"_kad_blocks_custom_css":"","_kad_blocks_head_custom_js":"","_kad_blocks_body_custom_js":"","_kad_blocks_footer_custom_js":"","_kad_post_transparent":"","_kad_post_title":"","_kad_post_layout":"","_kad_post_sidebar_id":"","_kad_post_content_style":"","_kad_post_vertical_padding":"","_kad_post_feature":"","_kad_post_feature_position":"","_kad_post_header":false,"_kad_post_footer":false},"product_brand":[35],"product_cat":[31,46,298,183],"product_tag":[],"class_list":{"0":"post-2903","1":"product","2":"type-product","3":"status-publish","4":"has-post-thumbnail","6":"product_brand-kappa","7":"product_cat-kluby-europejskie","8":"product_cat-kluby-niemieckie","9":"product_cat-polscy-pilkarze","10":"product_cat-werder-brema","11":"pa_rozmiar-xxl","13":"first","14":"instock","15":"taxable","16":"shipping-taxable","17":"purchasable","18":"product-type-simple","19":"entry","20":"content-bg","21":"loop-entry"},"taxonomy_info":{"product_brand":[{"value":35,"label":"Kappa"}],"product_cat":[{"value":31,"label":"Kluby Europejskie"},{"value":46,"label":"Kluby Niemieckie"},{"value":298,"label":"POLSCY PI\u0141KARZE"},{"value":183,"label":"Werder Brema"}],"pa_rozmiar":[{"value":71,"label":"XXL"}]},"featured_image_src_large":["https:\/\/fts.you2.pl\/wp-content\/uploads\/2025\/09\/Photoroom_055_20250401_204322-1024x1024.png",1024,1024,true],"author_info":[],"comment_info":"","_links":{"self":[{"href":"https:\/\/fts.you2.pl\/en\/wp-json\/wp\/v2\/product\/2903","targetHints":{"allow":["GET"]}}],"collection":[{"href":"https:\/\/fts.you2.pl\/en\/wp-json\/wp\/v2\/product"}],"about":[{"href":"https:\/\/fts.you2.pl\/en\/wp-json\/wp\/v2\/types\/product"}],"wp:featuredmedia":[{"embeddable":true,"href":"https:\/\/fts.you2.pl\/en\/wp-json\/wp\/v2\/media\/12806"}],"wp:attachment":[{"href":"https:\/\/fts.you2.pl\/en\/wp-json\/wp\/v2\/media?parent=2903"}],"wp:term":[{"taxonomy":"product_brand","embeddable":true,"href":"https:\/\/fts.you2.pl\/en\/wp-json\/wp\/v2\/product_brand?post=2903"},{"taxonomy":"product_cat","embeddable":true,"href":"https:\/\/fts.you2.pl\/en\/wp-json\/wp\/v2\/product_cat?post=2903"},{"taxonomy":"product_tag","embeddable":true,"href":"https:\/\/fts.you2.pl\/en\/wp-json\/wp\/v2\/product_tag?post=2903"}],"curies":[{"name":"wp","href":"https:\/\/api.w.org\/{rel}","templated":true}]}}