{"id":2908,"date":"2025-04-13T16:04:20","date_gmt":"2025-04-13T14:04:20","guid":{"rendered":"https:\/\/fts.you2.pl\/index.php\/produkt\/match-issue-borussia-dortmund-2015-16-home-2-stankovic-l\/"},"modified":"2025-09-19T14:49:13","modified_gmt":"2025-09-19T12:49:13","slug":"match-issue-borussia-dortmund-2015-16-home-2-stankovic-l","status":"publish","type":"product","link":"https:\/\/fts.you2.pl\/en\/match-issue-borussia-dortmund-2015-16-home-2-stankovic-l\/","title":{"rendered":"MATCH ISSUE Borussia Dortmund 2015\/16 Home 2 Stankovic [L]"},"content":{"rendered":"<p><strong>Klub:<\/strong> Borussia Dortmund<\/p>\n<p><strong>Sezon:<\/strong> 2015\/16 Home<\/p>\n<p><strong>Rozmiar: <\/strong>L<\/p>\n<p><strong>Stan:<\/strong> Bardzo dobry &#8211; jedna mikro plamka na froncie.<\/p>\n<p><strong>Wymiary (szeroko\u015b\u0107 pod pachami\/d\u0142ugo\u015b\u0107) w cm: <\/strong>52\/72<\/p>\n<p>Dodatkowe informacje: Koszulka meczowa s\u0142owe\u0144skiego obro\u0144cy, Jona Stankovi\u0107a, kt\u00f3ry nie zaliczy\u0142 oficjalnego wyst\u0119pu dla pierwszej dru\u017cyny Borussi Dortmund. Jest to koszulka prawdopodobnie przygotowana, b\u0105d\u017a u\u017cywana przez niego w jednym z mecz\u00f3w przedsezonowych.<\/p>","protected":false},"excerpt":{"rendered":"<p>MATCH ISSUE Borussia Dortmund 2015\/16 Home 2 Stankovic [L]<\/p>","protected":false},"featured_media":12846,"template":"","meta":{"_kad_blocks_custom_css":"","_kad_blocks_head_custom_js":"","_kad_blocks_body_custom_js":"","_kad_blocks_footer_custom_js":"","_kad_post_transparent":"","_kad_post_title":"","_kad_post_layout":"","_kad_post_sidebar_id":"","_kad_post_content_style":"","_kad_post_vertical_padding":"","_kad_post_feature":"","_kad_post_feature_position":"","_kad_post_header":false,"_kad_post_footer":false},"product_brand":[86],"product_cat":[65,31,46,173],"product_tag":[],"class_list":{"0":"post-2908","1":"product","2":"type-product","3":"status-publish","4":"has-post-thumbnail","6":"product_brand-puma","7":"product_cat-borussia-dortmund","8":"product_cat-kluby-europejskie","9":"product_cat-kluby-niemieckie","10":"product_cat-match-worn-issue","11":"pa_rozmiar-l","13":"first","14":"instock","15":"taxable","16":"shipping-taxable","17":"purchasable","18":"product-type-simple","19":"entry","20":"content-bg","21":"loop-entry"},"taxonomy_info":{"product_brand":[{"value":86,"label":"Puma"}],"product_cat":[{"value":65,"label":"Borussia Dortmund"},{"value":31,"label":"Kluby Europejskie"},{"value":46,"label":"Kluby Niemieckie"},{"value":173,"label":"MATCH WORN &amp; ISSUE"}],"pa_rozmiar":[{"value":39,"label":"L"}]},"featured_image_src_large":["https:\/\/fts.you2.pl\/wp-content\/uploads\/2025\/09\/Photoroom_005_20250412_182930-1024x1024.png",1024,1024,true],"author_info":[],"comment_info":"","_links":{"self":[{"href":"https:\/\/fts.you2.pl\/en\/wp-json\/wp\/v2\/product\/2908","targetHints":{"allow":["GET"]}}],"collection":[{"href":"https:\/\/fts.you2.pl\/en\/wp-json\/wp\/v2\/product"}],"about":[{"href":"https:\/\/fts.you2.pl\/en\/wp-json\/wp\/v2\/types\/product"}],"wp:featuredmedia":[{"embeddable":true,"href":"https:\/\/fts.you2.pl\/en\/wp-json\/wp\/v2\/media\/12846"}],"wp:attachment":[{"href":"https:\/\/fts.you2.pl\/en\/wp-json\/wp\/v2\/media?parent=2908"}],"wp:term":[{"taxonomy":"product_brand","embeddable":true,"href":"https:\/\/fts.you2.pl\/en\/wp-json\/wp\/v2\/product_brand?post=2908"},{"taxonomy":"product_cat","embeddable":true,"href":"https:\/\/fts.you2.pl\/en\/wp-json\/wp\/v2\/product_cat?post=2908"},{"taxonomy":"product_tag","embeddable":true,"href":"https:\/\/fts.you2.pl\/en\/wp-json\/wp\/v2\/product_tag?post=2908"}],"curies":[{"name":"wp","href":"https:\/\/api.w.org\/{rel}","templated":true}]}}