{"id":2913,"date":"2025-04-13T16:04:25","date_gmt":"2025-04-13T14:04:25","guid":{"rendered":"https:\/\/fts.you2.pl\/index.php\/produkt\/player-issue-dania-2008-10-home-xl\/"},"modified":"2025-09-19T14:54:53","modified_gmt":"2025-09-19T12:54:53","slug":"player-issue-dania-2008-10-home-xl","status":"publish","type":"product","link":"https:\/\/fts.you2.pl\/en\/player-issue-dania-2008-10-home-xl\/","title":{"rendered":"Koszulka pi\u0142karska PLAYER ISSUE Dania 2008\/10 Home [XL]"},"content":{"rendered":"<p><strong>Klub:<\/strong> Dania<\/p>\n<p><strong>Sezon:<\/strong> 2008\/10 Home<\/p>\n<p><strong>Rozmiar: <\/strong>XL<\/p>\n<p><strong>Stan:<\/strong> Bardzo dobry &#8211; starty napis 'Formotion&#8217;.<\/p>\n<p><strong>Wymiary (szeroko\u015b\u0107 pod pachami\/d\u0142ugo\u015b\u0107) w cm: <\/strong>58\/76<\/p>","protected":false},"excerpt":{"rendered":"<p data-start=\"0\" data-end=\"92\"><strong data-start=\"0\" data-end=\"90\">Oryginalna koszulka pi\u0142karska reprezentacji Danii z lat 2008\u20132010 \u2013 produkcji Adidasa.<\/strong><\/p>\n<p data-start=\"94\" data-end=\"597\">Ta <strong data-start=\"97\" data-end=\"163\">oryginalna domowa koszulka reprezentacji Danii z lat 2008\u20132010<\/strong>, wyprodukowana przez <strong data-start=\"185\" data-end=\"196\">Adidasa<\/strong>, to wyj\u0105tkowy model w <strong data-start=\"219\" data-end=\"248\">wersji meczowej Formotion<\/strong>, przeznaczonej dla zawodnik\u00f3w. Utrzymana w klasycznym dla Du\u0144czyk\u00f3w <strong data-start=\"317\" data-end=\"338\">czerwonym kolorze<\/strong>, wyr\u00f3\u017cnia si\u0119 eleganckim designem z bia\u0142ymi detalami \u2013 charakterystycznymi <strong data-start=\"414\" data-end=\"453\">trzema paskami Adidasa na ramionach i r\u0119kawach<\/strong> oraz subtelnym ko\u0142nierzykiem. Egzemplarz ten posiada <strong data-start=\"507\" data-end=\"522\">d\u0142ugi r\u0119kaw<\/strong>, co czyni go jeszcze bardziej unikatowym i cenionym w\u015br\u00f3d kolekcjoner\u00f3w.<\/p>\n<p data-start=\"599\" data-end=\"973\">Na piersi znalaz\u0142y si\u0119: <strong data-start=\"623\" data-end=\"658\">herb Dansk Boldspil-Union (DBU)<\/strong>, logo <strong data-start=\"665\" data-end=\"676\">Adidasa<\/strong> oraz znak autentyczno\u015bci wersji meczowej Formotion, kt\u00f3ra charakteryzuje si\u0119 <strong data-start=\"754\" data-end=\"848\">dopasowanym krojem, elastycznymi panelami i zaawansowan\u0105 technologi\u0105 odprowadzania wilgoci<\/strong>. Dzi\u0119ki temu koszulka zapewnia\u0142a zawodnikom <strong data-start=\"893\" data-end=\"935\">lekko\u015b\u0107, wygod\u0119 i pe\u0142n\u0105 swobod\u0119 ruch\u00f3w<\/strong> podczas gry na najwy\u017cszym poziomie.<\/p>\n<p data-start=\"975\" data-end=\"1409\">Okres <strong data-start=\"981\" data-end=\"994\">2008\u20132010<\/strong> to czas, w kt\u00f3rym reprezentacja Danii rywalizowa\u0142a w eliminacjach do <strong data-start=\"1064\" data-end=\"1096\">Mistrzostw \u015awiata 2010 w RPA<\/strong>. Pod wodz\u0105 trenera <strong data-start=\"1116\" data-end=\"1134\">Mortena Olsena<\/strong>, Du\u0144czycy w \u015bwietnym stylu wygrali swoj\u0105 grup\u0119 eliminacyjn\u0105, pokonuj\u0105c m.in. Portugali\u0119, i awansowali na mundial. W tamtym czasie w dru\u017cynie grali m.in. <strong data-start=\"1288\" data-end=\"1381\">Daniel Agger, Jon Dahl Tomasson, Nicklas Bendtner, Thomas S\u00f8rensen oraz Christian Poulsen<\/strong>, b\u0119d\u0105cy filarami zespo\u0142u.<\/p>\n<p data-start=\"1411\" data-end=\"1640\">Ta koszulka to prawdziwa gratka dla <strong data-start=\"1447\" data-end=\"1508\">kolekcjoner\u00f3w oryginalnych meczowych koszulek pi\u0142karskich<\/strong> oraz fan\u00f3w du\u0144skiego futbolu, kt\u00f3rzy chc\u0105 posiada\u0107 autentyczny element historii reprezentacji z ko\u0144ca pierwszej dekady XXI wieku.<\/p>","protected":false},"featured_media":12886,"template":"","meta":{"_kad_blocks_custom_css":"","_kad_blocks_head_custom_js":"","_kad_blocks_body_custom_js":"","_kad_blocks_footer_custom_js":"","_kad_post_transparent":"","_kad_post_title":"","_kad_post_layout":"","_kad_post_sidebar_id":"","_kad_post_content_style":"","_kad_post_vertical_padding":"","_kad_post_feature":"","_kad_post_feature_position":"","_kad_post_header":false,"_kad_post_footer":false},"product_brand":[45],"product_cat":[23,114,22],"product_tag":[],"class_list":{"0":"post-2913","1":"product","2":"type-product","3":"status-publish","4":"has-post-thumbnail","6":"product_brand-adidas","7":"product_cat-europa","8":"product_cat-pozostale","9":"product_cat-reprezentacje","10":"pa_rozmiar-xl","12":"first","13":"instock","14":"taxable","15":"shipping-taxable","16":"purchasable","17":"product-type-simple","18":"entry","19":"content-bg","20":"loop-entry"},"taxonomy_info":{"product_brand":[{"value":45,"label":"Adidas"}],"product_cat":[{"value":23,"label":"Europa"},{"value":114,"label":"Pozosta\u0142e"},{"value":22,"label":"REPREZENTACJE"}],"pa_rozmiar":[{"value":57,"label":"XL"}]},"featured_image_src_large":["https:\/\/fts.you2.pl\/wp-content\/uploads\/2025\/09\/Photoroom_110_20250412_182930-1024x1024.png",1024,1024,true],"author_info":[],"comment_info":"","_links":{"self":[{"href":"https:\/\/fts.you2.pl\/en\/wp-json\/wp\/v2\/product\/2913","targetHints":{"allow":["GET"]}}],"collection":[{"href":"https:\/\/fts.you2.pl\/en\/wp-json\/wp\/v2\/product"}],"about":[{"href":"https:\/\/fts.you2.pl\/en\/wp-json\/wp\/v2\/types\/product"}],"wp:featuredmedia":[{"embeddable":true,"href":"https:\/\/fts.you2.pl\/en\/wp-json\/wp\/v2\/media\/12886"}],"wp:attachment":[{"href":"https:\/\/fts.you2.pl\/en\/wp-json\/wp\/v2\/media?parent=2913"}],"wp:term":[{"taxonomy":"product_brand","embeddable":true,"href":"https:\/\/fts.you2.pl\/en\/wp-json\/wp\/v2\/product_brand?post=2913"},{"taxonomy":"product_cat","embeddable":true,"href":"https:\/\/fts.you2.pl\/en\/wp-json\/wp\/v2\/product_cat?post=2913"},{"taxonomy":"product_tag","embeddable":true,"href":"https:\/\/fts.you2.pl\/en\/wp-json\/wp\/v2\/product_tag?post=2913"}],"curies":[{"name":"wp","href":"https:\/\/api.w.org\/{rel}","templated":true}]}}