{"id":2916,"date":"2025-04-13T16:04:29","date_gmt":"2025-04-13T14:04:29","guid":{"rendered":"https:\/\/fts.you2.pl\/index.php\/produkt\/fc-bayern-monachium-2005-07-home-xxl-2\/"},"modified":"2025-09-19T14:58:32","modified_gmt":"2025-09-19T12:58:32","slug":"fc-bayern-monachium-2005-07-home-xxl-2","status":"publish","type":"product","link":"https:\/\/fts.you2.pl\/en\/fc-bayern-monachium-2005-07-home-xxl-2\/","title":{"rendered":"Koszulka pi\u0142karska FC Bayern Monachium 2005\/07 Home [XXL]"},"content":{"rendered":"<p><strong>Klub:<\/strong> FC Bayern Monachium<\/p>\n<p><strong>Sezon:<\/strong> 2005\/07 Home<\/p>\n<p><strong>Rozmiar: <\/strong>XXL<\/p>\n<p><strong>Stan:<\/strong> Dobry &#8211; uszkodzony nadruk sponsora na froncie.<\/p>\n<p><strong>Wymiary (szeroko\u015b\u0107 pod pachami\/d\u0142ugo\u015b\u0107) w cm: <\/strong>63\/78<\/p>","protected":false},"excerpt":{"rendered":"<p data-start=\"0\" data-end=\"89\"><strong data-start=\"0\" data-end=\"87\">Oryginalna koszulka pi\u0142karska Bayern Monachium z lat 2005\u20132007 \u2013 produkcji Adidasa.<\/strong><\/p>\n<p data-start=\"91\" data-end=\"511\">Ta <strong data-start=\"94\" data-end=\"158\">oryginalna domowa koszulka Bayernu Monachium z lat 2005\u20132007<\/strong>, wyprodukowana przez <strong data-start=\"180\" data-end=\"191\">Adidasa<\/strong>, to klasyczny model utrzymany w pe\u0142ni <strong data-start=\"230\" data-end=\"255\">czerwonej kolorystyce<\/strong>, charakterystycznej dla \u201eDie Roten\u201d. Wyr\u00f3\u017cnia si\u0119 prostym i eleganckim designem \u2013 z <strong data-start=\"340\" data-end=\"364\">bia\u0142ym ko\u0142nierzykiem<\/strong> oraz brakiem charakterystycznych pask\u00f3w Adidasa na r\u0119kawkach, co czyni j\u0105 minimalistyczn\u0105 i wyj\u0105tkow\u0105 na tle innych projekt\u00f3w bawarskiego klubu.<\/p>\n<p data-start=\"513\" data-end=\"852\">Na froncie koszulki znalaz\u0142 si\u0119 znak sponsora <strong data-start=\"559\" data-end=\"568\">T-Com<\/strong>, logo <strong data-start=\"575\" data-end=\"586\">Adidasa<\/strong> oraz <strong data-start=\"592\" data-end=\"618\">herb Bayernu Monachium<\/strong> z trzema gwiazdkami symbolizuj\u0105cymi mistrzowskie tytu\u0142y. Model zosta\u0142 wykonany w technologii <strong data-start=\"714\" data-end=\"734\">Adidas ClimaCool<\/strong>, co zapewnia\u0142o zawodnikom <strong data-start=\"761\" data-end=\"795\">lekko\u015b\u0107, oddychalno\u015b\u0107 i wygod\u0119<\/strong> podczas gry w Bundeslidze oraz europejskich pucharach.<\/p>\n<p data-start=\"854\" data-end=\"1241\">Okres <strong data-start=\"860\" data-end=\"873\">2005\u20132007<\/strong> to czas dominacji Bayernu w Niemczech pod wodz\u0105 <strong data-start=\"922\" data-end=\"940\">Felixa Magatha<\/strong>. Klub zdoby\u0142 w\u00f3wczas <strong data-start=\"962\" data-end=\"1020\">mistrzostwo Niemiec i Puchar Niemiec w sezonie 2005\/06<\/strong>, si\u0119gaj\u0105c po kolejny dublet w swojej historii. W dru\u017cynie wyst\u0119powali wtedy m.in. <strong data-start=\"1103\" data-end=\"1206\">Michael Ballack, Roy Makaay, Bastian Schweinsteiger, Oliver Kahn, Claudio Pizarro oraz Philipp Lahm<\/strong>, kt\u00f3rzy stanowili trzon zespo\u0142u.<\/p>\n<p data-start=\"1243\" data-end=\"1505\">Ta koszulka to doskona\u0142a propozycja dla <strong data-start=\"1283\" data-end=\"1334\">kolekcjoner\u00f3w oryginalnych koszulek pi\u0142karskich<\/strong> oraz wiernych <strong data-start=\"1349\" data-end=\"1366\">fan\u00f3w Bayernu<\/strong>, kt\u00f3rzy chc\u0105 posiada\u0107 pami\u0105tk\u0119 z ery, gdy klub kontynuowa\u0142 swoj\u0105 dominacj\u0119 na krajowym podw\u00f3rku i rywalizowa\u0142 na arenie mi\u0119dzynarodowej.<\/p>","protected":false},"featured_media":12910,"template":"","meta":{"_kad_blocks_custom_css":"","_kad_blocks_head_custom_js":"","_kad_blocks_body_custom_js":"","_kad_blocks_footer_custom_js":"","_kad_post_transparent":"","_kad_post_title":"","_kad_post_layout":"","_kad_post_sidebar_id":"","_kad_post_content_style":"","_kad_post_vertical_padding":"","_kad_post_feature":"","_kad_post_feature_position":"","_kad_post_header":false,"_kad_post_footer":false},"product_brand":[45],"product_cat":[100,31,46],"product_tag":[],"class_list":{"0":"post-2916","1":"product","2":"type-product","3":"status-publish","4":"has-post-thumbnail","6":"product_brand-adidas","7":"product_cat-fc-bayern-monachium","8":"product_cat-kluby-europejskie","9":"product_cat-kluby-niemieckie","10":"pa_rozmiar-xxl","12":"first","13":"instock","14":"taxable","15":"shipping-taxable","16":"purchasable","17":"product-type-simple","18":"entry","19":"content-bg","20":"loop-entry"},"taxonomy_info":{"product_brand":[{"value":45,"label":"Adidas"}],"product_cat":[{"value":100,"label":"FC Bayern Monachium"},{"value":31,"label":"Kluby Europejskie"},{"value":46,"label":"Kluby Niemieckie"}],"pa_rozmiar":[{"value":71,"label":"XXL"}]},"featured_image_src_large":["https:\/\/fts.you2.pl\/wp-content\/uploads\/2025\/09\/Photoroom_060_20250412_182930-1024x1024.png",1024,1024,true],"author_info":[],"comment_info":"","_links":{"self":[{"href":"https:\/\/fts.you2.pl\/en\/wp-json\/wp\/v2\/product\/2916","targetHints":{"allow":["GET"]}}],"collection":[{"href":"https:\/\/fts.you2.pl\/en\/wp-json\/wp\/v2\/product"}],"about":[{"href":"https:\/\/fts.you2.pl\/en\/wp-json\/wp\/v2\/types\/product"}],"wp:featuredmedia":[{"embeddable":true,"href":"https:\/\/fts.you2.pl\/en\/wp-json\/wp\/v2\/media\/12910"}],"wp:attachment":[{"href":"https:\/\/fts.you2.pl\/en\/wp-json\/wp\/v2\/media?parent=2916"}],"wp:term":[{"taxonomy":"product_brand","embeddable":true,"href":"https:\/\/fts.you2.pl\/en\/wp-json\/wp\/v2\/product_brand?post=2916"},{"taxonomy":"product_cat","embeddable":true,"href":"https:\/\/fts.you2.pl\/en\/wp-json\/wp\/v2\/product_cat?post=2916"},{"taxonomy":"product_tag","embeddable":true,"href":"https:\/\/fts.you2.pl\/en\/wp-json\/wp\/v2\/product_tag?post=2916"}],"curies":[{"name":"wp","href":"https:\/\/api.w.org\/{rel}","templated":true}]}}