{"id":2917,"date":"2025-04-13T16:04:31","date_gmt":"2025-04-13T14:04:31","guid":{"rendered":"https:\/\/fts.you2.pl\/index.php\/produkt\/fc-bayern-monachium-2015-16-home-s\/"},"modified":"2025-09-19T14:59:43","modified_gmt":"2025-09-19T12:59:43","slug":"fc-bayern-monachium-2015-16-home-s","status":"publish","type":"product","link":"https:\/\/fts.you2.pl\/en\/fc-bayern-monachium-2015-16-home-s\/","title":{"rendered":"Koszulka pi\u0142karska FC Bayern Monachium 2015\/16 Home [S]"},"content":{"rendered":"<p><strong>Klub:<\/strong> FC Bayern Monachium<\/p>\n<p><strong>Sezon:<\/strong> 2015\/16 Home<\/p>\n<p><strong>Rozmiar: <\/strong>S<\/p>\n<p><strong>Stan:<\/strong> Doskona\u0142y<\/p>\n<p><strong>Wymiary (szeroko\u015b\u0107 pod pachami\/d\u0142ugo\u015b\u0107) w cm: <\/strong>46\/71<\/p>","protected":false},"excerpt":{"rendered":"<p data-start=\"0\" data-end=\"90\"><strong data-start=\"0\" data-end=\"88\">Oryginalna koszulka pi\u0142karska Bayern Monachium z sezonu 2015\/16 \u2013 produkcji Adidasa.<\/strong><\/p>\n<p data-start=\"92\" data-end=\"593\">Ta <strong data-start=\"95\" data-end=\"160\">oryginalna domowa koszulka Bayernu Monachium z sezonu 2015\/16<\/strong>, wyprodukowana przez <strong data-start=\"182\" data-end=\"193\">Adidasa<\/strong>, to klasyczny model w tradycyjnych <strong data-start=\"229\" data-end=\"251\">czerwonych barwach<\/strong>, kt\u00f3re od dekad symbolizuj\u0105 \u201eDie Roten\u201d. Design wyr\u00f3\u017cnia si\u0119 subtelnym <strong data-start=\"323\" data-end=\"348\">pionowym cieniowaniem<\/strong> na froncie, a ca\u0142o\u015b\u0107 dope\u0142niaj\u0105 bordowe akcenty na ko\u0142nierzyku i mankietach. Na piersi umieszczono <strong data-start=\"456\" data-end=\"482\">herb Bayernu Monachium<\/strong> z czterema gwiazdkami symbolizuj\u0105cymi mistrzowskie tytu\u0142y, logo <strong data-start=\"547\" data-end=\"558\">Adidasa<\/strong> oraz znak sponsora <strong data-start=\"578\" data-end=\"590\">T-Mobile<\/strong>.<\/p>\n<p data-start=\"595\" data-end=\"792\">Koszulka zosta\u0142a wykonana w technologii <strong data-start=\"635\" data-end=\"655\">Adidas Climacool<\/strong>, co zapewnia\u0142o zawodnikom <strong data-start=\"682\" data-end=\"739\">lekko\u015b\u0107, przewiewno\u015b\u0107 i szybkie odprowadzanie wilgoci<\/strong>, czyni\u0105c j\u0105 idealn\u0105 do gry na najwy\u017cszym poziomie.<\/p>\n<p data-start=\"794\" data-end=\"1253\">Sezon <strong data-start=\"800\" data-end=\"811\">2015\/16<\/strong> by\u0142 dla Bayernu kolejnym rokiem dominacji w Niemczech \u2013 dru\u017cyna pod wodz\u0105 <strong data-start=\"886\" data-end=\"905\">Pep\u2019a Guardioli<\/strong> zdoby\u0142a <strong data-start=\"914\" data-end=\"956\">czwarte z rz\u0119du mistrzostwo Bundesligi<\/strong>, co by\u0142o w\u00f3wczas historycznym wyczynem. Zesp\u00f3\u0142 dotar\u0142 tak\u017ce do p\u00f3\u0142fina\u0142u Ligi Mistrz\u00f3w oraz p\u00f3\u0142fina\u0142u Pucharu Niemiec. W barwach Bayernu b\u0142yszczeli w\u00f3wczas m.in. <strong data-start=\"1119\" data-end=\"1217\">Robert Lewandowski, Thomas M\u00fcller, Arjen Robben, Franck Rib\u00e9ry, Manuel Neuer oraz Philipp Lahm<\/strong>, kt\u00f3rzy stanowili o sile dru\u017cyny.<\/p>\n<p data-start=\"1255\" data-end=\"1468\">Ta koszulka to \u015bwietna propozycja dla <strong data-start=\"1293\" data-end=\"1344\">kolekcjoner\u00f3w oryginalnych koszulek pi\u0142karskich<\/strong> oraz wiernych fan\u00f3w Bayernu, kt\u00f3rzy chc\u0105 posiada\u0107 pami\u0105tk\u0119 z ostatniego sezonu Pepa Guardioli na \u0142awce trenerskiej klubu.<\/p>","protected":false},"featured_media":12918,"template":"","meta":{"_kad_blocks_custom_css":"","_kad_blocks_head_custom_js":"","_kad_blocks_body_custom_js":"","_kad_blocks_footer_custom_js":"","_kad_post_transparent":"","_kad_post_title":"","_kad_post_layout":"","_kad_post_sidebar_id":"","_kad_post_content_style":"","_kad_post_vertical_padding":"","_kad_post_feature":"","_kad_post_feature_position":"","_kad_post_header":false,"_kad_post_footer":false},"product_brand":[45],"product_cat":[100,31,46],"product_tag":[],"class_list":{"0":"post-2917","1":"product","2":"type-product","3":"status-publish","4":"has-post-thumbnail","6":"product_brand-adidas","7":"product_cat-fc-bayern-monachium","8":"product_cat-kluby-europejskie","9":"product_cat-kluby-niemieckie","10":"pa_rozmiar-s","12":"first","13":"instock","14":"taxable","15":"shipping-taxable","16":"purchasable","17":"product-type-simple","18":"entry","19":"content-bg","20":"loop-entry"},"taxonomy_info":{"product_brand":[{"value":45,"label":"Adidas"}],"product_cat":[{"value":100,"label":"FC Bayern Monachium"},{"value":31,"label":"Kluby Europejskie"},{"value":46,"label":"Kluby Niemieckie"}],"pa_rozmiar":[{"value":19,"label":"S"}]},"featured_image_src_large":["https:\/\/fts.you2.pl\/wp-content\/uploads\/2025\/09\/Photoroom_074_20250412_182930-1024x1024.png",1024,1024,true],"author_info":[],"comment_info":"","_links":{"self":[{"href":"https:\/\/fts.you2.pl\/en\/wp-json\/wp\/v2\/product\/2917","targetHints":{"allow":["GET"]}}],"collection":[{"href":"https:\/\/fts.you2.pl\/en\/wp-json\/wp\/v2\/product"}],"about":[{"href":"https:\/\/fts.you2.pl\/en\/wp-json\/wp\/v2\/types\/product"}],"wp:featuredmedia":[{"embeddable":true,"href":"https:\/\/fts.you2.pl\/en\/wp-json\/wp\/v2\/media\/12918"}],"wp:attachment":[{"href":"https:\/\/fts.you2.pl\/en\/wp-json\/wp\/v2\/media?parent=2917"}],"wp:term":[{"taxonomy":"product_brand","embeddable":true,"href":"https:\/\/fts.you2.pl\/en\/wp-json\/wp\/v2\/product_brand?post=2917"},{"taxonomy":"product_cat","embeddable":true,"href":"https:\/\/fts.you2.pl\/en\/wp-json\/wp\/v2\/product_cat?post=2917"},{"taxonomy":"product_tag","embeddable":true,"href":"https:\/\/fts.you2.pl\/en\/wp-json\/wp\/v2\/product_tag?post=2917"}],"curies":[{"name":"wp","href":"https:\/\/api.w.org\/{rel}","templated":true}]}}