{"id":2923,"date":"2025-04-13T16:04:02","date_gmt":"2025-04-13T14:04:02","guid":{"rendered":"https:\/\/fts.you2.pl\/index.php\/produkt\/bluza-treningowa-hansa-rostock-1996-97-xl\/"},"modified":"2025-09-19T15:07:23","modified_gmt":"2025-09-19T13:07:23","slug":"bluza-treningowa-hansa-rostock-1996-97-xl","status":"publish","type":"product","link":"https:\/\/fts.you2.pl\/en\/bluza-treningowa-hansa-rostock-1996-97-xl\/","title":{"rendered":"Bluza treningowa Hansa Rostock 1996\/97 [XL]"},"content":{"rendered":"<p><strong>Klub:<\/strong> Hansa Rostock<\/p>\n<p><strong>Sezon:<\/strong> 1996\/97<\/p>\n<p><strong>Rozmiar: <\/strong>XL<\/p>\n<p><strong>Stan:<\/strong> Zadowalaj\u0105cy &#8211; uszkodzony uchwyt od zamka, gdzieniegdzie zmechacony materia\u0142 oraz dziurka na karku.<\/p>\n<p><strong>Wymiary (szeroko\u015b\u0107 pod pachami\/d\u0142ugo\u015b\u0107) w cm: <\/strong>68\/72<\/p>","protected":false},"excerpt":{"rendered":"<p>Bluza treningowa Hansa Rostock 1996\/97 [XL]<\/p>","protected":false},"featured_media":12962,"template":"","meta":{"_kad_blocks_custom_css":"","_kad_blocks_head_custom_js":"","_kad_blocks_body_custom_js":"","_kad_blocks_footer_custom_js":"","_kad_post_transparent":"","_kad_post_title":"","_kad_post_layout":"","_kad_post_sidebar_id":"","_kad_post_content_style":"","_kad_post_vertical_padding":"","_kad_post_feature":"","_kad_post_feature_position":"","_kad_post_header":false,"_kad_post_footer":false},"product_brand":[103],"product_cat":[25,31,46,26,174],"product_tag":[],"class_list":{"0":"post-2923","1":"product","2":"type-product","3":"status-publish","4":"has-post-thumbnail","6":"product_brand-erima","7":"product_cat-inne","8":"product_cat-kluby-europejskie","9":"product_cat-kluby-niemieckie","10":"product_cat-kurtki-bluzy-trening","11":"product_cat-pozostale-kluby-niemieckie","12":"pa_rozmiar-xl","14":"first","15":"instock","16":"taxable","17":"shipping-taxable","18":"purchasable","19":"product-type-simple","20":"entry","21":"content-bg","22":"loop-entry"},"taxonomy_info":{"product_brand":[{"value":103,"label":"Erima"}],"product_cat":[{"value":25,"label":"Inne"},{"value":31,"label":"Kluby Europejskie"},{"value":46,"label":"Kluby Niemieckie"},{"value":26,"label":"Kurtki\/bluzy\/trening"},{"value":174,"label":"Pozosta\u0142e kluby niemieckie"}],"pa_rozmiar":[{"value":57,"label":"XL"}]},"featured_image_src_large":["https:\/\/fts.you2.pl\/wp-content\/uploads\/2025\/09\/Photoroom_096_20250412_182930-1024x1024.png",1024,1024,true],"author_info":[],"comment_info":"","_links":{"self":[{"href":"https:\/\/fts.you2.pl\/en\/wp-json\/wp\/v2\/product\/2923","targetHints":{"allow":["GET"]}}],"collection":[{"href":"https:\/\/fts.you2.pl\/en\/wp-json\/wp\/v2\/product"}],"about":[{"href":"https:\/\/fts.you2.pl\/en\/wp-json\/wp\/v2\/types\/product"}],"wp:featuredmedia":[{"embeddable":true,"href":"https:\/\/fts.you2.pl\/en\/wp-json\/wp\/v2\/media\/12962"}],"wp:attachment":[{"href":"https:\/\/fts.you2.pl\/en\/wp-json\/wp\/v2\/media?parent=2923"}],"wp:term":[{"taxonomy":"product_brand","embeddable":true,"href":"https:\/\/fts.you2.pl\/en\/wp-json\/wp\/v2\/product_brand?post=2923"},{"taxonomy":"product_cat","embeddable":true,"href":"https:\/\/fts.you2.pl\/en\/wp-json\/wp\/v2\/product_cat?post=2923"},{"taxonomy":"product_tag","embeddable":true,"href":"https:\/\/fts.you2.pl\/en\/wp-json\/wp\/v2\/product_tag?post=2923"}],"curies":[{"name":"wp","href":"https:\/\/api.w.org\/{rel}","templated":true}]}}