{"id":2943,"date":"2025-04-27T15:22:40","date_gmt":"2025-04-27T13:22:40","guid":{"rendered":"https:\/\/fts.you2.pl\/index.php\/produkt\/cambridge-united-fc-2007-08-home-s\/"},"modified":"2025-09-19T15:30:32","modified_gmt":"2025-09-19T13:30:32","slug":"cambridge-united-fc-2007-08-home-s","status":"publish","type":"product","link":"https:\/\/fts.you2.pl\/en\/cambridge-united-fc-2007-08-home-s\/","title":{"rendered":"Koszulka pi\u0142karska Cambridge United FC 2007\/08 Home [S]"},"content":{"rendered":"<p><strong>Klub:<\/strong> Cambridge United FC<\/p>\n<p><strong>Sezon:<\/strong> 2007\/08 Home<\/p>\n<p><strong>Rozmiar: <\/strong>S<\/p>\n<p><strong>Stan:<\/strong> Zadowalaj\u0105cy &#8211; zaszyty materia\u0142 na froncie oraz spore zaci\u0105gni\u0119cie na r\u0119kawku.<\/p>\n<p><strong>Wymiary (szeroko\u015b\u0107 pod pachami\/d\u0142ugo\u015b\u0107) w cm: <\/strong>50\/69<\/p>","protected":false},"excerpt":{"rendered":"<p data-start=\"0\" data-end=\"91\"><strong data-start=\"0\" data-end=\"89\">Oryginalna koszulka pi\u0142karska Cambridge United z sezonu 2007\/08 \u2013 produkcji Vandanel.<\/strong><\/p>\n<p data-start=\"93\" data-end=\"416\">Ta <strong data-start=\"96\" data-end=\"160\">oryginalna domowa koszulka Cambridge United z sezonu 2007\/08<\/strong>, wyprodukowana przez <strong data-start=\"182\" data-end=\"200\">mark\u0119 Vandanel<\/strong>, to klasyczny model utrzymany w charakterystycznych dla \u201eU\u2019s\u201d <strong data-start=\"263\" data-end=\"305\">pomara\u0144czowo-czarnych pionowych pasach<\/strong>. Tradycyjny design podkre\u015bla klubow\u0105 to\u017csamo\u015b\u0107 i nawi\u0105zuje do wieloletniej historii zespo\u0142u z Abbey Stadium.<\/p>\n<p data-start=\"418\" data-end=\"765\">Na froncie koszulki znalaz\u0142y si\u0119: <strong data-start=\"452\" data-end=\"477\">herb Cambridge United<\/strong>, logo <strong data-start=\"484\" data-end=\"496\">Vandanel<\/strong> oraz znak sponsora <strong data-start=\"516\" data-end=\"525\">Haart<\/strong>, co nadaje jej autentycznego charakteru z tamtej epoki. Koszulka zosta\u0142a wykonana z lekkiego i wytrzyma\u0142ego materia\u0142u sportowego, kt\u00f3ry zapewnia\u0142 zawodnikom <strong data-start=\"683\" data-end=\"725\">komfort, przewiewno\u015b\u0107 i swobod\u0119 ruch\u00f3w<\/strong> podczas mecz\u00f3w w Conference National.<\/p>\n<p data-start=\"767\" data-end=\"1102\">Sezon <strong data-start=\"773\" data-end=\"784\">2007\/08<\/strong> by\u0142 dla Cambridge United czasem rywalizacji na poziomie <strong data-start=\"841\" data-end=\"893\">Conference National (dzisiejsza National League)<\/strong>. Dru\u017cyna spisywa\u0142a si\u0119 solidnie, walcz\u0105c o awans do Football League, a w sk\u0142adzie wyst\u0119powali gracze tacy jak <strong data-start=\"1004\" data-end=\"1051\">Mark Beesley, Lee McEvilly czy Phil Bolland<\/strong>, kt\u00f3rzy odgrywali wa\u017cne role w kampanii ligowej.<\/p>\n<p data-start=\"1104\" data-end=\"1310\">Ta koszulka to wyj\u0105tkowa propozycja dla <strong data-start=\"1144\" data-end=\"1195\">kolekcjoner\u00f3w oryginalnych koszulek pi\u0142karskich<\/strong> oraz wiernych <strong data-start=\"1210\" data-end=\"1236\">fan\u00f3w Cambridge United<\/strong>, kt\u00f3rzy chc\u0105 posiada\u0107 pami\u0105tk\u0119 z okresu walki o powr\u00f3t do wy\u017cszych lig.<\/p>","protected":false},"featured_media":13133,"template":"","meta":{"_kad_blocks_custom_css":"","_kad_blocks_head_custom_js":"","_kad_blocks_body_custom_js":"","_kad_blocks_footer_custom_js":"","_kad_post_transparent":"","_kad_post_title":"","_kad_post_layout":"","_kad_post_sidebar_id":"","_kad_post_content_style":"","_kad_post_vertical_padding":"","_kad_post_feature":"","_kad_post_feature_position":"","_kad_post_header":false,"_kad_post_footer":false},"product_brand":[448],"product_cat":[32,31,33],"product_tag":[],"class_list":{"0":"post-2943","1":"product","2":"type-product","3":"status-publish","4":"has-post-thumbnail","6":"product_brand-vandanel","7":"product_cat-kluby-angielskie","8":"product_cat-kluby-europejskie","9":"product_cat-pozostale-kluby-angielskie","10":"pa_rozmiar-s","12":"first","13":"instock","14":"taxable","15":"shipping-taxable","16":"purchasable","17":"product-type-simple","18":"entry","19":"content-bg","20":"loop-entry"},"taxonomy_info":{"product_brand":[{"value":448,"label":"Vandanel"}],"product_cat":[{"value":32,"label":"Kluby Angielskie"},{"value":31,"label":"Kluby Europejskie"},{"value":33,"label":"Pozosta\u0142e kluby angielskie"}],"pa_rozmiar":[{"value":19,"label":"S"}]},"featured_image_src_large":["https:\/\/fts.you2.pl\/wp-content\/uploads\/2025\/09\/Photoroom_020_20250427_161327-1024x1024.png",1024,1024,true],"author_info":[],"comment_info":"","_links":{"self":[{"href":"https:\/\/fts.you2.pl\/en\/wp-json\/wp\/v2\/product\/2943","targetHints":{"allow":["GET"]}}],"collection":[{"href":"https:\/\/fts.you2.pl\/en\/wp-json\/wp\/v2\/product"}],"about":[{"href":"https:\/\/fts.you2.pl\/en\/wp-json\/wp\/v2\/types\/product"}],"wp:featuredmedia":[{"embeddable":true,"href":"https:\/\/fts.you2.pl\/en\/wp-json\/wp\/v2\/media\/13133"}],"wp:attachment":[{"href":"https:\/\/fts.you2.pl\/en\/wp-json\/wp\/v2\/media?parent=2943"}],"wp:term":[{"taxonomy":"product_brand","embeddable":true,"href":"https:\/\/fts.you2.pl\/en\/wp-json\/wp\/v2\/product_brand?post=2943"},{"taxonomy":"product_cat","embeddable":true,"href":"https:\/\/fts.you2.pl\/en\/wp-json\/wp\/v2\/product_cat?post=2943"},{"taxonomy":"product_tag","embeddable":true,"href":"https:\/\/fts.you2.pl\/en\/wp-json\/wp\/v2\/product_tag?post=2943"}],"curies":[{"name":"wp","href":"https:\/\/api.w.org\/{rel}","templated":true}]}}