{"id":2951,"date":"2025-04-27T15:22:52","date_gmt":"2025-04-27T13:22:52","guid":{"rendered":"https:\/\/fts.you2.pl\/index.php\/produkt\/southampton-fc-2023-24-away-5xl\/"},"modified":"2025-09-19T15:39:12","modified_gmt":"2025-09-19T13:39:12","slug":"southampton-fc-2023-24-away-5xl","status":"publish","type":"product","link":"https:\/\/fts.you2.pl\/en\/southampton-fc-2023-24-away-5xl\/","title":{"rendered":"Koszulka pi\u0142karska Southampton FC 2023\/24 Away [5XL]"},"content":{"rendered":"<p><strong>Klub:<\/strong> Southampton FC<\/p>\n<p><strong>Sezon:<\/strong> 2023\/24 Away<\/p>\n<p><strong>Rozmiar: <\/strong>5XL<\/p>\n<p><strong>Stan:<\/strong> Doskona\u0142y<\/p>\n<p><strong>Wymiary (szeroko\u015b\u0107 pod pachami\/d\u0142ugo\u015b\u0107) w cm: <\/strong>73\/88<\/p>","protected":false},"excerpt":{"rendered":"<p data-start=\"0\" data-end=\"88\"><strong data-start=\"0\" data-end=\"86\">Oryginalna koszulka pi\u0142karska Southampton FC z sezonu 2023\/24 \u2013 produkcji Hummela.<\/strong><\/p>\n<p data-start=\"90\" data-end=\"521\">Ta <strong data-start=\"93\" data-end=\"158\">oryginalna wyjazdowa koszulka Southampton FC z sezonu 2023\/24<\/strong>, wyprodukowana przez <strong data-start=\"180\" data-end=\"191\">Hummela<\/strong>, to nowoczesny model oparty na <strong data-start=\"223\" data-end=\"239\">bia\u0142ej bazie<\/strong> uzupe\u0142nionej o <strong data-start=\"255\" data-end=\"275\">zielone elementy<\/strong>, kt\u00f3re nadaj\u0105 jej \u015bwie\u017co\u015bci i wyr\u00f3\u017cniaj\u0105 j\u0105 na tle klasycznych projekt\u00f3w \u201e\u015awi\u0119tych\u201d. Subtelne detale w postaci charakterystycznych dla Hummela strza\u0142ek na ramionach podkre\u015blaj\u0105 sportowy charakter koszulki.<\/p>\n<p data-start=\"523\" data-end=\"889\">Na froncie znalaz\u0142y si\u0119: <strong data-start=\"548\" data-end=\"571\">herb Southampton FC<\/strong>, logo <strong data-start=\"578\" data-end=\"589\">Hummela<\/strong> oraz znak sponsora <strong data-start=\"609\" data-end=\"625\">Sportsbet<\/strong>, co dope\u0142nia nowoczesnego i dynamicznego designu. Koszulka zosta\u0142a wykonana z lekkiego materia\u0142u w technologii zapewniaj\u0105cej <strong data-start=\"751\" data-end=\"800\">przewiewno\u015b\u0107, komfort i odprowadzanie wilgoci<\/strong>, dzi\u0119ki czemu \u015bwietnie sprawdza si\u0119 zar\u00f3wno na boisku, jak i w codziennym u\u017cytkowaniu.<\/p>\n<p data-start=\"891\" data-end=\"1235\">Sezon <strong data-start=\"897\" data-end=\"908\">2023\/24<\/strong> by\u0142 dla Southampton okresem rywalizacji w <strong data-start=\"951\" data-end=\"967\">Championship<\/strong>, gdzie klub walczy\u0142 o szybki powr\u00f3t do Premier League po spadku. Dru\u017cyn\u0119 prowadzi\u0142 <strong data-start=\"1051\" data-end=\"1069\">Russell Martin<\/strong>, a kluczow\u0105 rol\u0119 odgrywali m.in. <strong data-start=\"1103\" data-end=\"1168\">Che Adams, Kyle Walker-Peters, Adam Armstrong oraz James Bree<\/strong>, daj\u0105c kibicom nadziej\u0119 na szybkie odbudowanie pozycji w elicie.<\/p>\n<p data-start=\"1237\" data-end=\"1451\">Ta koszulka to idealna propozycja dla <strong data-start=\"1275\" data-end=\"1326\">kolekcjoner\u00f3w oryginalnych koszulek pi\u0142karskich<\/strong> oraz fan\u00f3w Southampton, kt\u00f3rzy chc\u0105 posiada\u0107 pami\u0105tk\u0119 z sezonu odbudowy i walki o powr\u00f3t do najwy\u017cszej klasy rozgrywkowej.<\/p>","protected":false},"featured_media":13195,"template":"","meta":{"_kad_blocks_custom_css":"","_kad_blocks_head_custom_js":"","_kad_blocks_body_custom_js":"","_kad_blocks_footer_custom_js":"","_kad_post_transparent":"","_kad_post_title":"","_kad_post_layout":"","_kad_post_sidebar_id":"","_kad_post_content_style":"","_kad_post_vertical_padding":"","_kad_post_feature":"","_kad_post_feature_position":"","_kad_post_header":false,"_kad_post_footer":false},"product_brand":[201],"product_cat":[32,31,33],"product_tag":[],"class_list":{"0":"post-2951","1":"product","2":"type-product","3":"status-publish","4":"has-post-thumbnail","6":"product_brand-hummel","7":"product_cat-kluby-angielskie","8":"product_cat-kluby-europejskie","9":"product_cat-pozostale-kluby-angielskie","10":"pa_rozmiar-5xl","12":"first","13":"instock","14":"taxable","15":"shipping-taxable","16":"purchasable","17":"product-type-simple","18":"entry","19":"content-bg","20":"loop-entry"},"taxonomy_info":{"product_brand":[{"value":201,"label":"Hummel"}],"product_cat":[{"value":32,"label":"Kluby Angielskie"},{"value":31,"label":"Kluby Europejskie"},{"value":33,"label":"Pozosta\u0142e kluby angielskie"}],"pa_rozmiar":[{"value":449,"label":"5XL"}]},"featured_image_src_large":["https:\/\/fts.you2.pl\/wp-content\/uploads\/2025\/09\/Photoroom_041_20250427_161327-1024x1024.png",1024,1024,true],"author_info":[],"comment_info":"","_links":{"self":[{"href":"https:\/\/fts.you2.pl\/en\/wp-json\/wp\/v2\/product\/2951","targetHints":{"allow":["GET"]}}],"collection":[{"href":"https:\/\/fts.you2.pl\/en\/wp-json\/wp\/v2\/product"}],"about":[{"href":"https:\/\/fts.you2.pl\/en\/wp-json\/wp\/v2\/types\/product"}],"wp:featuredmedia":[{"embeddable":true,"href":"https:\/\/fts.you2.pl\/en\/wp-json\/wp\/v2\/media\/13195"}],"wp:attachment":[{"href":"https:\/\/fts.you2.pl\/en\/wp-json\/wp\/v2\/media?parent=2951"}],"wp:term":[{"taxonomy":"product_brand","embeddable":true,"href":"https:\/\/fts.you2.pl\/en\/wp-json\/wp\/v2\/product_brand?post=2951"},{"taxonomy":"product_cat","embeddable":true,"href":"https:\/\/fts.you2.pl\/en\/wp-json\/wp\/v2\/product_cat?post=2951"},{"taxonomy":"product_tag","embeddable":true,"href":"https:\/\/fts.you2.pl\/en\/wp-json\/wp\/v2\/product_tag?post=2951"}],"curies":[{"name":"wp","href":"https:\/\/api.w.org\/{rel}","templated":true}]}}