{"id":2954,"date":"2025-04-27T15:22:35","date_gmt":"2025-04-27T13:22:35","guid":{"rendered":"https:\/\/fts.you2.pl\/index.php\/produkt\/tottenham-hotspur-fc-2002-04-home-s\/"},"modified":"2025-09-19T15:42:05","modified_gmt":"2025-09-19T13:42:05","slug":"tottenham-hotspur-fc-2002-04-home-s","status":"publish","type":"product","link":"https:\/\/fts.you2.pl\/en\/tottenham-hotspur-fc-2002-04-home-s\/","title":{"rendered":"Koszulka pi\u0142karska Tottenham Hotspur FC 2002\/04 Home [S]"},"content":{"rendered":"<p><strong>Klub:<\/strong> Tottenham Hotspur FC<\/p>\n<p><strong>Sezon:<\/strong> 2002\/04 Home<\/p>\n<p><strong>Rozmiar: <\/strong>S<\/p>\n<p><strong>Stan:<\/strong> Bardzo dobry &#8211; pop\u0119kany nadruk sponsora na froncie.<\/p>\n<p><strong>Wymiary (szeroko\u015b\u0107 pod pachami\/d\u0142ugo\u015b\u0107) w cm: <\/strong>48\/63<\/p>","protected":false},"excerpt":{"rendered":"<p data-start=\"0\" data-end=\"88\"><strong data-start=\"0\" data-end=\"86\">Oryginalna koszulka pi\u0142karska Tottenham Hotspur z lat 2002\u20132004 \u2013 produkcji Kappy.<\/strong><\/p>\n<p data-start=\"90\" data-end=\"600\">Ta <strong data-start=\"93\" data-end=\"157\">oryginalna domowa koszulka Tottenham Hotspur z lat 2002\u20132004<\/strong>, wyprodukowana przez <strong data-start=\"179\" data-end=\"188\">Kapp\u0119<\/strong>, to klasyczny model w tradycyjnych dla \u201eKogut\u00f3w\u201d <strong data-start=\"238\" data-end=\"257\">bia\u0142ych barwach<\/strong>, kt\u00f3ry do dzi\u015b pozostaje jednym z najbardziej rozpoznawalnych projekt\u00f3w w historii klubu. Koszulka charakteryzuje si\u0119 <strong data-start=\"376\" data-end=\"418\">dopasowanym krojem<\/strong>, kt\u00f3ry w tamtym czasie by\u0142 znakiem rozpoznawczym w\u0142oskiego producenta. Minimalistyczny design uzupe\u0142nia <strong data-start=\"523\" data-end=\"547\">granatowy ko\u0142nierzyk<\/strong> oraz boczne akcenty, nadaj\u0105ce trykotowi elegancji.<\/p>\n<p data-start=\"602\" data-end=\"995\">Na froncie koszulki znalaz\u0142y si\u0119: klasyczny <strong data-start=\"646\" data-end=\"673\">herb Tottenhamu Hotspur<\/strong>, logo <strong data-start=\"680\" data-end=\"689\">Kappy<\/strong> oraz znak sponsora <strong data-start=\"709\" data-end=\"720\">Thomson<\/strong>, kt\u00f3rego charakterystyczne czerwone logo doskonale kontrastowa\u0142o z biel\u0105 materia\u0142u. Koszulka zosta\u0142a wykonana z elastycznej tkaniny, zapewniaj\u0105cej <strong data-start=\"868\" data-end=\"916\">lekko\u015b\u0107, przewiewno\u015b\u0107 i pe\u0142n\u0105 swobod\u0119 ruch\u00f3w<\/strong>, co stanowi\u0142o rewolucj\u0119 w projektach stroj\u00f3w pi\u0142karskich pocz\u0105tku XXI wieku.<\/p>\n<p data-start=\"997\" data-end=\"1310\">Okres <strong data-start=\"1003\" data-end=\"1016\">2002\u20132004<\/strong> to dla Tottenhamu czas gry w Premier League pod wodz\u0105 takich szkoleniowc\u00f3w jak <strong data-start=\"1096\" data-end=\"1145\">Glenn Hoddle, David Pleat czy Jacques Santini<\/strong>. W dru\u017cynie wyst\u0119powali w\u00f3wczas m.in. <strong data-start=\"1184\" data-end=\"1247\">Robbie Keane, Jermain Defoe, Ledley King czy Jamie Redknapp<\/strong>, kt\u00f3rzy stanowili o sile zespo\u0142u w tym okresie przej\u015bciowym.<\/p>\n<p data-start=\"1312\" data-end=\"1544\">Ta koszulka to wyj\u0105tkowa propozycja dla <strong data-start=\"1352\" data-end=\"1403\">kolekcjoner\u00f3w oryginalnych koszulek pi\u0142karskich<\/strong> oraz wiernych fan\u00f3w Tottenhamu, kt\u00f3rzy chc\u0105 posiada\u0107 egzemplarz z pocz\u0105tku XXI wieku \u2013 czas\u00f3w, gdy Kappa dostarcza\u0142a stroje dla \u201eKogut\u00f3w\u201d.<\/p>","protected":false},"featured_media":13221,"template":"","meta":{"_kad_blocks_custom_css":"","_kad_blocks_head_custom_js":"","_kad_blocks_body_custom_js":"","_kad_blocks_footer_custom_js":"","_kad_post_transparent":"","_kad_post_title":"","_kad_post_layout":"","_kad_post_sidebar_id":"","_kad_post_content_style":"","_kad_post_vertical_padding":"","_kad_post_feature":"","_kad_post_feature_position":"","_kad_post_header":false,"_kad_post_footer":false},"product_brand":[35],"product_cat":[32,31,245],"product_tag":[],"class_list":{"0":"post-2954","1":"product","2":"type-product","3":"status-publish","4":"has-post-thumbnail","6":"product_brand-kappa","7":"product_cat-kluby-angielskie","8":"product_cat-kluby-europejskie","9":"product_cat-tottenham-hotspur-fc","10":"pa_rozmiar-s","12":"first","13":"instock","14":"taxable","15":"shipping-taxable","16":"purchasable","17":"product-type-simple","18":"entry","19":"content-bg","20":"loop-entry"},"taxonomy_info":{"product_brand":[{"value":35,"label":"Kappa"}],"product_cat":[{"value":32,"label":"Kluby Angielskie"},{"value":31,"label":"Kluby Europejskie"},{"value":245,"label":"Tottenham Hotspur FC"}],"pa_rozmiar":[{"value":19,"label":"S"}]},"featured_image_src_large":["https:\/\/fts.you2.pl\/wp-content\/uploads\/2025\/09\/Photoroom_053_20250427_161327-1024x1024.png",1024,1024,true],"author_info":[],"comment_info":"","_links":{"self":[{"href":"https:\/\/fts.you2.pl\/en\/wp-json\/wp\/v2\/product\/2954","targetHints":{"allow":["GET"]}}],"collection":[{"href":"https:\/\/fts.you2.pl\/en\/wp-json\/wp\/v2\/product"}],"about":[{"href":"https:\/\/fts.you2.pl\/en\/wp-json\/wp\/v2\/types\/product"}],"wp:featuredmedia":[{"embeddable":true,"href":"https:\/\/fts.you2.pl\/en\/wp-json\/wp\/v2\/media\/13221"}],"wp:attachment":[{"href":"https:\/\/fts.you2.pl\/en\/wp-json\/wp\/v2\/media?parent=2954"}],"wp:term":[{"taxonomy":"product_brand","embeddable":true,"href":"https:\/\/fts.you2.pl\/en\/wp-json\/wp\/v2\/product_brand?post=2954"},{"taxonomy":"product_cat","embeddable":true,"href":"https:\/\/fts.you2.pl\/en\/wp-json\/wp\/v2\/product_cat?post=2954"},{"taxonomy":"product_tag","embeddable":true,"href":"https:\/\/fts.you2.pl\/en\/wp-json\/wp\/v2\/product_tag?post=2954"}],"curies":[{"name":"wp","href":"https:\/\/api.w.org\/{rel}","templated":true}]}}