{"id":2956,"date":"2025-04-27T15:22:37","date_gmt":"2025-04-27T13:22:37","guid":{"rendered":"https:\/\/fts.you2.pl\/index.php\/produkt\/bnwt-vancouver-whitecaps-2006-07-home-s\/"},"modified":"2025-09-19T15:44:15","modified_gmt":"2025-09-19T13:44:15","slug":"bnwt-vancouver-whitecaps-2006-07-home-s","status":"publish","type":"product","link":"https:\/\/fts.you2.pl\/en\/bnwt-vancouver-whitecaps-2006-07-home-s\/","title":{"rendered":"Koszulka pi\u0142karska BNWT Vancouver Whitecaps 2006\/07 Home [S]"},"content":{"rendered":"<p><strong>Klub:<\/strong> Vancouver Whitecaps<\/p>\n<p><strong>Sezon:<\/strong> 2006\/07 Home<\/p>\n<p><strong>Rozmiar: <\/strong>S<\/p>\n<p><strong>Stan:<\/strong> BNWT &#8211; koszulka nowa, z metkami. Posiada jednak drobne zabrudzenie na plecach.<\/p>\n<p><strong>Wymiary (szeroko\u015b\u0107 pod pachami\/d\u0142ugo\u015b\u0107) w cm: <\/strong>50\/71<\/p>","protected":false},"excerpt":{"rendered":"<p data-start=\"0\" data-end=\"91\"><strong data-start=\"0\" data-end=\"89\">Oryginalna koszulka pi\u0142karska Vancouver Whitecaps z sezonu 2006\/07 \u2013 produkcji Umbro.<\/strong><\/p>\n<p data-start=\"93\" data-end=\"611\">Ta <strong data-start=\"96\" data-end=\"163\">oryginalna domowa koszulka Vancouver Whitecaps z sezonu 2006\/07<\/strong>, wyprodukowana przez <strong data-start=\"185\" data-end=\"194\">Umbro<\/strong>, to wyj\u0105tkowy model w klasycznej <strong data-start=\"228\" data-end=\"250\">bia\u0142ej kolorystyce<\/strong> z eleganckimi <strong data-start=\"265\" data-end=\"290\">niebieskimi akcentami<\/strong>. Jej najbardziej charakterystycznym elementem jest szeroki <strong data-start=\"350\" data-end=\"408\">poziomy niebieski pas na froncie (na wysoko\u015bci piersi)<\/strong>, na kt\u00f3rym umieszczono napis <strong data-start=\"438\" data-end=\"453\">\u201eWhitecaps\u201d<\/strong>, podkre\u015blaj\u0105cy to\u017csamo\u015b\u0107 klubu. Dodatkowo, na r\u0119kawkach znajduj\u0105 si\u0119 <strong data-start=\"523\" data-end=\"548\">czerwone li\u015bcie klonu<\/strong> \u2013 symbol Kanady \u2013 co dodaje koszulce unikatowego charakteru.<\/p>\n<p data-start=\"613\" data-end=\"948\">Na koszulce widniej\u0105 r\u00f3wnie\u017c: <strong data-start=\"643\" data-end=\"671\">herb Vancouver Whitecaps<\/strong>, logo <strong data-start=\"678\" data-end=\"687\">Umbro<\/strong> oraz klubowe oznaczenia, kt\u00f3re razem tworz\u0105 sp\u00f3jny i autentyczny projekt. Model wykonany zosta\u0142 z lekkiego, przewiewnego materia\u0142u sportowego, kt\u00f3ry zapewnia\u0142 zawodnikom <strong data-start=\"858\" data-end=\"900\">komfort, swobod\u0119 ruch\u00f3w i oddychalno\u015b\u0107<\/strong> podczas gry w rozgrywkach USL First Division.<\/p>\n<p data-start=\"950\" data-end=\"1269\">Sezon <strong data-start=\"956\" data-end=\"967\">2006\/07<\/strong> to okres rywalizacji Whitecaps na zapleczu <strong>Major League Soccer<\/strong>, w kt\u00f3rym klub konsekwentnie walczy\u0142 o czo\u0142owe lokaty i budowa\u0142 swoj\u0105 mark\u0119, zanim kilka lat p\u00f3\u017aniej do\u0142\u0105czy\u0142 do MLS. Koszulka wci\u0105\u017c posiada <strong data-start=\"1172\" data-end=\"1192\">oryginalne metki<\/strong>, co czyni j\u0105 jeszcze bardziej warto\u015bciowym egzemplarzem dla kolekcjoner\u00f3w.<\/p>\n<p data-start=\"1271\" data-end=\"1491\">To doskona\u0142a propozycja dla <strong data-start=\"1299\" data-end=\"1350\">kolekcjoner\u00f3w oryginalnych koszulek pi\u0142karskich<\/strong> oraz wiernych <strong data-start=\"1365\" data-end=\"1394\">fan\u00f3w Vancouver Whitecaps<\/strong>, kt\u00f3rzy chc\u0105 posiada\u0107 autentyczny i nieu\u017cywany model z bogatej historii kanadyjskiego futbolu.<\/p>","protected":false},"featured_media":13235,"template":"","meta":{"_kad_blocks_custom_css":"","_kad_blocks_head_custom_js":"","_kad_blocks_body_custom_js":"","_kad_blocks_footer_custom_js":"","_kad_post_transparent":"","_kad_post_title":"","_kad_post_layout":"","_kad_post_sidebar_id":"","_kad_post_content_style":"","_kad_post_vertical_padding":"","_kad_post_feature":"","_kad_post_feature_position":"","_kad_post_header":false,"_kad_post_footer":false},"product_brand":[21],"product_cat":[37,36],"product_tag":[],"class_list":{"0":"post-2956","1":"product","2":"type-product","3":"status-publish","4":"has-post-thumbnail","6":"product_brand-umbro","7":"product_cat-ameryka-srodkowa-i-polnocna","8":"product_cat-kluby-reszty-swiata","9":"pa_rozmiar-s","11":"first","12":"instock","13":"taxable","14":"shipping-taxable","15":"purchasable","16":"product-type-simple","17":"entry","18":"content-bg","19":"loop-entry"},"taxonomy_info":{"product_brand":[{"value":21,"label":"Umbro"}],"product_cat":[{"value":37,"label":"Ameryka \u015arodkowa i P\u00f3\u0142nocna"},{"value":36,"label":"Kluby Reszty \u015awiata"}],"pa_rozmiar":[{"value":19,"label":"S"}]},"featured_image_src_large":["https:\/\/fts.you2.pl\/wp-content\/uploads\/2025\/09\/Photoroom_025_20250427_161327-1024x1024.png",1024,1024,true],"author_info":[],"comment_info":"","_links":{"self":[{"href":"https:\/\/fts.you2.pl\/en\/wp-json\/wp\/v2\/product\/2956","targetHints":{"allow":["GET"]}}],"collection":[{"href":"https:\/\/fts.you2.pl\/en\/wp-json\/wp\/v2\/product"}],"about":[{"href":"https:\/\/fts.you2.pl\/en\/wp-json\/wp\/v2\/types\/product"}],"wp:featuredmedia":[{"embeddable":true,"href":"https:\/\/fts.you2.pl\/en\/wp-json\/wp\/v2\/media\/13235"}],"wp:attachment":[{"href":"https:\/\/fts.you2.pl\/en\/wp-json\/wp\/v2\/media?parent=2956"}],"wp:term":[{"taxonomy":"product_brand","embeddable":true,"href":"https:\/\/fts.you2.pl\/en\/wp-json\/wp\/v2\/product_brand?post=2956"},{"taxonomy":"product_cat","embeddable":true,"href":"https:\/\/fts.you2.pl\/en\/wp-json\/wp\/v2\/product_cat?post=2956"},{"taxonomy":"product_tag","embeddable":true,"href":"https:\/\/fts.you2.pl\/en\/wp-json\/wp\/v2\/product_tag?post=2956"}],"curies":[{"name":"wp","href":"https:\/\/api.w.org\/{rel}","templated":true}]}}