{"id":2957,"date":"2025-04-27T15:22:37","date_gmt":"2025-04-27T13:22:37","guid":{"rendered":"https:\/\/fts.you2.pl\/index.php\/produkt\/zsc-lions-2011-12-away-15-seger-l\/"},"modified":"2025-09-19T15:45:24","modified_gmt":"2025-09-19T13:45:24","slug":"zsc-lions-2011-12-away-15-seger-l","status":"publish","type":"product","link":"https:\/\/fts.you2.pl\/en\/zsc-lions-2011-12-away-15-seger-l\/","title":{"rendered":"Koszulka hokejowa ZSC Lions 2011\/12 Away 15 Seger [L]"},"content":{"rendered":"<p><strong>Klub:<\/strong> ZSC Lions<\/p>\n<p><strong>Sezon:<\/strong> 2011\/12 Away<\/p>\n<p><strong>Rozmiar: <\/strong>L<\/p>\n<p><strong>Stan:<\/strong> Bardzo dobry &#8211; zabrudzenie na r\u0119kawie.<\/p>\n<p><strong>Wymiary (szeroko\u015b\u0107 pod pachami\/d\u0142ugo\u015b\u0107) w cm: <\/strong>65\/76<\/p>","protected":false},"excerpt":{"rendered":"<p data-start=\"0\" data-end=\"79\"><strong data-start=\"0\" data-end=\"77\">Oryginalna koszulka hokejowa ZSC Lions z sezonu 2011\/12 \u2013 produkcji Nike.<\/strong><\/p>\n<p data-start=\"81\" data-end=\"482\">Ta <strong data-start=\"84\" data-end=\"153\">oryginalna wyjazdowa koszulka hokejowa ZSC Lions z sezonu 2011\/12<\/strong>, wyprodukowana przez <strong data-start=\"175\" data-end=\"183\">Nike<\/strong>, to wyj\u0105tkowy model w klasycznej kolorystyce klubu. Utrzymana w <strong data-start=\"248\" data-end=\"273\">jasnej (bia\u0142ej) bazie<\/strong>, uzupe\u0142nionej o charakterystyczne <strong data-start=\"308\" data-end=\"338\">niebiesko-czerwone akcenty<\/strong>, wyr\u00f3\u017cnia si\u0119 profesjonalnym krojem, dopasowanym do potrzeb hokeist\u00f3w graj\u0105cych na najwy\u017cszym poziomie w szwajcarskiej <strong data-start=\"458\" data-end=\"479\">National League A<\/strong>.<\/p>\n<p data-start=\"484\" data-end=\"884\">Egzemplarz posiada oficjalny nadruk <strong data-start=\"520\" data-end=\"539\">Mathiasa Segera<\/strong> wraz z numerem <strong data-start=\"555\" data-end=\"561\">15<\/strong> na plecach. Seger to legenda ZSC Lions oraz ca\u0142ego szwajcarskiego hokeja \u2013 wieloletni kapitan dru\u017cyny i reprezentacji narodowej, uczestnik wielu mistrzostw \u015bwiata oraz igrzysk olimpijskich. W sezonie <strong data-start=\"762\" data-end=\"773\">2011\/12<\/strong> by\u0142 kluczow\u0105 postaci\u0105 w defensywie \u201eLw\u00f3w\u201d, wnosz\u0105c do zespo\u0142u do\u015bwiadczenie, si\u0142\u0119 i pewno\u015b\u0107 w grze w ty\u0142ach.<\/p>\n<p data-start=\"886\" data-end=\"1169\">Na froncie koszulki znalaz\u0142y si\u0119 <strong data-start=\"919\" data-end=\"937\">herb ZSC Lions<\/strong>, logo <strong data-start=\"944\" data-end=\"952\">Nike<\/strong> oraz liczne oznaczenia sponsor\u00f3w, charakterystyczne dla hokejowych trykot\u00f3w meczowych. Wykonana zosta\u0142a z materia\u0142\u00f3w najwy\u017cszej jako\u015bci, gwarantuj\u0105cych <strong data-start=\"1105\" data-end=\"1166\">trwa\u0142o\u015b\u0107, komfort i odporno\u015b\u0107 na intensywn\u0105 gr\u0119 na lodzie<\/strong>.<\/p>\n<p data-start=\"1171\" data-end=\"1429\">Ta koszulka to prawdziwy unikat dla <strong data-start=\"1207\" data-end=\"1266\">kolekcjoner\u00f3w oryginalnych hokejowych stroj\u00f3w meczowych<\/strong> oraz wiernych <strong data-start=\"1281\" data-end=\"1300\">fan\u00f3w ZSC Lions<\/strong>, kt\u00f3rzy chc\u0105 posiada\u0107 pami\u0105tk\u0119 z ery, w kt\u00f3rej na lodzie b\u0142yszcza\u0142 Mathias Seger \u2013 ikona klubu i ca\u0142ego szwajcarskiego hokeja.<\/p>","protected":false},"featured_media":13243,"template":"","meta":{"_kad_blocks_custom_css":"","_kad_blocks_head_custom_js":"","_kad_blocks_body_custom_js":"","_kad_blocks_footer_custom_js":"","_kad_post_transparent":"","_kad_post_title":"","_kad_post_layout":"","_kad_post_sidebar_id":"","_kad_post_content_style":"","_kad_post_vertical_padding":"","_kad_post_feature":"","_kad_post_feature_position":"","_kad_post_header":false,"_kad_post_footer":false},"product_brand":[55],"product_cat":[25,110,177],"product_tag":[],"class_list":{"0":"post-2957","1":"product","2":"type-product","3":"status-publish","4":"has-post-thumbnail","6":"product_brand-nike","7":"product_cat-inne","8":"product_cat-inne-sporty","9":"product_cat-pozostale-sporty","10":"pa_rozmiar-l","12":"first","13":"instock","14":"taxable","15":"shipping-taxable","16":"purchasable","17":"product-type-simple","18":"entry","19":"content-bg","20":"loop-entry"},"taxonomy_info":{"product_brand":[{"value":55,"label":"Nike"}],"product_cat":[{"value":25,"label":"Inne"},{"value":110,"label":"Inne sporty"},{"value":177,"label":"Pozosta\u0142e sporty"}],"pa_rozmiar":[{"value":39,"label":"L"}]},"featured_image_src_large":["https:\/\/fts.you2.pl\/wp-content\/uploads\/2025\/09\/Photoroom_033_20250427_161327-1024x1024.png",1024,1024,true],"author_info":[],"comment_info":"","_links":{"self":[{"href":"https:\/\/fts.you2.pl\/en\/wp-json\/wp\/v2\/product\/2957","targetHints":{"allow":["GET"]}}],"collection":[{"href":"https:\/\/fts.you2.pl\/en\/wp-json\/wp\/v2\/product"}],"about":[{"href":"https:\/\/fts.you2.pl\/en\/wp-json\/wp\/v2\/types\/product"}],"wp:featuredmedia":[{"embeddable":true,"href":"https:\/\/fts.you2.pl\/en\/wp-json\/wp\/v2\/media\/13243"}],"wp:attachment":[{"href":"https:\/\/fts.you2.pl\/en\/wp-json\/wp\/v2\/media?parent=2957"}],"wp:term":[{"taxonomy":"product_brand","embeddable":true,"href":"https:\/\/fts.you2.pl\/en\/wp-json\/wp\/v2\/product_brand?post=2957"},{"taxonomy":"product_cat","embeddable":true,"href":"https:\/\/fts.you2.pl\/en\/wp-json\/wp\/v2\/product_cat?post=2957"},{"taxonomy":"product_tag","embeddable":true,"href":"https:\/\/fts.you2.pl\/en\/wp-json\/wp\/v2\/product_tag?post=2957"}],"curies":[{"name":"wp","href":"https:\/\/api.w.org\/{rel}","templated":true}]}}