{"id":2963,"date":"2025-05-11T16:19:32","date_gmt":"2025-05-11T14:19:32","guid":{"rendered":"https:\/\/fts.you2.pl\/index.php\/produkt\/brescia-calcio-2004-05-away-m\/"},"modified":"2025-09-19T15:48:24","modified_gmt":"2025-09-19T13:48:24","slug":"brescia-calcio-2004-05-away-m","status":"publish","type":"product","link":"https:\/\/fts.you2.pl\/en\/brescia-calcio-2004-05-away-m\/","title":{"rendered":"Koszulka pi\u0142karska Brescia Calcio 2004\/05 Away [M]"},"content":{"rendered":"<p><strong>Klub:<\/strong> Brescia Calcio<\/p>\n<p><strong>Sezon:<\/strong> 2004\/05 Away<\/p>\n<p><strong>Rozmiar: <\/strong>M<\/p>\n<p><strong>Stan:<\/strong> Bardzo dobry &#8211; kilka mikro zaci\u0105gni\u0119\u0107.<\/p>\n<p><strong>Wymiary (szeroko\u015b\u0107 pod pachami\/d\u0142ugo\u015b\u0107) w cm: <\/strong>49\/64(prz\u00f3d), 68(ty\u0142)<\/p>","protected":false},"excerpt":{"rendered":"<p data-start=\"0\" data-end=\"86\"><strong data-start=\"0\" data-end=\"84\">Oryginalna koszulka pi\u0142karska Brescii Calcio z sezonu 2004\/05 \u2013 produkcji Kappy.<\/strong><\/p>\n<p data-start=\"88\" data-end=\"575\">Ta <strong data-start=\"91\" data-end=\"156\">oryginalna wyjazdowa koszulka Brescii Calcio z sezonu 2004\/05<\/strong>, wyprodukowana przez <strong data-start=\"178\" data-end=\"187\">Kapp\u0119<\/strong>, to klasyczny model w <strong data-start=\"210\" data-end=\"228\">bia\u0142ym kolorze<\/strong>, wyr\u00f3\u017cniaj\u0105cy si\u0119 ikonicznym motywem <strong data-start=\"266\" data-end=\"308\">niebieskiego pasa w kszta\u0142cie strza\u0142ki<\/strong> na froncie. Charakterystyczny design sta\u0142 si\u0119 jednym z najbardziej rozpoznawalnych element\u00f3w koszulek Brescii, nadaj\u0105c im unikalny i elegancki charakter. Na \u015brodku koszulki widnieje logo sponsora <strong data-start=\"505\" data-end=\"524\">Banca Lombardia<\/strong>, kt\u00f3re podkre\u015bla autentyczno\u015b\u0107 tego egzemplarza.<\/p>\n<p data-start=\"577\" data-end=\"923\">Na piersi umieszczono <strong data-start=\"599\" data-end=\"622\">herb Brescii Calcio<\/strong> oraz logo <strong data-start=\"633\" data-end=\"642\">Kappy<\/strong>, a ca\u0142o\u015b\u0107 wykonano z elastycznego i dopasowanego materia\u0142u, charakterystycznego dla projekt\u00f3w tej marki w tamtym okresie. Koszulka gwarantowa\u0142a pi\u0142karzom <strong data-start=\"797\" data-end=\"835\">komfort, trwa\u0142o\u015b\u0107 i swobod\u0119 ruch\u00f3w<\/strong>, a jej dopasowany kr\u00f3j by\u0142 znakiem rozpoznawczym kolekcji Kappy z pocz\u0105tku XXI wieku.<\/p>\n<p data-start=\"925\" data-end=\"1385\">Sezon <strong data-start=\"931\" data-end=\"942\">2004\/05<\/strong> by\u0142 dla Brescii niezwykle trudny \u2013 dru\u017cyna rywalizowa\u0142a w <strong data-start=\"1001\" data-end=\"1012\">Serie A<\/strong>, ale mimo obecno\u015bci w sk\u0142adzie tak znanych postaci jak <strong data-start=\"1068\" data-end=\"1086\">Roberto Baggio<\/strong> (dla kt\u00f3rego by\u0142 to ostatni sezon w karierze), klub ostatecznie nie zdo\u0142a\u0142 utrzyma\u0107 si\u0119 w najwy\u017cszej klasie rozgrywkowej. Mimo to koszulki z tamtego okresu zyska\u0142y status kultowych, \u0142\u0105cz\u0105c w sobie <strong data-start=\"1284\" data-end=\"1382\">pi\u0142karsk\u0105 histori\u0119, unikalny styl i posta\u0107 jednego z najwi\u0119kszych w\u0142oskich pi\u0142karzy w historii<\/strong>.<\/p>\n<p data-start=\"1387\" data-end=\"1579\">Ta koszulka to doskona\u0142y wyb\u00f3r dla <strong data-start=\"1422\" data-end=\"1472\">kolekcjoner\u00f3w oryginalnych stroj\u00f3w pi\u0142karskich<\/strong> oraz <strong data-start=\"1478\" data-end=\"1494\">fan\u00f3w calcio<\/strong>, kt\u00f3rzy ceni\u0105 sobie modele z unikalnym designem i bogatym kontekstem historycznym.<\/p>","protected":false},"featured_media":13292,"template":"","meta":{"_kad_blocks_custom_css":"","_kad_blocks_head_custom_js":"","_kad_blocks_body_custom_js":"","_kad_blocks_footer_custom_js":"","_kad_post_transparent":"","_kad_post_title":"","_kad_post_layout":"","_kad_post_sidebar_id":"","_kad_post_content_style":"","_kad_post_vertical_padding":"","_kad_post_feature":"","_kad_post_feature_position":"","_kad_post_header":false,"_kad_post_footer":false},"product_brand":[35],"product_cat":[31,117,152],"product_tag":[],"class_list":{"0":"post-2963","1":"product","2":"type-product","3":"status-publish","4":"has-post-thumbnail","6":"product_brand-kappa","7":"product_cat-kluby-europejskie","8":"product_cat-kluby-wloskie","9":"product_cat-pozostale-kluby-wloskie","10":"pa_rozmiar-m","12":"first","13":"instock","14":"taxable","15":"shipping-taxable","16":"purchasable","17":"product-type-simple","18":"entry","19":"content-bg","20":"loop-entry"},"taxonomy_info":{"product_brand":[{"value":35,"label":"Kappa"}],"product_cat":[{"value":31,"label":"Kluby Europejskie"},{"value":117,"label":"Kluby W\u0142oskie"},{"value":152,"label":"Pozosta\u0142e kluby w\u0142oskie"}],"pa_rozmiar":[{"value":28,"label":"M"}]},"featured_image_src_large":["https:\/\/fts.you2.pl\/wp-content\/uploads\/2025\/09\/Photoroom_068_20250510_214825-1024x1024.png",1024,1024,true],"author_info":[],"comment_info":"","_links":{"self":[{"href":"https:\/\/fts.you2.pl\/en\/wp-json\/wp\/v2\/product\/2963","targetHints":{"allow":["GET"]}}],"collection":[{"href":"https:\/\/fts.you2.pl\/en\/wp-json\/wp\/v2\/product"}],"about":[{"href":"https:\/\/fts.you2.pl\/en\/wp-json\/wp\/v2\/types\/product"}],"wp:featuredmedia":[{"embeddable":true,"href":"https:\/\/fts.you2.pl\/en\/wp-json\/wp\/v2\/media\/13292"}],"wp:attachment":[{"href":"https:\/\/fts.you2.pl\/en\/wp-json\/wp\/v2\/media?parent=2963"}],"wp:term":[{"taxonomy":"product_brand","embeddable":true,"href":"https:\/\/fts.you2.pl\/en\/wp-json\/wp\/v2\/product_brand?post=2963"},{"taxonomy":"product_cat","embeddable":true,"href":"https:\/\/fts.you2.pl\/en\/wp-json\/wp\/v2\/product_cat?post=2963"},{"taxonomy":"product_tag","embeddable":true,"href":"https:\/\/fts.you2.pl\/en\/wp-json\/wp\/v2\/product_tag?post=2963"}],"curies":[{"name":"wp","href":"https:\/\/api.w.org\/{rel}","templated":true}]}}