{"id":2967,"date":"2025-05-11T16:19:27","date_gmt":"2025-05-11T14:19:27","guid":{"rendered":"https:\/\/fts.you2.pl\/index.php\/produkt\/everton-fc-2008-09-away-xxl\/"},"modified":"2025-09-19T15:50:12","modified_gmt":"2025-09-19T13:50:12","slug":"everton-fc-2008-09-away-xxl","status":"publish","type":"product","link":"https:\/\/fts.you2.pl\/en\/everton-fc-2008-09-away-xxl\/","title":{"rendered":"Koszulki pi\u0142karska Everton FC 2008\/09 Away [XXL]"},"content":{"rendered":"<p><strong>Klub:<\/strong> Everton FC<\/p>\n<p><strong>Sezon:<\/strong> 2008\/09 Away<\/p>\n<p><strong>Rozmiar: <\/strong>XXL<\/p>\n<p><strong>Stan:<\/strong> Bardzo dobry &#8211; jedna drobna plamka na plecach.<\/p>\n<p><strong>Wymiary (szeroko\u015b\u0107 pod pachami\/d\u0142ugo\u015b\u0107) w cm: <\/strong>64\/78<\/p>","protected":false},"excerpt":{"rendered":"<p data-start=\"0\" data-end=\"82\"><strong data-start=\"0\" data-end=\"80\">Oryginalna koszulka pi\u0142karska Everton FC z sezonu 2008\/09 \u2013 produkcji Umbro.<\/strong><\/p>\n<p data-start=\"84\" data-end=\"504\">Ta <strong data-start=\"87\" data-end=\"148\">oryginalna wyjazdowa koszulka Everton FC z sezonu 2008\/09<\/strong>, wyprodukowana przez <strong data-start=\"170\" data-end=\"179\">Umbro<\/strong>, to wyj\u0105tkowy model w wersji z <strong data-start=\"211\" data-end=\"229\">d\u0142ugim r\u0119kawem<\/strong>, utrzymany w <strong data-start=\"243\" data-end=\"261\">bia\u0142ym kolorze<\/strong> z charakterystycznym <strong data-start=\"283\" data-end=\"349\">szarym i czarnym poziomym pasem na wysoko\u015bci klatki piersiowej<\/strong>. Na froncie koszulki umieszczono logo sponsora <strong data-start=\"397\" data-end=\"411\">Chang Beer<\/strong>, kt\u00f3re w tamtym okresie by\u0142o nieod\u0142\u0105cznym elementem to\u017csamo\u015bci klubowych stroj\u00f3w Evertonu.<\/p>\n<p data-start=\"506\" data-end=\"837\">Koszulka zdobiona jest r\u00f3wnie\u017c <strong data-start=\"537\" data-end=\"556\">herbem Evertonu<\/strong> oraz logo <strong data-start=\"567\" data-end=\"576\">Umbro<\/strong>, a ca\u0142o\u015b\u0107 zosta\u0142a zaprojektowana w duchu klasycznej prostoty, z nowoczesnymi akcentami nadaj\u0105cymi jej wyj\u0105tkowego stylu. Dzi\u0119ki zastosowaniu technologii <strong data-start=\"730\" data-end=\"755\">Umbro Climate Control<\/strong>, koszulka zapewnia\u0142a pi\u0142karzom <strong data-start=\"787\" data-end=\"834\">wygod\u0119, przewiewno\u015b\u0107 i pe\u0142n\u0105 swobod\u0119 ruch\u00f3w<\/strong>.<\/p>\n<p data-start=\"839\" data-end=\"1274\">Sezon <strong data-start=\"845\" data-end=\"856\">2008\/09<\/strong> okaza\u0142 si\u0119 jednym z lepszych w nowoczesnej historii Evertonu \u2013 dru\u017cyna prowadzona przez <strong data-start=\"945\" data-end=\"962\">Davida Moyesa<\/strong> zako\u0144czy\u0142a rozgrywki Premier League na <strong data-start=\"1002\" data-end=\"1016\">5. miejscu<\/strong>, a dodatkowo dotar\u0142a do <strong data-start=\"1041\" data-end=\"1075\">fina\u0142u Pucharu Anglii (FA Cup)<\/strong>, gdzie zmierzy\u0142a si\u0119 z Chelsea na Wembley. Kluczow\u0105 rol\u0119 w zespole odgrywali w\u00f3wczas m.in. <strong data-start=\"1167\" data-end=\"1232\">Mikel Arteta, Tim Cahill, Marouane Fellaini i Leighton Baines<\/strong>, kt\u00f3rzy stanowili o sile \u201eThe Toffees\u201d.<\/p>\n<p data-start=\"1276\" data-end=\"1514\">Ta koszulka to niezwyk\u0142a pami\u0105tka z sezonu pe\u0142nego emocji, b\u0119d\u0105ca doskona\u0142\u0105 propozycj\u0105 dla <strong data-start=\"1367\" data-end=\"1418\">kolekcjoner\u00f3w oryginalnych koszulek pi\u0142karskich<\/strong> oraz wiernych <strong data-start=\"1433\" data-end=\"1451\">fan\u00f3w Evertonu<\/strong>, ceni\u0105cych sobie stroje z wa\u017cnych moment\u00f3w w historii klubu.<\/p>","protected":false},"featured_media":13328,"template":"","meta":{"_kad_blocks_custom_css":"","_kad_blocks_head_custom_js":"","_kad_blocks_body_custom_js":"","_kad_blocks_footer_custom_js":"","_kad_post_transparent":"","_kad_post_title":"","_kad_post_layout":"","_kad_post_sidebar_id":"","_kad_post_content_style":"","_kad_post_vertical_padding":"","_kad_post_feature":"","_kad_post_feature_position":"","_kad_post_header":false,"_kad_post_footer":false},"product_brand":[21],"product_cat":[92,32,31],"product_tag":[],"class_list":{"0":"post-2967","1":"product","2":"type-product","3":"status-publish","4":"has-post-thumbnail","6":"product_brand-umbro","7":"product_cat-everton-fc","8":"product_cat-kluby-angielskie","9":"product_cat-kluby-europejskie","10":"pa_rozmiar-xxl","12":"first","13":"instock","14":"taxable","15":"shipping-taxable","16":"purchasable","17":"product-type-simple","18":"entry","19":"content-bg","20":"loop-entry"},"taxonomy_info":{"product_brand":[{"value":21,"label":"Umbro"}],"product_cat":[{"value":92,"label":"Everton FC"},{"value":32,"label":"Kluby Angielskie"},{"value":31,"label":"Kluby Europejskie"}],"pa_rozmiar":[{"value":71,"label":"XXL"}]},"featured_image_src_large":["https:\/\/fts.you2.pl\/wp-content\/uploads\/2025\/09\/Photoroom_024_20250510_214825-1024x1024.png",1024,1024,true],"author_info":[],"comment_info":"","_links":{"self":[{"href":"https:\/\/fts.you2.pl\/en\/wp-json\/wp\/v2\/product\/2967","targetHints":{"allow":["GET"]}}],"collection":[{"href":"https:\/\/fts.you2.pl\/en\/wp-json\/wp\/v2\/product"}],"about":[{"href":"https:\/\/fts.you2.pl\/en\/wp-json\/wp\/v2\/types\/product"}],"wp:featuredmedia":[{"embeddable":true,"href":"https:\/\/fts.you2.pl\/en\/wp-json\/wp\/v2\/media\/13328"}],"wp:attachment":[{"href":"https:\/\/fts.you2.pl\/en\/wp-json\/wp\/v2\/media?parent=2967"}],"wp:term":[{"taxonomy":"product_brand","embeddable":true,"href":"https:\/\/fts.you2.pl\/en\/wp-json\/wp\/v2\/product_brand?post=2967"},{"taxonomy":"product_cat","embeddable":true,"href":"https:\/\/fts.you2.pl\/en\/wp-json\/wp\/v2\/product_cat?post=2967"},{"taxonomy":"product_tag","embeddable":true,"href":"https:\/\/fts.you2.pl\/en\/wp-json\/wp\/v2\/product_tag?post=2967"}],"curies":[{"name":"wp","href":"https:\/\/api.w.org\/{rel}","templated":true}]}}