{"id":2970,"date":"2025-05-11T16:19:22","date_gmt":"2025-05-11T14:19:22","guid":{"rendered":"https:\/\/fts.you2.pl\/index.php\/produkt\/galatasaray-2008-09-third-s\/"},"modified":"2025-09-19T15:51:33","modified_gmt":"2025-09-19T13:51:33","slug":"galatasaray-2008-09-third-s","status":"publish","type":"product","link":"https:\/\/fts.you2.pl\/en\/galatasaray-2008-09-third-s\/","title":{"rendered":"Koszulka pi\u0142karska Galatasaray 2008\/09 Third [S]"},"content":{"rendered":"<p><strong>Klub:<\/strong> Galatasaray<\/p>\n<p><strong>Sezon:<\/strong> 2008\/09 Third<\/p>\n<p><strong>Rozmiar: <\/strong>S<\/p>\n<p><strong>Stan:<\/strong> Bardzo dobry &#8211; trzy drobne zabrudzenia na r\u0119kawku.<\/p>\n<p><strong>Wymiary (szeroko\u015b\u0107 pod pachami\/d\u0142ugo\u015b\u0107) w cm: <\/strong>50\/68<\/p>","protected":false},"excerpt":{"rendered":"<p data-start=\"0\" data-end=\"88\"><strong data-start=\"0\" data-end=\"86\">Oryginalna koszulka pi\u0142karska Galatasaray SK z sezonu 2008\/09 \u2013 produkcji Adidasa.<\/strong><\/p>\n<p data-start=\"90\" data-end=\"470\">Ta <strong data-start=\"93\" data-end=\"156\">oryginalna trzecia koszulka Galatasaray SK z sezonu 2008\/09<\/strong>, wyprodukowana przez <strong data-start=\"178\" data-end=\"189\">Adidasa<\/strong>, to model utrzymany w klasycznych dla klubu <strong data-start=\"234\" data-end=\"268\">pomara\u0144czowo-bordowych barwach<\/strong>, zaprezentowanych w formie <strong data-start=\"296\" data-end=\"325\">szerokich pionowych pas\u00f3w<\/strong>. Na froncie znajduje si\u0119 logo sponsora <strong data-start=\"365\" data-end=\"373\">AVEA<\/strong>, kt\u00f3ry w tamtym okresie by\u0142 jednym z najbardziej rozpoznawalnych partner\u00f3w tureckiego giganta.<\/p>\n<p data-start=\"472\" data-end=\"842\">Koszulka zdobiona jest r\u00f3wnie\u017c <strong data-start=\"503\" data-end=\"528\">herbem Galatasaray SK<\/strong> oraz logo <strong data-start=\"539\" data-end=\"550\">Adidasa<\/strong>, a ca\u0142o\u015b\u0107 wykonana zosta\u0142a z lekkiego materia\u0142u w technologii <strong data-start=\"613\" data-end=\"626\">Climacool<\/strong>, kt\u00f3ra zapewnia\u0142a zawodnikom <strong data-start=\"656\" data-end=\"698\">komfort, przewiewno\u015b\u0107 i swobod\u0119 ruch\u00f3w<\/strong> podczas gry. Projekt idealnie \u0142\u0105czy tradycj\u0119 klubowych barw z nowoczesnym stylem, charakterystycznym dla ko\u0144c\u00f3wki pierwszej dekady XXI wieku.<\/p>\n<p data-start=\"844\" data-end=\"1180\">Sezon <strong data-start=\"850\" data-end=\"861\">2008\/09<\/strong> by\u0142 dla Galatasaray czasem rywalizacji w <strong data-start=\"903\" data-end=\"916\">S\u00fcper Lig<\/strong> oraz na arenie mi\u0119dzynarodowej \u2013 klub wyst\u0119powa\u0142 w rozgrywkach <strong data-start=\"980\" data-end=\"996\">Pucharu UEFA<\/strong>, dochodz\u0105c do <strong data-start=\"1011\" data-end=\"1025\">1\/8 fina\u0142u<\/strong>, gdzie zmierzy\u0142 si\u0119 z Hamburger SV. W lidze natomiast \u201eCim Bom\u201d zako\u0144czyli zmagania na 5. miejscu, przechodz\u0105c przez okres zmian kadrowych i sportowych.<\/p>\n<p data-start=\"1182\" data-end=\"1405\">Ta koszulka to doskona\u0142y wyb\u00f3r dla <strong data-start=\"1217\" data-end=\"1268\">kolekcjoner\u00f3w oryginalnych koszulek pi\u0142karskich<\/strong> oraz fan\u00f3w Galatasaray, kt\u00f3rzy ceni\u0105 sobie modele \u0142\u0105cz\u0105ce <strong data-start=\"1327\" data-end=\"1403\">klubow\u0105 tradycj\u0119, wyraziste barwy i autentyczny klimat futbolu lat 2000.<\/strong><\/p>","protected":false},"featured_media":13356,"template":"","meta":{"_kad_blocks_custom_css":"","_kad_blocks_head_custom_js":"","_kad_blocks_body_custom_js":"","_kad_blocks_footer_custom_js":"","_kad_post_transparent":"","_kad_post_title":"","_kad_post_layout":"","_kad_post_sidebar_id":"","_kad_post_content_style":"","_kad_post_vertical_padding":"","_kad_post_feature":"","_kad_post_feature_position":"","_kad_post_header":false,"_kad_post_footer":false},"product_brand":[45],"product_cat":[50,31,51],"product_tag":[],"class_list":{"0":"post-2970","1":"product","2":"type-product","3":"status-publish","4":"has-post-thumbnail","6":"product_brand-adidas","7":"product_cat-kluby-europejskie-kluby-europejskie","8":"product_cat-kluby-europejskie","9":"product_cat-turcja","10":"pa_rozmiar-s","12":"first","13":"instock","14":"taxable","15":"shipping-taxable","16":"purchasable","17":"product-type-simple","18":"entry","19":"content-bg","20":"loop-entry"},"taxonomy_info":{"product_brand":[{"value":45,"label":"Adidas"}],"product_cat":[{"value":50,"label":"Kluby Europejskie"},{"value":31,"label":"Kluby Europejskie"},{"value":51,"label":"Turcja"}],"pa_rozmiar":[{"value":19,"label":"S"}]},"featured_image_src_large":["https:\/\/fts.you2.pl\/wp-content\/uploads\/2025\/09\/Photoroom_012_20250510_214825-1024x1024.png",1024,1024,true],"author_info":[],"comment_info":"","_links":{"self":[{"href":"https:\/\/fts.you2.pl\/en\/wp-json\/wp\/v2\/product\/2970","targetHints":{"allow":["GET"]}}],"collection":[{"href":"https:\/\/fts.you2.pl\/en\/wp-json\/wp\/v2\/product"}],"about":[{"href":"https:\/\/fts.you2.pl\/en\/wp-json\/wp\/v2\/types\/product"}],"wp:featuredmedia":[{"embeddable":true,"href":"https:\/\/fts.you2.pl\/en\/wp-json\/wp\/v2\/media\/13356"}],"wp:attachment":[{"href":"https:\/\/fts.you2.pl\/en\/wp-json\/wp\/v2\/media?parent=2970"}],"wp:term":[{"taxonomy":"product_brand","embeddable":true,"href":"https:\/\/fts.you2.pl\/en\/wp-json\/wp\/v2\/product_brand?post=2970"},{"taxonomy":"product_cat","embeddable":true,"href":"https:\/\/fts.you2.pl\/en\/wp-json\/wp\/v2\/product_cat?post=2970"},{"taxonomy":"product_tag","embeddable":true,"href":"https:\/\/fts.you2.pl\/en\/wp-json\/wp\/v2\/product_tag?post=2970"}],"curies":[{"name":"wp","href":"https:\/\/api.w.org\/{rel}","templated":true}]}}