{"id":2972,"date":"2025-05-11T16:19:37","date_gmt":"2025-05-11T14:19:37","guid":{"rendered":"https:\/\/fts.you2.pl\/index.php\/produkt\/grecja-2002-03-home-xl\/"},"modified":"2025-09-19T15:52:18","modified_gmt":"2025-09-19T13:52:18","slug":"grecja-2002-03-home-xl","status":"publish","type":"product","link":"https:\/\/fts.you2.pl\/en\/grecja-2002-03-home-xl\/","title":{"rendered":"Koszulka pi\u0142karska Grecja 2002\/03 Home [XL]"},"content":{"rendered":"<p><strong>Klub:<\/strong> Grecja<\/p>\n<p><strong>Sezon:<\/strong> 2002\/03 Home<\/p>\n<p><strong>Rozmiar: <\/strong>XL<\/p>\n<p><strong>Stan:<\/strong> Doskona\u0142y<\/p>\n<p><strong>Wymiary (szeroko\u015b\u0107 pod pachami\/d\u0142ugo\u015b\u0107) w cm: <\/strong>56\/74(prz\u00f3d), 83(ty\u0142)<\/p>","protected":false},"excerpt":{"rendered":"<p data-start=\"0\" data-end=\"101\"><strong data-start=\"0\" data-end=\"99\">Oryginalna koszulka pi\u0142karska reprezentacji Grecji z sezonu 2002\/03 \u2013 produkcji Le Coq Sportif.<\/strong><\/p>\n<p data-start=\"103\" data-end=\"506\">Ta <strong data-start=\"106\" data-end=\"174\">oryginalna domowa koszulka reprezentacji Grecji z sezonu 2002\/03<\/strong>, wyprodukowana przez <strong data-start=\"196\" data-end=\"214\">Le Coq Sportif<\/strong>, to klasyczny model utrzymany w tradycyjnym <strong data-start=\"259\" data-end=\"277\">niebieskim kolorze<\/strong> z subtelnymi, bia\u0142ymi akcentami. Prosty i elegancki design idealnie wpisuje si\u0119 w charakter stroj\u00f3w narodowych, a jednocze\u015bnie oddaje ducha dru\u017cyny, kt\u00f3ra na pocz\u0105tku XXI wieku przygotowywa\u0142a si\u0119 do historycznych sukces\u00f3w.<\/p>\n<p data-start=\"508\" data-end=\"783\">Na piersi znajduje si\u0119 <strong data-start=\"531\" data-end=\"570\">herb Greckiej Federacji Pi\u0142karskiej<\/strong>, logo <strong data-start=\"577\" data-end=\"595\">Le Coq Sportif<\/strong> oraz charakterystyczne detale stylistyczne producenta. Koszulka wykonana zosta\u0142a z lekkiego, oddychaj\u0105cego materia\u0142u, co zapewnia\u0142o pi\u0142karzom <strong data-start=\"738\" data-end=\"766\">komfort i swobod\u0119 ruch\u00f3w<\/strong> w trakcie gry.<\/p>\n<p data-start=\"785\" data-end=\"1140\">Sezon <strong data-start=\"791\" data-end=\"802\">2002\/03<\/strong> by\u0142 okresem budowania fundament\u00f3w pod przysz\u0142e triumfy reprezentacji Grecji. Pod wodz\u0105 niemieckiego selekcjonera <strong data-start=\"916\" data-end=\"934\">Otto Rehhagela<\/strong> dru\u017cyna zacz\u0119\u0142a stopniowo wzmacnia\u0107 swoj\u0105 pozycj\u0119, przygotowuj\u0105c si\u0119 do eliminacji Euro 2004, kt\u00f3re zako\u0144czy\u0142o si\u0119 najwi\u0119kszym sukcesem w historii greckiego futbolu \u2013 <strong data-start=\"1102\" data-end=\"1137\">mistrzostwem Europy w 2004 roku<\/strong>.<\/p>\n<p data-start=\"1142\" data-end=\"1392\">Ta koszulka to wyj\u0105tkowa propozycja dla <strong data-start=\"1182\" data-end=\"1232\">kolekcjoner\u00f3w oryginalnych stroj\u00f3w pi\u0142karskich<\/strong> oraz fan\u00f3w reprezentacji Grecji, kt\u00f3rzy chc\u0105 posiada\u0107 pami\u0105tk\u0119 z okresu, w kt\u00f3rym rodzi\u0142a si\u0119 legenda jednej z najwi\u0119kszych niespodzianek w dziejach futbolu.<\/p>","protected":false},"featured_media":13370,"template":"","meta":{"_kad_blocks_custom_css":"","_kad_blocks_head_custom_js":"","_kad_blocks_body_custom_js":"","_kad_blocks_footer_custom_js":"","_kad_post_transparent":"","_kad_post_title":"","_kad_post_layout":"","_kad_post_sidebar_id":"","_kad_post_content_style":"","_kad_post_vertical_padding":"","_kad_post_feature":"","_kad_post_feature_position":"","_kad_post_header":false,"_kad_post_footer":false},"product_brand":[96],"product_cat":[23,114,22],"product_tag":[],"class_list":{"0":"post-2972","1":"product","2":"type-product","3":"status-publish","4":"has-post-thumbnail","6":"product_brand-le-coq-sportif","7":"product_cat-europa","8":"product_cat-pozostale","9":"product_cat-reprezentacje","10":"pa_rozmiar-xl","12":"first","13":"instock","14":"taxable","15":"shipping-taxable","16":"purchasable","17":"product-type-simple","18":"entry","19":"content-bg","20":"loop-entry"},"taxonomy_info":{"product_brand":[{"value":96,"label":"Le Coq Sportif"}],"product_cat":[{"value":23,"label":"Europa"},{"value":114,"label":"Pozosta\u0142e"},{"value":22,"label":"REPREZENTACJE"}],"pa_rozmiar":[{"value":57,"label":"XL"}]},"featured_image_src_large":["https:\/\/fts.you2.pl\/wp-content\/uploads\/2025\/09\/Photoroom_074_20250510_214825-1024x1024.png",1024,1024,true],"author_info":[],"comment_info":"","_links":{"self":[{"href":"https:\/\/fts.you2.pl\/en\/wp-json\/wp\/v2\/product\/2972","targetHints":{"allow":["GET"]}}],"collection":[{"href":"https:\/\/fts.you2.pl\/en\/wp-json\/wp\/v2\/product"}],"about":[{"href":"https:\/\/fts.you2.pl\/en\/wp-json\/wp\/v2\/types\/product"}],"wp:featuredmedia":[{"embeddable":true,"href":"https:\/\/fts.you2.pl\/en\/wp-json\/wp\/v2\/media\/13370"}],"wp:attachment":[{"href":"https:\/\/fts.you2.pl\/en\/wp-json\/wp\/v2\/media?parent=2972"}],"wp:term":[{"taxonomy":"product_brand","embeddable":true,"href":"https:\/\/fts.you2.pl\/en\/wp-json\/wp\/v2\/product_brand?post=2972"},{"taxonomy":"product_cat","embeddable":true,"href":"https:\/\/fts.you2.pl\/en\/wp-json\/wp\/v2\/product_cat?post=2972"},{"taxonomy":"product_tag","embeddable":true,"href":"https:\/\/fts.you2.pl\/en\/wp-json\/wp\/v2\/product_tag?post=2972"}],"curies":[{"name":"wp","href":"https:\/\/api.w.org\/{rel}","templated":true}]}}