{"id":2973,"date":"2025-05-11T16:19:55","date_gmt":"2025-05-11T14:19:55","guid":{"rendered":"https:\/\/fts.you2.pl\/index.php\/produkt\/hiszpania-2005-07-home-l\/"},"modified":"2025-09-19T15:52:39","modified_gmt":"2025-09-19T13:52:39","slug":"hiszpania-2005-07-home-l","status":"publish","type":"product","link":"https:\/\/fts.you2.pl\/en\/hiszpania-2005-07-home-l\/","title":{"rendered":"Koszulka pi\u0142karska Hiszpania 2005\/07 Home [L]"},"content":{"rendered":"<p><strong>Klub:<\/strong> Hiszpania<\/p>\n<p><strong>Sezon:<\/strong> 2005\/07 Home<\/p>\n<p><strong>Rozmiar: <\/strong>L<\/p>\n<p><strong>Stan:<\/strong> Bardzo dobry &#8211; dwa mikro zaci\u0105gni\u0119cia.<\/p>\n<p><strong>Wymiary (szeroko\u015b\u0107 pod pachami\/d\u0142ugo\u015b\u0107) w cm: <\/strong>55\/70<\/p>","protected":false},"excerpt":{"rendered":"<article class=\"text-token-text-primary w-full focus:outline-none scroll-mt-[calc(var(--header-height)+min(200px,max(70px,20svh)))]\" dir=\"auto\" tabindex=\"-1\" data-turn-id=\"request-68950bf4-d268-832b-b17f-2a1c03cf50f2-1\" data-testid=\"conversation-turn-18\" data-scroll-anchor=\"true\" data-turn=\"assistant\">\n<div class=\"text-base my-auto mx-auto pb-10 [--thread-content-margin:--spacing(4)] @[37rem]:[--thread-content-margin:--spacing(6)] @[72rem]:[--thread-content-margin:--spacing(16)] px-(--thread-content-margin)\">\n<div class=\"[--thread-content-max-width:32rem] @[34rem]:[--thread-content-max-width:40rem] @[64rem]:[--thread-content-max-width:48rem] mx-auto max-w-(--thread-content-max-width) flex-1 group\/turn-messages focus-visible:outline-hidden relative flex w-full min-w-0 flex-col agent-turn\" tabindex=\"-1\">\n<div class=\"flex max-w-full flex-col grow\">\n<div class=\"min-h-8 text-message relative flex w-full flex-col items-end gap-2 text-start break-words whitespace-normal [.text-message+&amp;]:mt-5\" dir=\"auto\" data-message-author-role=\"assistant\" data-message-id=\"cf0c031f-f065-4310-a204-ea49edc5c040\" data-message-model-slug=\"gpt-4o-mini\">\n<div class=\"flex w-full flex-col gap-1 empty:hidden first:pt-[3px]\">\n<div class=\"markdown prose dark:prose-invert w-full break-words light markdown-new-styling\">\n<p data-start=\"0\" data-end=\"89\"><strong data-start=\"0\" data-end=\"89\">Oryginalna domowa koszulka reprezentacji Hiszpanii z lat 2005-2007 produkcji Adidasa.<\/strong><\/p>\n<p data-start=\"91\" data-end=\"503\">Ta <strong data-start=\"94\" data-end=\"134\">oryginalna domowa koszulka pi\u0142karska<\/strong> reprezentacji Hiszpanii z lat 2005-2007, wyprodukowana przez <strong data-start=\"196\" data-end=\"207\">Adidasa<\/strong>, to model, kt\u00f3ry doskonale oddaje ducha hiszpa\u0144skiego futbolu z okresu, kt\u00f3ry przygotowywa\u0142 dru\u017cyn\u0119 do wielkich sukces\u00f3w na arenie mi\u0119dzynarodowej. Koszulka wyr\u00f3\u017cnia si\u0119 prostym, ale eleganckim designem, kt\u00f3ry nawi\u0105zuje do tradycji dru\u017cyny narodowej, jednocze\u015bnie wprowadzaj\u0105c nowoczesny akcent.<\/p>\n<p data-start=\"505\" data-end=\"919\">Koszulka utrzymana jest w klasycznym <strong data-start=\"542\" data-end=\"555\">czerwonym<\/strong> kolorze, kt\u00f3ry jest podstawowym elementem barw narodowych Hiszpanii. Charakterystycznym detalem s\u0105 <strong data-start=\"655\" data-end=\"685\">cienkie pionowe \u017c\u00f3\u0142te pasy<\/strong>, kt\u00f3re biegn\u0105 przez ca\u0142\u0105 d\u0142ugo\u015b\u0107 koszulki, nadaj\u0105c jej unikalnego, sportowego charakteru. Na piersi znajduje si\u0119 <strong data-start=\"799\" data-end=\"827\">haftowany herb Hiszpanii<\/strong>, a tak\u017ce logo <strong data-start=\"842\" data-end=\"853\">Adidasa<\/strong>, co stanowi gwarancj\u0119 wysokiej jako\u015bci i autentyczno\u015bci produktu.<\/p>\n<p data-start=\"921\" data-end=\"1177\">Koszulka zosta\u0142a wykonana z lekkiego, oddychaj\u0105cego materia\u0142u, kt\u00f3ry zapewnia <strong data-start=\"999\" data-end=\"1010\">komfort<\/strong> i <strong data-start=\"1013\" data-end=\"1031\">swobod\u0119 ruch\u00f3w<\/strong>. Dzi\u0119ki zastosowanej technologii <strong data-start=\"1065\" data-end=\"1078\">Climalite<\/strong>, materia\u0142 doskonale odprowadza wilgo\u0107 i zapewnia ch\u0142odzenie podczas intensywnych zmaga\u0144 na boisku.<\/p>\n<p data-start=\"1179\" data-end=\"1605\">Sezony 2005-2007 to okres, w kt\u00f3rym reprezentacja Hiszpanii przygotowywa\u0142a si\u0119 do nadchodz\u0105cych sukces\u00f3w, w tym do triumfu na Mistrzostwach Europy 2008. W dru\u017cynie wyst\u0119powali zawodnicy tacy jak <strong data-start=\"1374\" data-end=\"1391\">Iker Casillas<\/strong>, <strong data-start=\"1393\" data-end=\"1411\">Xavi Hern\u00e1ndez<\/strong>, <strong data-start=\"1413\" data-end=\"1431\">Andr\u00e9s Iniesta<\/strong> czy <strong data-start=\"1436\" data-end=\"1451\">David Villa<\/strong>, kt\u00f3rzy stanowili fundament p\u00f3\u017aniejszej, z\u0142otej generacji Hiszpanii. Koszulka ta jest cz\u0119\u015bci\u0105 tej drogi, symbolizuj\u0105c momenty przed wielk\u0105 er\u0105 zwyci\u0119stw.<\/p>\n<p data-start=\"1607\" data-end=\"1957\" data-is-last-node=\"\" data-is-only-node=\"\">Dla <strong data-start=\"1611\" data-end=\"1644\">fan\u00f3w reprezentacji Hiszpanii<\/strong>, <strong data-start=\"1646\" data-end=\"1657\">kibic\u00f3w<\/strong> pi\u0142ki no\u017cnej oraz <strong data-start=\"1676\" data-end=\"1714\">kolekcjoner\u00f3w koszulek pi\u0142karskich<\/strong>, ta koszulka jest cennym elementem, kt\u00f3ry przypomina o jednej z najbardziej pami\u0119tnych er w historii hiszpa\u0144skiego futbolu. <strong data-start=\"1839\" data-end=\"1853\">Oryginalna<\/strong>, <strong data-start=\"1855\" data-end=\"1870\">autentyczna<\/strong> i pe\u0142na symboliki \u2013 to idealny wyb\u00f3r do kolekcji lub jako wyj\u0105tkowy element garderoby.<\/p>\n<\/div>\n<\/div>\n<\/div>\n<\/div>\n<\/div>\n<\/div>\n<\/article>\n<div class=\"pointer-events-none h-px w-px\" aria-hidden=\"true\" data-edge=\"true\"><\/div>","protected":false},"featured_media":13377,"template":"","meta":{"_kad_blocks_custom_css":"","_kad_blocks_head_custom_js":"","_kad_blocks_body_custom_js":"","_kad_blocks_footer_custom_js":"","_kad_post_transparent":"","_kad_post_title":"","_kad_post_layout":"","_kad_post_sidebar_id":"","_kad_post_content_style":"","_kad_post_vertical_padding":"","_kad_post_feature":"","_kad_post_feature_position":"","_kad_post_header":false,"_kad_post_footer":false},"product_brand":[45],"product_cat":[23,368,22],"product_tag":[],"class_list":{"0":"post-2973","1":"product","2":"type-product","3":"status-publish","4":"has-post-thumbnail","6":"product_brand-adidas","7":"product_cat-europa","8":"product_cat-hiszpania","9":"product_cat-reprezentacje","10":"pa_rozmiar-l","12":"first","13":"instock","14":"taxable","15":"shipping-taxable","16":"purchasable","17":"product-type-simple","18":"entry","19":"content-bg","20":"loop-entry"},"taxonomy_info":{"product_brand":[{"value":45,"label":"Adidas"}],"product_cat":[{"value":23,"label":"Europa"},{"value":368,"label":"Hiszpania"},{"value":22,"label":"REPREZENTACJE"}],"pa_rozmiar":[{"value":39,"label":"L"}]},"featured_image_src_large":["https:\/\/fts.you2.pl\/wp-content\/uploads\/2025\/09\/Photoroom_026_20250510_214825-1024x1024.png",1024,1024,true],"author_info":[],"comment_info":"","_links":{"self":[{"href":"https:\/\/fts.you2.pl\/en\/wp-json\/wp\/v2\/product\/2973","targetHints":{"allow":["GET"]}}],"collection":[{"href":"https:\/\/fts.you2.pl\/en\/wp-json\/wp\/v2\/product"}],"about":[{"href":"https:\/\/fts.you2.pl\/en\/wp-json\/wp\/v2\/types\/product"}],"wp:featuredmedia":[{"embeddable":true,"href":"https:\/\/fts.you2.pl\/en\/wp-json\/wp\/v2\/media\/13377"}],"wp:attachment":[{"href":"https:\/\/fts.you2.pl\/en\/wp-json\/wp\/v2\/media?parent=2973"}],"wp:term":[{"taxonomy":"product_brand","embeddable":true,"href":"https:\/\/fts.you2.pl\/en\/wp-json\/wp\/v2\/product_brand?post=2973"},{"taxonomy":"product_cat","embeddable":true,"href":"https:\/\/fts.you2.pl\/en\/wp-json\/wp\/v2\/product_cat?post=2973"},{"taxonomy":"product_tag","embeddable":true,"href":"https:\/\/fts.you2.pl\/en\/wp-json\/wp\/v2\/product_tag?post=2973"}],"curies":[{"name":"wp","href":"https:\/\/api.w.org\/{rel}","templated":true}]}}