{"id":2975,"date":"2025-05-11T16:19:51","date_gmt":"2025-05-11T14:19:51","guid":{"rendered":"https:\/\/fts.you2.pl\/index.php\/produkt\/bnwt-polska-2006-08-home-m\/"},"modified":"2025-09-19T15:53:28","modified_gmt":"2025-09-19T13:53:28","slug":"bnwt-polska-2006-08-home-m","status":"publish","type":"product","link":"https:\/\/fts.you2.pl\/en\/bnwt-polska-2006-08-home-m\/","title":{"rendered":"Koszulka pi\u0142karska BNWT Polska 2006\/08 Home [M]"},"content":{"rendered":"<p><strong>Klub:<\/strong> Polska<\/p>\n<p><strong>Sezon:<\/strong> 2006\/08 Home<\/p>\n<p><strong>Rozmiar: <\/strong>M<\/p>\n<p><strong>Stan:<\/strong> BNWT &#8211; Koszulka nowa, z metkami.<\/p>\n<p><strong>Wymiary (szeroko\u015b\u0107 pod pachami\/d\u0142ugo\u015b\u0107) w cm: <\/strong>54\/73<\/p>","protected":false},"excerpt":{"rendered":"<div class=\"relative flex basis-auto flex-col -mb-(--composer-overlap-px) [--composer-overlap-px:28px] grow overflow-hidden\">\n<div class=\"relative h-full\">\n<div class=\"flex h-full flex-col overflow-y-auto [scrollbar-gutter:stable_both-edges] @[84rem]\/thread:pt-(--header-height)\">\n<div class=\"@thread-xl\/thread:pt-header-height flex flex-col text-sm pb-25\">\n<article class=\"text-token-text-primary w-full focus:outline-none scroll-mt-[calc(var(--header-height)+min(200px,max(70px,20svh)))]\" dir=\"auto\" tabindex=\"-1\" data-turn-id=\"request-68950bf4-d268-832b-b17f-2a1c03cf50f2-3\" data-testid=\"conversation-turn-22\" data-scroll-anchor=\"true\" data-turn=\"assistant\">\n<div class=\"text-base my-auto mx-auto pb-10 [--thread-content-margin:--spacing(4)] @[37rem]:[--thread-content-margin:--spacing(6)] @[72rem]:[--thread-content-margin:--spacing(16)] px-(--thread-content-margin)\">\n<div class=\"[--thread-content-max-width:32rem] @[34rem]:[--thread-content-max-width:40rem] @[64rem]:[--thread-content-max-width:48rem] mx-auto max-w-(--thread-content-max-width) flex-1 group\/turn-messages focus-visible:outline-hidden relative flex w-full min-w-0 flex-col agent-turn\" tabindex=\"-1\">\n<div class=\"flex max-w-full flex-col grow\">\n<div class=\"min-h-8 text-message relative flex w-full flex-col items-end gap-2 text-start break-words whitespace-normal [.text-message+&amp;]:mt-5\" dir=\"auto\" data-message-author-role=\"assistant\" data-message-id=\"eaee42db-48d8-4ace-ac98-bbd0ab67a7c4\" data-message-model-slug=\"gpt-4o-mini\">\n<div class=\"flex w-full flex-col gap-1 empty:hidden first:pt-[3px]\">\n<div class=\"markdown prose dark:prose-invert w-full break-words light markdown-new-styling\">\n<p data-start=\"0\" data-end=\"113\"><strong data-start=\"0\" data-end=\"113\">Oryginalna domowa koszulka pi\u0142karska reprezentacji Polski z lat 2006\/08 produkcji Pumy.<\/strong><\/p>\n<p data-start=\"115\" data-end=\"566\">Ta <strong data-start=\"118\" data-end=\"158\">oryginalna domowa koszulka pi\u0142karska<\/strong> reprezentacji Polski z lat 2006\/08, wyprodukowana przez <strong data-start=\"215\" data-end=\"223\">Pum\u0119<\/strong>, jest jednym z najbardziej rozpoznawalnych i kultowych modeli w historii polskiej pi\u0142ki no\u017cnej. Koszulka zyska\u0142a potoczn\u0105 nazw\u0119 <strong data-start=\"343\" data-end=\"356\">&#8222;Husaria&#8221;<\/strong> dzi\u0119ki wyj\u0105tkowemu wzorowi na froncie, przedstawiaj\u0105cemu posta\u0107 husarza, kt\u00f3ry nawi\u0105zuje do narodowej tradycji i symbolizuje si\u0142\u0119, odwag\u0119 i honor \u2013 cechy, kt\u00f3re zawsze towarzyszy\u0142y polskim pi\u0142karzom na boisku.<\/p>\n<p data-start=\"568\" data-end=\"1063\">Koszulka utrzymana jest w <strong data-start=\"594\" data-end=\"604\">bia\u0142ym<\/strong> kolorze, kt\u00f3ry stanowi podstaw\u0119 barw narodowych Polski, a na piersi znajduje si\u0119 <strong data-start=\"686\" data-end=\"711\">haftowany herb Polski<\/strong> w postaci bia\u0142ego or\u0142a na czerwonym tle. Najbardziej charakterystycznym elementem tego modelu jest jednak <strong data-start=\"801\" data-end=\"817\">wz\u00f3r husarza<\/strong> \u2013 dynamiczna, artystyczna grafika, kt\u00f3ra biegnie przez ca\u0142\u0105 d\u0142ugo\u015b\u0107 koszulki, nadaj\u0105c jej wyj\u0105tkowego i historycznego charakteru. Koszulka posiada r\u00f3wnie\u017c subtelne <strong data-start=\"982\" data-end=\"1002\">czerwone akcenty<\/strong> na ko\u0142nierzu i r\u0119kawach, kt\u00f3re nawi\u0105zuj\u0105 do narodowych barw.<\/p>\n<p data-start=\"1358\" data-end=\"1775\">Lata 2006-2008 to czas, kiedy reprezentacja Polski bra\u0142a udzia\u0142 w Mistrzostwach \u015awiata 2006 w Niemczech, a tak\u017ce przygotowywa\u0142a si\u0119 do kolejnych wyzwa\u0144 na arenie mi\u0119dzynarodowej. Koszulka ta sta\u0142a si\u0119 symbolem dru\u017cyny, kt\u00f3ra w swoim sk\u0142adzie mia\u0142a zawodnik\u00f3w takich jak <strong data-start=\"1628\" data-end=\"1643\">Jerzy Dudek<\/strong>, <strong data-start=\"1645\" data-end=\"1661\">Maciej \u017buraw<\/strong>, <strong data-start=\"1663\" data-end=\"1687\">Jakub B\u0142aszczykowski<\/strong> czy <strong data-start=\"1692\" data-end=\"1714\">Euzebiusz Smolarek<\/strong>, walcz\u0105cych o jak najlepszy wynik na mi\u0119dzynarodowej scenie.<\/p>\n<p data-start=\"1777\" data-end=\"2158\" data-is-last-node=\"\" data-is-only-node=\"\">Dla <strong data-start=\"1781\" data-end=\"1811\">fan\u00f3w reprezentacji Polski<\/strong>, <strong data-start=\"1813\" data-end=\"1824\">kibic\u00f3w<\/strong> pi\u0142ki no\u017cnej oraz <strong data-start=\"1843\" data-end=\"1881\">kolekcjoner\u00f3w koszulek pi\u0142karskich<\/strong>, ta koszulka jest prawdziw\u0105 pere\u0142k\u0105, kt\u00f3ra przypomina o jednym z najwa\u017cniejszych etap\u00f3w w historii polskiego futbolu. <strong data-start=\"2000\" data-end=\"2014\">Oryginalna<\/strong>, <strong data-start=\"2016\" data-end=\"2031\">autentyczna<\/strong> i pe\u0142na symboliki \u2013 to doskona\u0142y wyb\u00f3r do kolekcji lub jako wyj\u0105tkowy element garderoby, kt\u00f3ry \u0142\u0105czy histori\u0119 z dum\u0105 narodow\u0105.<\/p>\n<\/div>\n<\/div>\n<\/div>\n<\/div>\n<\/div>\n<\/div>\n<\/article>\n<\/div>\n<\/div>\n<\/div>\n<\/div>","protected":false},"featured_media":13392,"template":"","meta":{"_kad_blocks_custom_css":"","_kad_blocks_head_custom_js":"","_kad_blocks_body_custom_js":"","_kad_blocks_footer_custom_js":"","_kad_post_transparent":"","_kad_post_title":"","_kad_post_layout":"","_kad_post_sidebar_id":"","_kad_post_content_style":"","_kad_post_vertical_padding":"","_kad_post_feature":"","_kad_post_feature_position":"","_kad_post_header":false,"_kad_post_footer":false},"product_brand":[86],"product_cat":[23,157,22],"product_tag":[],"class_list":{"0":"post-2975","1":"product","2":"type-product","3":"status-publish","4":"has-post-thumbnail","6":"product_brand-puma","7":"product_cat-europa","8":"product_cat-polska","9":"product_cat-reprezentacje","10":"pa_rozmiar-m","12":"first","13":"instock","14":"taxable","15":"shipping-taxable","16":"purchasable","17":"product-type-simple","18":"entry","19":"content-bg","20":"loop-entry"},"taxonomy_info":{"product_brand":[{"value":86,"label":"Puma"}],"product_cat":[{"value":23,"label":"Europa"},{"value":157,"label":"Polska"},{"value":22,"label":"REPREZENTACJE"}],"pa_rozmiar":[{"value":28,"label":"M"}]},"featured_image_src_large":["https:\/\/fts.you2.pl\/wp-content\/uploads\/2025\/09\/Photoroom_040_20250510_214825-1024x1024.png",1024,1024,true],"author_info":[],"comment_info":"","_links":{"self":[{"href":"https:\/\/fts.you2.pl\/en\/wp-json\/wp\/v2\/product\/2975","targetHints":{"allow":["GET"]}}],"collection":[{"href":"https:\/\/fts.you2.pl\/en\/wp-json\/wp\/v2\/product"}],"about":[{"href":"https:\/\/fts.you2.pl\/en\/wp-json\/wp\/v2\/types\/product"}],"wp:featuredmedia":[{"embeddable":true,"href":"https:\/\/fts.you2.pl\/en\/wp-json\/wp\/v2\/media\/13392"}],"wp:attachment":[{"href":"https:\/\/fts.you2.pl\/en\/wp-json\/wp\/v2\/media?parent=2975"}],"wp:term":[{"taxonomy":"product_brand","embeddable":true,"href":"https:\/\/fts.you2.pl\/en\/wp-json\/wp\/v2\/product_brand?post=2975"},{"taxonomy":"product_cat","embeddable":true,"href":"https:\/\/fts.you2.pl\/en\/wp-json\/wp\/v2\/product_cat?post=2975"},{"taxonomy":"product_tag","embeddable":true,"href":"https:\/\/fts.you2.pl\/en\/wp-json\/wp\/v2\/product_tag?post=2975"}],"curies":[{"name":"wp","href":"https:\/\/api.w.org\/{rel}","templated":true}]}}