{"id":2981,"date":"2025-05-11T16:19:45","date_gmt":"2025-05-11T14:19:45","guid":{"rendered":"https:\/\/fts.you2.pl\/index.php\/produkt\/sporting-cp-2015-16-home-xl\/"},"modified":"2025-09-19T15:56:08","modified_gmt":"2025-09-19T13:56:08","slug":"sporting-cp-2015-16-home-xl","status":"publish","type":"product","link":"https:\/\/fts.you2.pl\/en\/sporting-cp-2015-16-home-xl\/","title":{"rendered":"Koszulka pi\u0142karska Sporting CP 2015\/16 Home [XL]"},"content":{"rendered":"<p><strong>Klub:<\/strong> Sporting CP<\/p>\n<p><strong>Sezon:<\/strong> 2015\/16 Home<\/p>\n<p><strong>Rozmiar: <\/strong>XL<\/p>\n<p><strong>Stan:<\/strong> Bardzo dobry &#8211; jedno mikro zabrudzenie na froncie.<\/p>\n<p><strong>Wymiary (szeroko\u015b\u0107 pod pachami\/d\u0142ugo\u015b\u0107) w cm: <\/strong>55\/75(prz\u00f3d), 80(ty\u0142)<\/p>","protected":false},"excerpt":{"rendered":"<p data-start=\"0\" data-end=\"87\"><strong data-start=\"0\" data-end=\"87\">Oryginalna domowa koszulka pi\u0142karska Sporting CP z sezonu 2015\/16 produkcji firmy Macron.<\/strong><\/p>\n<p data-start=\"89\" data-end=\"523\">Ta <strong data-start=\"92\" data-end=\"132\">oryginalna domowa koszulka pi\u0142karska<\/strong> <strong data-start=\"133\" data-end=\"148\">Sporting CP<\/strong> z sezonu 2015\/16, wyprodukowana przez firm\u0119 <strong data-start=\"193\" data-end=\"203\">Macron<\/strong>, to elegancki i klasyczny model, kt\u00f3ry doskonale oddaje tradycj\u0119 i dum\u0119 jednego z najbardziej utytu\u0142owanych portugalskich klub\u00f3w. Koszulka utrzymana w charakterystycznych <strong data-start=\"375\" data-end=\"388\">zielonych<\/strong> i <strong data-start=\"391\" data-end=\"409\">bia\u0142ych pasach<\/strong>, kt\u00f3re s\u0105 symbolem klubu, \u0142\u0105czy nowoczesny design z klasycznym stylem, kt\u00f3ry od lat przyci\u0105ga fan\u00f3w pi\u0142ki no\u017cnej.<\/p>\n<p data-start=\"525\" data-end=\"863\">Na piersi znajduje si\u0119 <strong data-start=\"548\" data-end=\"568\">herb Sporting CP<\/strong>, kt\u00f3ry symbolizuje ponad 100-letni\u0105 histori\u0119 klubu, a tak\u017ce <strong data-start=\"629\" data-end=\"644\">logo Macron<\/strong>, gwarantuj\u0105ce wysok\u0105 jako\u015b\u0107 wykonania.<\/p>\n<p data-start=\"865\" data-end=\"1197\">Koszulka zosta\u0142a wykonana z lekkiego, oddychaj\u0105cego materia\u0142u, kt\u00f3ry zapewnia <strong data-start=\"943\" data-end=\"954\">komfort<\/strong> oraz <strong data-start=\"960\" data-end=\"976\">oddychalno\u015b\u0107<\/strong> dzi\u0119ki zastosowanej technologii, co sprawia, \u017ce jest idealna do gry, jak i codziennego noszenia. Dzi\u0119ki <strong data-start=\"1081\" data-end=\"1104\">wydajnej wentylacji<\/strong> koszulka skutecznie odprowadza wilgo\u0107, co zapewnia wygod\u0119 nawet podczas intensywnych zmaga\u0144.<\/p>\n<p data-start=\"1199\" data-end=\"1555\">Sezon 2015\/16 to okres, w kt\u00f3rym <strong data-start=\"1232\" data-end=\"1247\">Sporting CP<\/strong> rywalizowa\u0142 o mistrzostwo Portugalii w <strong data-start=\"1287\" data-end=\"1304\">Primeira Liga<\/strong> oraz stara\u0142 si\u0119 osi\u0105gn\u0105\u0107 sukcesy w europejskich pucharach. Z dru\u017cyn\u0105, w kt\u00f3rej wyst\u0119powali tacy zawodnicy jak <strong data-start=\"1415\" data-end=\"1431\">Adrien Silva<\/strong>, <strong data-start=\"1433\" data-end=\"1447\">Jo\u00e3o M\u00e1rio<\/strong>, <strong data-start=\"1449\" data-end=\"1460\">Slimani<\/strong> czy <strong data-start=\"1465\" data-end=\"1473\">Nani<\/strong>, Sporting stawia\u0142 czo\u0142a najlepszym dru\u017cynom w Portugalii i na Starym Kontynencie.<\/p>\n<p data-start=\"1557\" data-end=\"1846\" data-is-last-node=\"\" data-is-only-node=\"\">Dla <strong data-start=\"1561\" data-end=\"1582\">fan\u00f3w Sporting CP<\/strong>, <strong data-start=\"1584\" data-end=\"1618\">kibic\u00f3w portugalskiego futbolu<\/strong> oraz <strong data-start=\"1624\" data-end=\"1662\">kolekcjoner\u00f3w koszulek pi\u0142karskich<\/strong>, ta koszulka to prawdziwa pere\u0142ka w ka\u017cdej kolekcji. <strong data-start=\"1716\" data-end=\"1730\">Oryginalna<\/strong>, <strong data-start=\"1732\" data-end=\"1747\">autentyczna<\/strong> i pe\u0142na historii \u2013 to doskona\u0142y wyb\u00f3r zar\u00f3wno do kolekcji, jak i jako element sportowej garderoby.<\/p>","protected":false},"featured_media":13433,"template":"","meta":{"_kad_blocks_custom_css":"","_kad_blocks_head_custom_js":"","_kad_blocks_body_custom_js":"","_kad_blocks_footer_custom_js":"","_kad_post_transparent":"","_kad_post_title":"","_kad_post_layout":"","_kad_post_sidebar_id":"","_kad_post_content_style":"","_kad_post_vertical_padding":"","_kad_post_feature":"","_kad_post_feature_position":"","_kad_post_header":false,"_kad_post_footer":false},"product_brand":[231],"product_cat":[50,31,206],"product_tag":[],"class_list":{"0":"post-2981","1":"product","2":"type-product","3":"status-publish","4":"has-post-thumbnail","6":"product_brand-macron","7":"product_cat-kluby-europejskie-kluby-europejskie","8":"product_cat-kluby-europejskie","9":"product_cat-portugalia","10":"pa_rozmiar-xl","12":"first","13":"instock","14":"taxable","15":"shipping-taxable","16":"purchasable","17":"product-type-simple","18":"entry","19":"content-bg","20":"loop-entry"},"taxonomy_info":{"product_brand":[{"value":231,"label":"macron"}],"product_cat":[{"value":50,"label":"Kluby Europejskie"},{"value":31,"label":"Kluby Europejskie"},{"value":206,"label":"Portugalia"}],"pa_rozmiar":[{"value":57,"label":"XL"}]},"featured_image_src_large":["https:\/\/fts.you2.pl\/wp-content\/uploads\/2025\/09\/Photoroom_020_20250510_214825-1024x1024.png",1024,1024,true],"author_info":[],"comment_info":"","_links":{"self":[{"href":"https:\/\/fts.you2.pl\/en\/wp-json\/wp\/v2\/product\/2981","targetHints":{"allow":["GET"]}}],"collection":[{"href":"https:\/\/fts.you2.pl\/en\/wp-json\/wp\/v2\/product"}],"about":[{"href":"https:\/\/fts.you2.pl\/en\/wp-json\/wp\/v2\/types\/product"}],"wp:featuredmedia":[{"embeddable":true,"href":"https:\/\/fts.you2.pl\/en\/wp-json\/wp\/v2\/media\/13433"}],"wp:attachment":[{"href":"https:\/\/fts.you2.pl\/en\/wp-json\/wp\/v2\/media?parent=2981"}],"wp:term":[{"taxonomy":"product_brand","embeddable":true,"href":"https:\/\/fts.you2.pl\/en\/wp-json\/wp\/v2\/product_brand?post=2981"},{"taxonomy":"product_cat","embeddable":true,"href":"https:\/\/fts.you2.pl\/en\/wp-json\/wp\/v2\/product_cat?post=2981"},{"taxonomy":"product_tag","embeddable":true,"href":"https:\/\/fts.you2.pl\/en\/wp-json\/wp\/v2\/product_tag?post=2981"}],"curies":[{"name":"wp","href":"https:\/\/api.w.org\/{rel}","templated":true}]}}