{"id":2983,"date":"2025-05-11T16:19:43","date_gmt":"2025-05-11T14:19:43","guid":{"rendered":"https:\/\/fts.you2.pl\/index.php\/produkt\/walia-2004-06-home-xl\/"},"modified":"2025-09-19T15:56:54","modified_gmt":"2025-09-19T13:56:54","slug":"walia-2004-06-home-xl","status":"publish","type":"product","link":"https:\/\/fts.you2.pl\/en\/walia-2004-06-home-xl\/","title":{"rendered":"Koszulka pi\u0142karska Walia 2004\/06 Home [XL]"},"content":{"rendered":"<p><strong>Klub:<\/strong> Walia<\/p>\n<p><strong>Sezon:<\/strong> 2004\/06 Home<\/p>\n<p><strong>Rozmiar: <\/strong>XL<\/p>\n<p><strong>Stan:<\/strong> Bardzo dobry &#8211; jedno mikro zabrudzenie nad herbem.<\/p>\n<p><strong>Wymiary (szeroko\u015b\u0107 pod pachami\/d\u0142ugo\u015b\u0107) w cm: <\/strong>52\/69<\/p>","protected":false},"excerpt":{"rendered":"<p data-start=\"0\" data-end=\"90\"><strong data-start=\"0\" data-end=\"88\">Oryginalna koszulka pi\u0142karska reprezentacji Walii z lat 2004\u20132006 \u2013 produkcji Kappy.<\/strong><\/p>\n<p data-start=\"92\" data-end=\"456\">Ta <strong data-start=\"95\" data-end=\"161\">oryginalna domowa koszulka reprezentacji Walii z lat 2004\u20132006<\/strong>, wyprodukowana przez <strong data-start=\"183\" data-end=\"192\">Kapp\u0119<\/strong>, to klasyczny model w charakterystycznym <strong data-start=\"234\" data-end=\"255\">czerwonym kolorze<\/strong> z bia\u0142ymi detalami. Wyr\u00f3\u017cnia si\u0119 dopasowanym krojem, typowym dla projekt\u00f3w Kappy z tamtego okresu, oraz minimalistycznym, eleganckim designem, kt\u00f3ry podkre\u015bla\u0142 narodow\u0105 to\u017csamo\u015b\u0107 walijskiej dru\u017cyny.<\/p>\n<p data-start=\"458\" data-end=\"823\">Na froncie koszulki znajduje si\u0119 <strong data-start=\"491\" data-end=\"529\">herb Football Association of Wales<\/strong>, logo <strong data-start=\"536\" data-end=\"545\">Kappy<\/strong>, co nadaje jej czystego i reprezentacyjnego charakteru. Dzi\u0119ki zastosowaniu elastycznych, oddychaj\u0105cych materia\u0142\u00f3w, koszulka zapewnia\u0142a zawodnikom <strong data-start=\"741\" data-end=\"768\">wygod\u0119 i swobod\u0119 ruch\u00f3w<\/strong>, a jednocze\u015bnie \u015bwietnie prezentowa\u0142a si\u0119 wizualnie.<\/p>\n<p data-start=\"825\" data-end=\"1155\">W latach <strong data-start=\"834\" data-end=\"847\">2004\u20132006<\/strong> reprezentacja Walii nie zakwalifikowa\u0142a si\u0119 do wielkich turniej\u00f3w, jednak w dru\u017cynie wyst\u0119powa\u0142y znane postacie walijskiego futbolu, takie jak <strong data-start=\"991\" data-end=\"1038\">Ryan Giggs, Craig Bellamy czy Robbie Savage<\/strong>. To by\u0142 okres przej\u015bciowy, w kt\u00f3rym kadra budowa\u0142a fundamenty pod przysz\u0142e sukcesy, jakie przysz\u0142y dekad\u0119 p\u00f3\u017aniej.<\/p>\n<p data-start=\"1157\" data-end=\"1367\">Ta koszulka to \u015bwietna propozycja dla <strong data-start=\"1195\" data-end=\"1245\">kolekcjoner\u00f3w oryginalnych stroj\u00f3w pi\u0142karskich<\/strong> oraz <strong data-start=\"1251\" data-end=\"1280\">fan\u00f3w reprezentacji Walii<\/strong>, kt\u00f3rzy chc\u0105 posiada\u0107 pami\u0105tk\u0119 z klasycznej ery futbolu narodowego sprzed Euro 2016.<\/p>","protected":false},"featured_media":13449,"template":"","meta":{"_kad_blocks_custom_css":"","_kad_blocks_head_custom_js":"","_kad_blocks_body_custom_js":"","_kad_blocks_footer_custom_js":"","_kad_post_transparent":"","_kad_post_title":"","_kad_post_layout":"","_kad_post_sidebar_id":"","_kad_post_content_style":"","_kad_post_vertical_padding":"","_kad_post_feature":"","_kad_post_feature_position":"","_kad_post_header":false,"_kad_post_footer":false},"product_brand":[35],"product_cat":[15,23,114,22],"product_tag":[],"class_list":{"0":"post-2983","1":"product","2":"type-product","3":"status-publish","4":"has-post-thumbnail","6":"product_brand-kappa","7":"product_cat-bez-kategorii","8":"product_cat-europa","9":"product_cat-pozostale","10":"product_cat-reprezentacje","11":"pa_rozmiar-xl","13":"first","14":"instock","15":"taxable","16":"shipping-taxable","17":"purchasable","18":"product-type-simple","19":"entry","20":"content-bg","21":"loop-entry"},"taxonomy_info":{"product_brand":[{"value":35,"label":"Kappa"}],"product_cat":[{"value":15,"label":"Bez kategorii"},{"value":23,"label":"Europa"},{"value":114,"label":"Pozosta\u0142e"},{"value":22,"label":"REPREZENTACJE"}],"pa_rozmiar":[{"value":57,"label":"XL"}]},"featured_image_src_large":["https:\/\/fts.you2.pl\/wp-content\/uploads\/2025\/09\/Photoroom_036_20250510_214825-1024x1024.png",1024,1024,true],"author_info":[],"comment_info":"","_links":{"self":[{"href":"https:\/\/fts.you2.pl\/en\/wp-json\/wp\/v2\/product\/2983","targetHints":{"allow":["GET"]}}],"collection":[{"href":"https:\/\/fts.you2.pl\/en\/wp-json\/wp\/v2\/product"}],"about":[{"href":"https:\/\/fts.you2.pl\/en\/wp-json\/wp\/v2\/types\/product"}],"wp:featuredmedia":[{"embeddable":true,"href":"https:\/\/fts.you2.pl\/en\/wp-json\/wp\/v2\/media\/13449"}],"wp:attachment":[{"href":"https:\/\/fts.you2.pl\/en\/wp-json\/wp\/v2\/media?parent=2983"}],"wp:term":[{"taxonomy":"product_brand","embeddable":true,"href":"https:\/\/fts.you2.pl\/en\/wp-json\/wp\/v2\/product_brand?post=2983"},{"taxonomy":"product_cat","embeddable":true,"href":"https:\/\/fts.you2.pl\/en\/wp-json\/wp\/v2\/product_cat?post=2983"},{"taxonomy":"product_tag","embeddable":true,"href":"https:\/\/fts.you2.pl\/en\/wp-json\/wp\/v2\/product_tag?post=2983"}],"curies":[{"name":"wp","href":"https:\/\/api.w.org\/{rel}","templated":true}]}}