{"id":2984,"date":"2025-05-11T16:19:41","date_gmt":"2025-05-11T14:19:41","guid":{"rendered":"https:\/\/fts.you2.pl\/index.php\/produkt\/wolverhampton-wanderers-2007-08-away-xxl\/"},"modified":"2025-09-19T15:57:16","modified_gmt":"2025-09-19T13:57:16","slug":"wolverhampton-wanderers-2007-08-away-xxl","status":"publish","type":"product","link":"https:\/\/fts.you2.pl\/en\/wolverhampton-wanderers-2007-08-away-xxl\/","title":{"rendered":"Koszulka pi\u0142karska Wolverhampton Wanderers 2007\/08 Away [XXL]"},"content":{"rendered":"<p><strong>Klub:<\/strong> Wolverhampton Wanderers<\/p>\n<p><strong>Sezon:<\/strong> 2007\/08 Away<\/p>\n<p><strong>Rozmiar: <\/strong>XXL<\/p>\n<p><strong>Stan:<\/strong> Doskona\u0142y<\/p>\n<p><strong>Wymiary (szeroko\u015b\u0107 pod pachami\/d\u0142ugo\u015b\u0107) w cm: <\/strong>58\/72(prz\u00f3d), 78(ty\u0142)<\/p>","protected":false},"excerpt":{"rendered":"<p data-start=\"0\" data-end=\"104\"><strong data-start=\"0\" data-end=\"102\">Oryginalna koszulka pi\u0142karska Wolverhampton Wanderers z sezonu 2007\/08 \u2013 produkcji Le Coq Sportif.<\/strong><\/p>\n<p data-start=\"106\" data-end=\"440\">Ta <strong data-start=\"109\" data-end=\"183\">oryginalna wyjazdowa koszulka Wolverhampton Wanderers z sezonu 2007\/08<\/strong>, wyprodukowana przez <strong data-start=\"205\" data-end=\"223\">Le Coq Sportif<\/strong>, to model w <strong data-start=\"236\" data-end=\"285\">granatowym kolorze z pomara\u0144czowymi akcentami<\/strong>, kt\u00f3ry doskonale oddaje charakter \u201eWilk\u00f3w\u201d. Na froncie widnieje logo sponsora <strong data-start=\"364\" data-end=\"375\">Chaucer<\/strong>, kt\u00f3re w tamtym okresie by\u0142o nierozerwalnie zwi\u0105zane z klubem.<\/p>\n<p data-start=\"442\" data-end=\"744\">Koszulka posiada <strong data-start=\"459\" data-end=\"491\">herb Wolverhampton Wanderers<\/strong> oraz logo <strong data-start=\"502\" data-end=\"520\">Le Coq Sportif<\/strong>, a jej projekt wyr\u00f3\u017cnia si\u0119 klasyczn\u0105 prostot\u0105 i solidnym wykonaniem. Dzi\u0119ki lekkim i oddychaj\u0105cym materia\u0142om zapewnia\u0142a pi\u0142karzom <strong data-start=\"652\" data-end=\"672\">komfort i wygod\u0119<\/strong> podczas gry, a kontrastowe barwy dodawa\u0142y jej wyrazistego charakteru.<\/p>\n<p data-start=\"746\" data-end=\"1074\">Sezon <strong data-start=\"752\" data-end=\"763\">2007\/08<\/strong> by\u0142 dla Wolves czasem rywalizacji na zapleczu Premier League \u2013 w <strong data-start=\"829\" data-end=\"845\">Championship<\/strong> dru\u017cyna prowadzona przez Micka McCarthy\u2019ego zaj\u0119\u0142a <strong data-start=\"897\" data-end=\"911\">7. miejsce<\/strong>, ko\u0144cz\u0105c lig\u0119 tu\u017c za stref\u0105 play-off\u00f3w. By\u0142 to jednak wa\u017cny krok w budowie zespo\u0142u, kt\u00f3ry w kolejnych rozgrywkach wywalczy\u0142 awans do elity angielskiego futbolu.<\/p>\n<p data-start=\"1076\" data-end=\"1313\">Ta koszulka to wyj\u0105tkowa propozycja dla <strong data-start=\"1116\" data-end=\"1166\">kolekcjoner\u00f3w oryginalnych stroj\u00f3w pi\u0142karskich<\/strong> oraz <strong data-start=\"1172\" data-end=\"1205\">fan\u00f3w Wolverhampton Wanderers<\/strong>, kt\u00f3rzy ceni\u0105 sobie pami\u0105tki z lat, gdy klub konsekwentnie odbudowywa\u0142 swoj\u0105 pozycj\u0119 w angielskiej pi\u0142ce.<\/p>","protected":false},"featured_media":13456,"template":"","meta":{"_kad_blocks_custom_css":"","_kad_blocks_head_custom_js":"","_kad_blocks_body_custom_js":"","_kad_blocks_footer_custom_js":"","_kad_post_transparent":"","_kad_post_title":"","_kad_post_layout":"","_kad_post_sidebar_id":"","_kad_post_content_style":"","_kad_post_vertical_padding":"","_kad_post_feature":"","_kad_post_feature_position":"","_kad_post_header":false,"_kad_post_footer":false},"product_brand":[96],"product_cat":[32,31,33],"product_tag":[],"class_list":{"0":"post-2984","1":"product","2":"type-product","3":"status-publish","4":"has-post-thumbnail","6":"product_brand-le-coq-sportif","7":"product_cat-kluby-angielskie","8":"product_cat-kluby-europejskie","9":"product_cat-pozostale-kluby-angielskie","10":"pa_rozmiar-xxl","12":"first","13":"instock","14":"taxable","15":"shipping-taxable","16":"purchasable","17":"product-type-simple","18":"entry","19":"content-bg","20":"loop-entry"},"taxonomy_info":{"product_brand":[{"value":96,"label":"Le Coq Sportif"}],"product_cat":[{"value":32,"label":"Kluby Angielskie"},{"value":31,"label":"Kluby Europejskie"},{"value":33,"label":"Pozosta\u0142e kluby angielskie"}],"pa_rozmiar":[{"value":71,"label":"XXL"}]},"featured_image_src_large":["https:\/\/fts.you2.pl\/wp-content\/uploads\/2025\/09\/Photoroom_022_20250510_214825-1024x1024.png",1024,1024,true],"author_info":[],"comment_info":"","_links":{"self":[{"href":"https:\/\/fts.you2.pl\/en\/wp-json\/wp\/v2\/product\/2984","targetHints":{"allow":["GET"]}}],"collection":[{"href":"https:\/\/fts.you2.pl\/en\/wp-json\/wp\/v2\/product"}],"about":[{"href":"https:\/\/fts.you2.pl\/en\/wp-json\/wp\/v2\/types\/product"}],"wp:featuredmedia":[{"embeddable":true,"href":"https:\/\/fts.you2.pl\/en\/wp-json\/wp\/v2\/media\/13456"}],"wp:attachment":[{"href":"https:\/\/fts.you2.pl\/en\/wp-json\/wp\/v2\/media?parent=2984"}],"wp:term":[{"taxonomy":"product_brand","embeddable":true,"href":"https:\/\/fts.you2.pl\/en\/wp-json\/wp\/v2\/product_brand?post=2984"},{"taxonomy":"product_cat","embeddable":true,"href":"https:\/\/fts.you2.pl\/en\/wp-json\/wp\/v2\/product_cat?post=2984"},{"taxonomy":"product_tag","embeddable":true,"href":"https:\/\/fts.you2.pl\/en\/wp-json\/wp\/v2\/product_tag?post=2984"}],"curies":[{"name":"wp","href":"https:\/\/api.w.org\/{rel}","templated":true}]}}