{"id":2985,"date":"2025-05-11T16:19:40","date_gmt":"2025-05-11T14:19:40","guid":{"rendered":"https:\/\/fts.you2.pl\/index.php\/produkt\/zaglebie-lubin-2011-12-away-xxl\/"},"modified":"2025-09-19T15:57:39","modified_gmt":"2025-09-19T13:57:39","slug":"zaglebie-lubin-2011-12-away-xxl","status":"publish","type":"product","link":"https:\/\/fts.you2.pl\/en\/zaglebie-lubin-2011-12-away-xxl\/","title":{"rendered":"Koszulka pi\u0142karska Zag\u0142\u0119bie Lubin 2011\/12 Away [XXL]"},"content":{"rendered":"<p><strong>Klub:<\/strong> Zag\u0142\u0119bie Lubin<\/p>\n<p><strong>Sezon:<\/strong> 2011\/12 Away<\/p>\n<p><strong>Rozmiar: <\/strong>XXL<\/p>\n<p><strong>Stan:<\/strong> Bardzo dobry &#8211; nieznacznie uszkodzony nadruk sponsora na froncie oraz dwa drobne zabrudzenia.<\/p>\n<p><strong>Wymiary (szeroko\u015b\u0107 pod pachami\/d\u0142ugo\u015b\u0107) w cm: <\/strong>64\/79<\/p>","protected":false},"excerpt":{"rendered":"<p data-start=\"0\" data-end=\"85\"><strong data-start=\"0\" data-end=\"83\">Oryginalna koszulka pi\u0142karska Zag\u0142\u0119bia Lubin z sezonu 2011\/12 \u2013 produkcji Nike.<\/strong><\/p>\n<p data-start=\"87\" data-end=\"490\">Ta <strong data-start=\"90\" data-end=\"155\">oryginalna wyjazdowa koszulka Zag\u0142\u0119bia Lubin z sezonu 2011\/12<\/strong>, wyprodukowana przez <strong data-start=\"177\" data-end=\"185\">Nike<\/strong>, to stylowy model w charakterystycznych barwach \u201eMiedziowych\u201d. Utrzymana w <strong data-start=\"261\" data-end=\"279\">bia\u0142ym kolorze<\/strong> z wyrazistym <strong data-start=\"293\" data-end=\"329\">sko\u015bnym czarnym pasem na froncie<\/strong>, wyr\u00f3\u017cnia si\u0119 nowoczesnym i dynamicznym designem. Na \u015brodku koszulki umieszczono nadruk sponsora <strong data-start=\"427\" data-end=\"435\">KGHM<\/strong>, kt\u00f3ry od lat nierozerwalnie zwi\u0105zany jest z klubem.<\/p>\n<p data-start=\"492\" data-end=\"786\">Na piersi znajduje si\u0119 <strong data-start=\"515\" data-end=\"538\">herb Zag\u0142\u0119bia Lubin<\/strong> oraz logo <strong data-start=\"549\" data-end=\"557\">Nike<\/strong>, a ca\u0142o\u015b\u0107 wykonano z materia\u0142u o w\u0142a\u015bciwo\u015bciach oddychaj\u0105cych, zapewniaj\u0105cych zawodnikom <strong data-start=\"647\" data-end=\"675\">komfort i swobod\u0119 ruch\u00f3w<\/strong>. Minimalistyczny, a zarazem efektowny projekt sprawia, \u017ce koszulka prezentuje si\u0119 wyj\u0105tkowo tak\u017ce po latach.<\/p>\n<p data-start=\"788\" data-end=\"1120\">Sezon <strong data-start=\"794\" data-end=\"805\">2011\/12<\/strong> by\u0142 dla Zag\u0142\u0119bia Lubin czasem gry w <strong data-start=\"842\" data-end=\"858\">Ekstraklasie<\/strong>, w kt\u00f3rej dru\u017cyna rywalizowa\u0142a o stabiln\u0105 pozycj\u0119 w lidze. W zespole wyst\u0119powali w\u00f3wczas m.in. <strong data-start=\"954\" data-end=\"1016\">Arkadiusz Wo\u017aniak, Aleksander Kwiek czy Michal Papadopulos<\/strong>, a klub koncentrowa\u0142 si\u0119 na budowaniu solidnej kadry w oparciu o do\u015bwiadczenie i m\u0142odych wychowank\u00f3w.<\/p>\n<p data-start=\"1122\" data-end=\"1308\">Ta koszulka to doskona\u0142a propozycja dla <strong data-start=\"1162\" data-end=\"1212\">kolekcjoner\u00f3w oryginalnych stroj\u00f3w pi\u0142karskich<\/strong> oraz <strong data-start=\"1218\" data-end=\"1242\">fan\u00f3w Zag\u0142\u0119bia Lubin<\/strong>, kt\u00f3rzy poszukuj\u0105 pami\u0105tki z pocz\u0105tku drugiej dekady XXI wieku.<\/p>","protected":false},"featured_media":13463,"template":"","meta":{"_kad_blocks_custom_css":"","_kad_blocks_head_custom_js":"","_kad_blocks_body_custom_js":"","_kad_blocks_footer_custom_js":"","_kad_post_transparent":"","_kad_post_title":"","_kad_post_layout":"","_kad_post_sidebar_id":"","_kad_post_content_style":"","_kad_post_vertical_padding":"","_kad_post_feature":"","_kad_post_feature_position":"","_kad_post_header":false,"_kad_post_footer":false},"product_brand":[55],"product_cat":[31,159,160],"product_tag":[],"class_list":{"0":"post-2985","1":"product","2":"type-product","3":"status-publish","4":"has-post-thumbnail","6":"product_brand-nike","7":"product_cat-kluby-europejskie","8":"product_cat-kluby-polskie","9":"product_cat-pozostale-kluby-polskie","10":"pa_rozmiar-xxl","12":"first","13":"instock","14":"taxable","15":"shipping-taxable","16":"purchasable","17":"product-type-simple","18":"entry","19":"content-bg","20":"loop-entry"},"taxonomy_info":{"product_brand":[{"value":55,"label":"Nike"}],"product_cat":[{"value":31,"label":"Kluby Europejskie"},{"value":159,"label":"Kluby Polskie"},{"value":160,"label":"Pozosta\u0142e kluby polskie"}],"pa_rozmiar":[{"value":71,"label":"XXL"}]},"featured_image_src_large":["https:\/\/fts.you2.pl\/wp-content\/uploads\/2025\/09\/Photoroom_076_20250510_214825-1024x1024.png",1024,1024,true],"author_info":[],"comment_info":"","_links":{"self":[{"href":"https:\/\/fts.you2.pl\/en\/wp-json\/wp\/v2\/product\/2985","targetHints":{"allow":["GET"]}}],"collection":[{"href":"https:\/\/fts.you2.pl\/en\/wp-json\/wp\/v2\/product"}],"about":[{"href":"https:\/\/fts.you2.pl\/en\/wp-json\/wp\/v2\/types\/product"}],"wp:featuredmedia":[{"embeddable":true,"href":"https:\/\/fts.you2.pl\/en\/wp-json\/wp\/v2\/media\/13463"}],"wp:attachment":[{"href":"https:\/\/fts.you2.pl\/en\/wp-json\/wp\/v2\/media?parent=2985"}],"wp:term":[{"taxonomy":"product_brand","embeddable":true,"href":"https:\/\/fts.you2.pl\/en\/wp-json\/wp\/v2\/product_brand?post=2985"},{"taxonomy":"product_cat","embeddable":true,"href":"https:\/\/fts.you2.pl\/en\/wp-json\/wp\/v2\/product_cat?post=2985"},{"taxonomy":"product_tag","embeddable":true,"href":"https:\/\/fts.you2.pl\/en\/wp-json\/wp\/v2\/product_tag?post=2985"}],"curies":[{"name":"wp","href":"https:\/\/api.w.org\/{rel}","templated":true}]}}