{"id":2990,"date":"2025-05-25T15:27:05","date_gmt":"2025-05-25T13:27:05","guid":{"rendered":"https:\/\/fts.you2.pl\/index.php\/produkt\/bluza-treningowa-celtic-fc-2018-19-l\/"},"modified":"2025-09-19T15:59:30","modified_gmt":"2025-09-19T13:59:30","slug":"bluza-treningowa-celtic-fc-2018-19-l","status":"publish","type":"product","link":"https:\/\/fts.you2.pl\/en\/bluza-treningowa-celtic-fc-2018-19-l\/","title":{"rendered":"Kurtka treningowa Celtic FC 2018\/19 [L]"},"content":{"rendered":"<p><strong>Klub:<\/strong> Celtic FC<\/p>\n<p><strong>Sezon:<\/strong> 2018\/19<\/p>\n<p><strong>Rozmiar: <\/strong>L<\/p>\n<p><strong>Stan:<\/strong> Doskona\u0142y<\/p>\n<p><strong>Wymiary (szeroko\u015b\u0107 pod pachami\/d\u0142ugo\u015b\u0107) w cm: <\/strong>55\/71<\/p>","protected":false},"excerpt":{"rendered":"<p><strong data-start=\"0\" data-end=\"84\" data-is-only-node=\"\">Oryginalna kurtka treningowa Celtic FC z sezonu 2018\/19 \u2013 produkcji New Balance.<\/strong><\/p>\n<p>Ta <strong data-start=\"90\" data-end=\"133\">oryginalna kurtka treningowa Celticu FC<\/strong> z sezonu <strong data-start=\"143\" data-end=\"154\">2018\/19<\/strong> to oficjalny model wyprodukowany przez <strong data-start=\"194\" data-end=\"209\">New Balance<\/strong>, utrzymany w przewa\u017caj\u0105cym <strong data-start=\"237\" data-end=\"263\">ciemnozielonym kolorze<\/strong> z kontrastowymi detalami. Na piersi znajduje si\u0119 <strong data-start=\"313\" data-end=\"337\">haftowany herb klubu<\/strong> oraz logo producenta. Lekka i funkcjonalna, idealna dla fan\u00f3w <strong data-start=\"400\" data-end=\"413\">The Bhoys<\/strong> i kolekcjoner\u00f3w klubowej odzie\u017cy treningowej.<\/p>","protected":false},"featured_media":13501,"template":"","meta":{"_kad_blocks_custom_css":"","_kad_blocks_head_custom_js":"","_kad_blocks_body_custom_js":"","_kad_blocks_footer_custom_js":"","_kad_post_transparent":"","_kad_post_title":"","_kad_post_layout":"","_kad_post_sidebar_id":"","_kad_post_content_style":"","_kad_post_vertical_padding":"","_kad_post_feature":"","_kad_post_feature_position":"","_kad_post_header":false,"_kad_post_footer":false},"product_brand":[204],"product_cat":[25,50,31,26,235],"product_tag":[],"class_list":{"0":"post-2990","1":"product","2":"type-product","3":"status-publish","4":"has-post-thumbnail","6":"product_brand-new-balance","7":"product_cat-inne","8":"product_cat-kluby-europejskie-kluby-europejskie","9":"product_cat-kluby-europejskie","10":"product_cat-kurtki-bluzy-trening","11":"product_cat-szkocja","12":"pa_rozmiar-l","14":"first","15":"instock","16":"taxable","17":"shipping-taxable","18":"purchasable","19":"product-type-simple","20":"entry","21":"content-bg","22":"loop-entry"},"taxonomy_info":{"product_brand":[{"value":204,"label":"New Balance"}],"product_cat":[{"value":25,"label":"Inne"},{"value":50,"label":"Kluby Europejskie"},{"value":31,"label":"Kluby Europejskie"},{"value":26,"label":"Kurtki\/bluzy\/trening"},{"value":235,"label":"Szkocja"}],"pa_rozmiar":[{"value":39,"label":"L"}]},"featured_image_src_large":["https:\/\/fts.you2.pl\/wp-content\/uploads\/2025\/09\/Photoroom_036_20250521_104552-1024x1024.png",1024,1024,true],"author_info":[],"comment_info":"","_links":{"self":[{"href":"https:\/\/fts.you2.pl\/en\/wp-json\/wp\/v2\/product\/2990","targetHints":{"allow":["GET"]}}],"collection":[{"href":"https:\/\/fts.you2.pl\/en\/wp-json\/wp\/v2\/product"}],"about":[{"href":"https:\/\/fts.you2.pl\/en\/wp-json\/wp\/v2\/types\/product"}],"wp:featuredmedia":[{"embeddable":true,"href":"https:\/\/fts.you2.pl\/en\/wp-json\/wp\/v2\/media\/13501"}],"wp:attachment":[{"href":"https:\/\/fts.you2.pl\/en\/wp-json\/wp\/v2\/media?parent=2990"}],"wp:term":[{"taxonomy":"product_brand","embeddable":true,"href":"https:\/\/fts.you2.pl\/en\/wp-json\/wp\/v2\/product_brand?post=2990"},{"taxonomy":"product_cat","embeddable":true,"href":"https:\/\/fts.you2.pl\/en\/wp-json\/wp\/v2\/product_cat?post=2990"},{"taxonomy":"product_tag","embeddable":true,"href":"https:\/\/fts.you2.pl\/en\/wp-json\/wp\/v2\/product_tag?post=2990"}],"curies":[{"name":"wp","href":"https:\/\/api.w.org\/{rel}","templated":true}]}}