{"id":2995,"date":"2025-05-25T15:26:58","date_gmt":"2025-05-25T13:26:58","guid":{"rendered":"https:\/\/fts.you2.pl\/index.php\/produkt\/koszulka-treningowa-inter-mediolan-2016-17-l\/"},"modified":"2025-09-19T16:01:29","modified_gmt":"2025-09-19T14:01:29","slug":"koszulka-treningowa-inter-mediolan-2016-17-l","status":"publish","type":"product","link":"https:\/\/fts.you2.pl\/en\/koszulka-treningowa-inter-mediolan-2016-17-l\/","title":{"rendered":"Koszulka treningowa Inter Mediolan 2016\/17 [L]"},"content":{"rendered":"<p><strong>Klub:<\/strong> Inter Mediolan<\/p>\n<p><strong>Sezon:<\/strong> 2016\/17<\/p>\n<p><strong>Rozmiar: <\/strong>L<\/p>\n<p><strong>Stan:<\/strong> Zadowalaj\u0105cy &#8211; kilka mikro zaci\u0105gni\u0119\u0107 na froncie.<\/p>\n<p><strong>Wymiary (szeroko\u015b\u0107 pod pachami\/d\u0142ugo\u015b\u0107) w cm: <\/strong>51\/71<\/p>","protected":false},"excerpt":{"rendered":"<p><strong data-start=\"0\" data-end=\"85\" data-is-only-node=\"\">Oryginalna treningowa koszulka Interu Mediolan z sezonu 2016\/17 \u2013 produkcji Nike.<\/strong><\/p>\n<p><br data-start=\"85\" data-end=\"88\" \/>Ta <strong data-start=\"91\" data-end=\"141\">oryginalna treningowa koszulka Interu Mediolan<\/strong> z sezonu <strong data-start=\"151\" data-end=\"162\">2016\/17<\/strong> to oficjalny model wyprodukowany przez <strong data-start=\"202\" data-end=\"210\">Nike<\/strong>, zaprojektowany z my\u015bl\u0105 o przygotowaniach \u201eNerazzurrich\u201d do mecz\u00f3w Serie A. Utrzymana w nowoczesnym stylu, wykonana z materia\u0142u <strong data-start=\"339\" data-end=\"350\">Dri-FIT<\/strong>, zapewnia <strong data-start=\"361\" data-end=\"387\">komfort i przewiewno\u015b\u0107<\/strong>, a na piersi widniej\u0105 <strong data-start=\"410\" data-end=\"442\">herb klubu i logo producenta<\/strong>. Idealna dla fan\u00f3w Interu oraz kolekcjoner\u00f3w odzie\u017cy treningowej z profesjonalnej linii.<\/p>","protected":false},"featured_media":13538,"template":"","meta":{"_kad_blocks_custom_css":"","_kad_blocks_head_custom_js":"","_kad_blocks_body_custom_js":"","_kad_blocks_footer_custom_js":"","_kad_post_transparent":"","_kad_post_title":"","_kad_post_layout":"","_kad_post_sidebar_id":"","_kad_post_content_style":"","_kad_post_vertical_padding":"","_kad_post_feature":"","_kad_post_feature_position":"","_kad_post_header":false,"_kad_post_footer":false},"product_brand":[55],"product_cat":[25,347,31,117,26],"product_tag":[],"class_list":{"0":"post-2995","1":"product","2":"type-product","3":"status-publish","4":"has-post-thumbnail","6":"product_brand-nike","7":"product_cat-inne","8":"product_cat-inter-mediolan","9":"product_cat-kluby-europejskie","10":"product_cat-kluby-wloskie","11":"product_cat-kurtki-bluzy-trening","12":"pa_rozmiar-l","14":"first","15":"instock","16":"taxable","17":"shipping-taxable","18":"purchasable","19":"product-type-simple","20":"entry","21":"content-bg","22":"loop-entry"},"taxonomy_info":{"product_brand":[{"value":55,"label":"Nike"}],"product_cat":[{"value":25,"label":"Inne"},{"value":347,"label":"Inter Mediolan"},{"value":31,"label":"Kluby Europejskie"},{"value":117,"label":"Kluby W\u0142oskie"},{"value":26,"label":"Kurtki\/bluzy\/trening"}],"pa_rozmiar":[{"value":39,"label":"L"}]},"featured_image_src_large":["https:\/\/fts.you2.pl\/wp-content\/uploads\/2025\/09\/Photoroom_046_20250521_104552-1024x1024.png",1024,1024,true],"author_info":[],"comment_info":"","_links":{"self":[{"href":"https:\/\/fts.you2.pl\/en\/wp-json\/wp\/v2\/product\/2995","targetHints":{"allow":["GET"]}}],"collection":[{"href":"https:\/\/fts.you2.pl\/en\/wp-json\/wp\/v2\/product"}],"about":[{"href":"https:\/\/fts.you2.pl\/en\/wp-json\/wp\/v2\/types\/product"}],"wp:featuredmedia":[{"embeddable":true,"href":"https:\/\/fts.you2.pl\/en\/wp-json\/wp\/v2\/media\/13538"}],"wp:attachment":[{"href":"https:\/\/fts.you2.pl\/en\/wp-json\/wp\/v2\/media?parent=2995"}],"wp:term":[{"taxonomy":"product_brand","embeddable":true,"href":"https:\/\/fts.you2.pl\/en\/wp-json\/wp\/v2\/product_brand?post=2995"},{"taxonomy":"product_cat","embeddable":true,"href":"https:\/\/fts.you2.pl\/en\/wp-json\/wp\/v2\/product_cat?post=2995"},{"taxonomy":"product_tag","embeddable":true,"href":"https:\/\/fts.you2.pl\/en\/wp-json\/wp\/v2\/product_tag?post=2995"}],"curies":[{"name":"wp","href":"https:\/\/api.w.org\/{rel}","templated":true}]}}