{"id":2996,"date":"2025-05-25T15:26:58","date_gmt":"2025-05-25T13:26:58","guid":{"rendered":"https:\/\/fts.you2.pl\/index.php\/produkt\/kolumbia-2018-19-away-xl\/"},"modified":"2025-09-19T16:01:51","modified_gmt":"2025-09-19T14:01:51","slug":"kolumbia-2018-19-away-xl","status":"publish","type":"product","link":"https:\/\/fts.you2.pl\/en\/kolumbia-2018-19-away-xl\/","title":{"rendered":"Koszulka pi\u0142karska Kolumbia 2018\/19 Away [XL]"},"content":{"rendered":"<p><strong>Klub:<\/strong> Kolumbia<\/p>\n<p><strong>Sezon:<\/strong> 2018\/19 Away<\/p>\n<p><strong>Rozmiar: <\/strong>XL<\/p>\n<p><strong>Stan:<\/strong> Doskona\u0142y<\/p>\n<p><strong>Wymiary (szeroko\u015b\u0107 pod pachami\/d\u0142ugo\u015b\u0107) w cm: <\/strong>61\/76<\/p>","protected":false},"excerpt":{"rendered":"<article class=\"text-token-text-primary w-full focus:outline-none scroll-mt-[calc(var(--header-height)+min(200px,max(70px,20svh)))]\" dir=\"auto\" tabindex=\"-1\" data-turn-id=\"request-WEB:720cf975-4f6e-44df-961d-346f514104c8-27\" data-testid=\"conversation-turn-4\" data-scroll-anchor=\"true\" data-turn=\"assistant\">\n<div class=\"text-base my-auto mx-auto pb-10 [--thread-content-margin:--spacing(4)] @[37rem]:[--thread-content-margin:--spacing(6)] @[72rem]:[--thread-content-margin:--spacing(16)] px-(--thread-content-margin)\">\n<div class=\"[--thread-content-max-width:32rem] @[34rem]:[--thread-content-max-width:40rem] @[64rem]:[--thread-content-max-width:48rem] mx-auto max-w-(--thread-content-max-width) flex-1 group\/turn-messages focus-visible:outline-hidden relative flex w-full min-w-0 flex-col agent-turn\" tabindex=\"-1\">\n<div class=\"flex max-w-full flex-col grow\">\n<div class=\"min-h-8 text-message relative flex w-full flex-col items-end gap-2 text-start break-words whitespace-normal [.text-message+&amp;]:mt-5\" dir=\"auto\" data-message-author-role=\"assistant\" data-message-id=\"ab99a320-105f-48a4-bbbc-82523918d84b\" data-message-model-slug=\"gpt-4o-mini\">\n<div class=\"flex w-full flex-col gap-1 empty:hidden first:pt-[3px]\">\n<div class=\"markdown prose dark:prose-invert w-full break-words light markdown-new-styling\">\n<p data-start=\"0\" data-end=\"102\"><strong data-start=\"0\" data-end=\"102\">Oryginalna wyjazdowa koszulka pi\u0142karska reprezentacji Kolumbii z sezonu 2018\/19 produkcji Adidasa.<\/strong><\/p>\n<p data-start=\"104\" data-end=\"497\">Ta <strong data-start=\"107\" data-end=\"150\">oryginalna wyjazdowa koszulka pi\u0142karska<\/strong> reprezentacji Kolumbii z sezonu 2018\/19 to wyj\u0105tkowy model, kt\u00f3ry zyska\u0142 uznanie zar\u00f3wno w\u015br\u00f3d <strong data-start=\"246\" data-end=\"257\">kibic\u00f3w<\/strong>, jak i <strong data-start=\"265\" data-end=\"282\">kolekcjoner\u00f3w<\/strong>. Zaprojektowana przez firm\u0119 <strong data-start=\"311\" data-end=\"321\">Adidas<\/strong>, wyr\u00f3\u017cnia si\u0119 niepowtarzalnym po\u0142\u0105czeniem kolor\u00f3w \u2013 intensywnym <strong data-start=\"386\" data-end=\"400\">niebieskim<\/strong> t\u0142em oraz <strong data-start=\"411\" data-end=\"429\">pomara\u0144czowymi<\/strong> wstawkami, kt\u00f3re nadaj\u0105 jej dynamicznego i nowoczesnego charakteru.<\/p>\n<p data-start=\"499\" data-end=\"934\">Koszulka na piersi posiada haftowany <strong data-start=\"536\" data-end=\"567\">herb reprezentacji Kolumbii<\/strong> oraz logo <strong data-start=\"578\" data-end=\"589\">Adidasa<\/strong>, co stanowi gwarancj\u0119 autentyczno\u015bci i wysokiej jako\u015bci produktu. Warto zwr\u00f3ci\u0107 uwag\u0119 na detale, takie jak <strong data-start=\"697\" data-end=\"721\">pomara\u0144czowe akcenty<\/strong> na r\u0119kawach i ko\u0142nierzu, kt\u00f3re dodaj\u0105 jej wyj\u0105tkowego, sportowego stylu. Koszulka wykonana jest z lekkiego, oddychaj\u0105cego materia\u0142u, zapewniaj\u0105cego komfort podczas noszenia, zar\u00f3wno na <strong data-start=\"907\" data-end=\"917\">boisku<\/strong>, jak i poza nim.<\/p>\n<p data-start=\"936\" data-end=\"1396\">Sezon 2018\/19 by\u0142 jednym z wa\u017cniejszych w historii kolumbijskiego futbolu, a sama koszulka sta\u0142a si\u0119 symbolem <strong data-start=\"1046\" data-end=\"1063\">reprezentacji<\/strong>, kt\u00f3ra pokaza\u0142a swoje umiej\u0119tno\u015bci na <strong data-start=\"1102\" data-end=\"1131\">Mistrzostwach \u015awiata 2018<\/strong> w Rosji. Koszulka ta, w wersji <strong data-start=\"1163\" data-end=\"1177\">wyjazdowej<\/strong>, jest nie tylko elementem garderoby, ale tak\u017ce pami\u0105tk\u0105 po znakomitych pi\u0142karzach, takich jak <strong data-start=\"1272\" data-end=\"1291\">James Rodr\u00edguez<\/strong>, <strong data-start=\"1293\" data-end=\"1311\">Radamel Falcao<\/strong> czy <strong data-start=\"1316\" data-end=\"1336\">Davinson S\u00e1nchez<\/strong>, kt\u00f3rzy reprezentowali sw\u00f3j kraj na mi\u0119dzynarodowej scenie.<\/p>\n<p data-start=\"1398\" data-end=\"1736\" data-is-last-node=\"\" data-is-only-node=\"\">Dla <strong data-start=\"1402\" data-end=\"1440\">kolekcjoner\u00f3w koszulek pi\u0142karskich<\/strong>, <strong data-start=\"1442\" data-end=\"1474\">fan\u00f3w reprezentacji Kolumbii<\/strong> oraz tych, kt\u00f3rzy \u015bledz\u0105 mi\u0119dzynarodowy futbol, ta koszulka stanowi absolutnie niezb\u0119dny element kolekcji. <strong data-start=\"1582\" data-end=\"1596\">Oryginalna<\/strong>, <strong data-start=\"1598\" data-end=\"1613\">autentyczna<\/strong> i pe\u0142na sportowego ducha \u2013 to idealny wyb\u00f3r dla ka\u017cdego, kto pragnie doda\u0107 do swojej kolekcji kawa\u0142ek futbolowej historii.<\/p>\n<\/div>\n<\/div>\n<\/div>\n<\/div>\n<\/div>\n<\/div>\n<\/article>\n<div class=\"pointer-events-none h-px w-px\" aria-hidden=\"true\" data-edge=\"true\"><\/div>","protected":false},"featured_media":13546,"template":"","meta":{"_kad_blocks_custom_css":"","_kad_blocks_head_custom_js":"","_kad_blocks_body_custom_js":"","_kad_blocks_footer_custom_js":"","_kad_post_transparent":"","_kad_post_title":"","_kad_post_layout":"","_kad_post_sidebar_id":"","_kad_post_content_style":"","_kad_post_vertical_padding":"","_kad_post_feature":"","_kad_post_feature_position":"","_kad_post_header":false,"_kad_post_footer":false},"product_brand":[45],"product_cat":[77,427,22],"product_tag":[],"class_list":{"0":"post-2996","1":"product","2":"type-product","3":"status-publish","4":"has-post-thumbnail","6":"product_brand-adidas","7":"product_cat-ameryka-poludniowa-reprezentacje","8":"product_cat-pozostale-ameryka-poludniowa-reprezentacje","9":"product_cat-reprezentacje","10":"pa_rozmiar-xl","12":"first","13":"instock","14":"taxable","15":"shipping-taxable","16":"purchasable","17":"product-type-simple","18":"entry","19":"content-bg","20":"loop-entry"},"taxonomy_info":{"product_brand":[{"value":45,"label":"Adidas"}],"product_cat":[{"value":77,"label":"Ameryka Po\u0142udniowa"},{"value":427,"label":"Pozosta\u0142e"},{"value":22,"label":"REPREZENTACJE"}],"pa_rozmiar":[{"value":57,"label":"XL"}]},"featured_image_src_large":["https:\/\/fts.you2.pl\/wp-content\/uploads\/2025\/09\/Photoroom_026_20250521_104552-1024x1024.png",1024,1024,true],"author_info":[],"comment_info":"","_links":{"self":[{"href":"https:\/\/fts.you2.pl\/en\/wp-json\/wp\/v2\/product\/2996","targetHints":{"allow":["GET"]}}],"collection":[{"href":"https:\/\/fts.you2.pl\/en\/wp-json\/wp\/v2\/product"}],"about":[{"href":"https:\/\/fts.you2.pl\/en\/wp-json\/wp\/v2\/types\/product"}],"wp:featuredmedia":[{"embeddable":true,"href":"https:\/\/fts.you2.pl\/en\/wp-json\/wp\/v2\/media\/13546"}],"wp:attachment":[{"href":"https:\/\/fts.you2.pl\/en\/wp-json\/wp\/v2\/media?parent=2996"}],"wp:term":[{"taxonomy":"product_brand","embeddable":true,"href":"https:\/\/fts.you2.pl\/en\/wp-json\/wp\/v2\/product_brand?post=2996"},{"taxonomy":"product_cat","embeddable":true,"href":"https:\/\/fts.you2.pl\/en\/wp-json\/wp\/v2\/product_cat?post=2996"},{"taxonomy":"product_tag","embeddable":true,"href":"https:\/\/fts.you2.pl\/en\/wp-json\/wp\/v2\/product_tag?post=2996"}],"curies":[{"name":"wp","href":"https:\/\/api.w.org\/{rel}","templated":true}]}}