{"id":2997,"date":"2025-05-25T15:26:57","date_gmt":"2025-05-25T13:26:57","guid":{"rendered":"https:\/\/fts.you2.pl\/index.php\/produkt\/player-issue-manchester-united-2015-16-third-10-rooney-m\/"},"modified":"2025-09-19T16:02:14","modified_gmt":"2025-09-19T14:02:14","slug":"player-issue-manchester-united-2015-16-third-10-rooney-m","status":"publish","type":"product","link":"https:\/\/fts.you2.pl\/en\/player-issue-manchester-united-2015-16-third-10-rooney-m\/","title":{"rendered":"Koszulka pi\u0142karska PLAYER ISSUE Manchester United 2015\/16 Third 10 Rooney [M]"},"content":{"rendered":"<p><strong>Klub:<\/strong> Manchester United<\/p>\n<p><strong>Sezon:<\/strong> 2015\/16 Third<\/p>\n<p><strong>Rozmiar: <\/strong>M<\/p>\n<p><strong>Stan:<\/strong> Bardzo dobry &#8211; mikro p\u0119kni\u0119cia na napisie 'Adizero&#8217; na froncie.<\/p>\n<p><strong>Wymiary (szeroko\u015b\u0107 pod pachami\/d\u0142ugo\u015b\u0107) w cm: <\/strong>48\/71<\/p>\n<p><strong>Dodatkowe informacje:<\/strong> Koszulka w wersji meczowej Adizero.<\/p>","protected":false},"excerpt":{"rendered":"<article class=\"text-token-text-primary w-full focus:outline-none scroll-mt-[calc(var(--header-height)+min(200px,max(70px,20svh)))]\" dir=\"auto\" tabindex=\"-1\" data-turn-id=\"request-WEB:720cf975-4f6e-44df-961d-346f514104c8-28\" data-testid=\"conversation-turn-6\" data-scroll-anchor=\"true\" data-turn=\"assistant\">\n<div class=\"text-base my-auto mx-auto pb-10 [--thread-content-margin:--spacing(4)] @[37rem]:[--thread-content-margin:--spacing(6)] @[72rem]:[--thread-content-margin:--spacing(16)] px-(--thread-content-margin)\">\n<div class=\"[--thread-content-max-width:32rem] @[34rem]:[--thread-content-max-width:40rem] @[64rem]:[--thread-content-max-width:48rem] mx-auto max-w-(--thread-content-max-width) flex-1 group\/turn-messages focus-visible:outline-hidden relative flex w-full min-w-0 flex-col agent-turn\" tabindex=\"-1\">\n<div class=\"flex max-w-full flex-col grow\">\n<div class=\"min-h-8 text-message relative flex w-full flex-col items-end gap-2 text-start break-words whitespace-normal [.text-message+&amp;]:mt-5\" dir=\"auto\" data-message-author-role=\"assistant\" data-message-id=\"f88aa4a3-7bc9-45aa-aeeb-666cf51e8f99\" data-message-model-slug=\"gpt-4o-mini\">\n<div class=\"flex w-full flex-col gap-1 empty:hidden first:pt-[3px]\">\n<div class=\"markdown prose dark:prose-invert w-full break-words light markdown-new-styling\">\n<p data-start=\"0\" data-end=\"143\"><strong data-start=\"0\" data-end=\"143\">Oryginalna trzecia koszulka pi\u0142karska Manchesteru United z sezonu 2015\/16 w wersji meczowej Adizero z nadrukiem Wayne&#8217;a Rooneya na plecach.<\/strong><\/p>\n<p data-start=\"145\" data-end=\"526\">Ta <strong data-start=\"148\" data-end=\"208\">oryginalna trzecia koszulka pi\u0142karska Manchesteru United<\/strong> z sezonu 2015\/16 to model, kt\u00f3ry zyska\u0142 status kultowego w\u015br\u00f3d <strong data-start=\"272\" data-end=\"281\">fan\u00f3w<\/strong> \u201eCzerwonych Diab\u0142\u00f3w\u201d oraz <strong data-start=\"308\" data-end=\"325\">kolekcjoner\u00f3w<\/strong>. Koszulka zosta\u0142a wyprodukowana przez firm\u0119 <strong data-start=\"370\" data-end=\"380\">Adidas<\/strong> w wersji meczowej <strong data-start=\"399\" data-end=\"410\">Adizero<\/strong>, co zapewnia wyj\u0105tkow\u0105 lekko\u015b\u0107 i elastyczno\u015b\u0107 materia\u0142u, gwarantuj\u0105c komfort podczas intensywnych zmaga\u0144 na boisku.<\/p>\n<p data-start=\"528\" data-end=\"1067\">Koszulka wyr\u00f3\u017cnia si\u0119 unikalnym designem w kolorze <strong data-start=\"579\" data-end=\"590\">czarnym<\/strong>, z subtelnymi <strong data-start=\"605\" data-end=\"619\">czerwonymi <\/strong>akcentami, kt\u00f3re doskonale wpisuj\u0105 si\u0119 w klasyczny styl klubu. Na piersi znajduje si\u0119 <strong data-start=\"730\" data-end=\"757\">herb Manchesteru United <\/strong>oraz\u00a0logo <strong data-start=\"780\" data-end=\"791\">Adidasa<\/strong>. Na plecach koszulki widnieje <strong data-start=\"822\" data-end=\"848\">nadruk Wayne&#8217;a Rooneya<\/strong>, legendarnego kapitana i napastnika, kt\u00f3ry przez wiele lat by\u0142 symbolem dru\u017cyny. Numer 10, pod kt\u00f3rym gra\u0142 Rooney, dodatkowo podkre\u015bla znaczenie tej koszulki, stanowi\u0105cej pami\u0105tk\u0119 po jednej z najwi\u0119kszych gwiazd klubu.<\/p>\n<p data-start=\"1069\" data-end=\"1450\">Koszulka wykonana w technologii meczowej <strong>Adizero<\/strong>, zapewnia doskona\u0142\u0105 wentylacj\u0119, co czyni j\u0105 idealnym wyborem zar\u00f3wno dla os\u00f3b aktywnych, jak i tych, kt\u00f3rzy chc\u0105 doda\u0107 do swojej kolekcji element autentycznego futbolu. To r\u00f3wnie\u017c \u015bwietna okazja, by posiada\u0107 cz\u0119\u015b\u0107 historii Manchesteru United z sezonu 2015\/16, kt\u00f3ry by\u0142 jednym z wielu wa\u017cnych rozdzia\u0142\u00f3w w erze Rooneya w klubie.<\/p>\n<p data-start=\"1452\" data-end=\"1737\" data-is-last-node=\"\" data-is-only-node=\"\">Dla <strong data-start=\"1456\" data-end=\"1484\">fan\u00f3w Manchesteru United<\/strong>, <strong data-start=\"1486\" data-end=\"1497\">kibic\u00f3w<\/strong> Wayne&#8217;a Rooneya oraz <strong data-start=\"1519\" data-end=\"1536\">kolekcjoner\u00f3w<\/strong> koszulek pi\u0142karskich, ta koszulka jest obowi\u0105zkow\u0105 pozycj\u0105 w zbiorach. <strong data-start=\"1608\" data-end=\"1622\">Oryginalna<\/strong>, <strong data-start=\"1624\" data-end=\"1639\">autentyczna<\/strong> i pe\u0142na historii \u2013 to nie tylko element garderoby, ale prawdziwy kawa\u0142ek <strong data-start=\"1713\" data-end=\"1736\">futbolowej tradycji<\/strong>.<\/p>\n<\/div>\n<\/div>\n<\/div>\n<\/div>\n<\/div>\n<\/div>\n<\/article>\n<div class=\"pointer-events-none h-px w-px\" aria-hidden=\"true\" data-edge=\"true\"><\/div>","protected":false},"featured_media":13554,"template":"","meta":{"_kad_blocks_custom_css":"","_kad_blocks_head_custom_js":"","_kad_blocks_body_custom_js":"","_kad_blocks_footer_custom_js":"","_kad_post_transparent":"","_kad_post_title":"","_kad_post_layout":"","_kad_post_sidebar_id":"","_kad_post_content_style":"","_kad_post_vertical_padding":"","_kad_post_feature":"","_kad_post_feature_position":"","_kad_post_header":false,"_kad_post_footer":false},"product_brand":[45],"product_cat":[32,31,133],"product_tag":[],"class_list":{"0":"post-2997","1":"product","2":"type-product","3":"status-publish","4":"has-post-thumbnail","6":"product_brand-adidas","7":"product_cat-kluby-angielskie","8":"product_cat-kluby-europejskie","9":"product_cat-manchester-united","10":"pa_rozmiar-m","12":"first","13":"instock","14":"taxable","15":"shipping-taxable","16":"purchasable","17":"product-type-simple","18":"entry","19":"content-bg","20":"loop-entry"},"taxonomy_info":{"product_brand":[{"value":45,"label":"Adidas"}],"product_cat":[{"value":32,"label":"Kluby Angielskie"},{"value":31,"label":"Kluby Europejskie"},{"value":133,"label":"Manchester United"}],"pa_rozmiar":[{"value":28,"label":"M"}]},"featured_image_src_large":["https:\/\/fts.you2.pl\/wp-content\/uploads\/2025\/09\/Photoroom_035_20250521_104552-1024x1024.png",1024,1024,true],"author_info":[],"comment_info":"","_links":{"self":[{"href":"https:\/\/fts.you2.pl\/en\/wp-json\/wp\/v2\/product\/2997","targetHints":{"allow":["GET"]}}],"collection":[{"href":"https:\/\/fts.you2.pl\/en\/wp-json\/wp\/v2\/product"}],"about":[{"href":"https:\/\/fts.you2.pl\/en\/wp-json\/wp\/v2\/types\/product"}],"wp:featuredmedia":[{"embeddable":true,"href":"https:\/\/fts.you2.pl\/en\/wp-json\/wp\/v2\/media\/13554"}],"wp:attachment":[{"href":"https:\/\/fts.you2.pl\/en\/wp-json\/wp\/v2\/media?parent=2997"}],"wp:term":[{"taxonomy":"product_brand","embeddable":true,"href":"https:\/\/fts.you2.pl\/en\/wp-json\/wp\/v2\/product_brand?post=2997"},{"taxonomy":"product_cat","embeddable":true,"href":"https:\/\/fts.you2.pl\/en\/wp-json\/wp\/v2\/product_cat?post=2997"},{"taxonomy":"product_tag","embeddable":true,"href":"https:\/\/fts.you2.pl\/en\/wp-json\/wp\/v2\/product_tag?post=2997"}],"curies":[{"name":"wp","href":"https:\/\/api.w.org\/{rel}","templated":true}]}}