{"id":2998,"date":"2025-05-25T15:26:56","date_gmt":"2025-05-25T13:26:56","guid":{"rendered":"https:\/\/fts.you2.pl\/index.php\/produkt\/manchester-united-2014-15-home-m\/"},"modified":"2025-09-19T16:02:53","modified_gmt":"2025-09-19T14:02:53","slug":"manchester-united-2014-15-home-m","status":"publish","type":"product","link":"https:\/\/fts.you2.pl\/en\/manchester-united-2014-15-home-m\/","title":{"rendered":"Koszulka pi\u0142karska Manchester United 2014\/15 Home [M]"},"content":{"rendered":"<p><strong>Klub:<\/strong> Manchester United<\/p>\n<p><strong>Sezon:<\/strong> 2014\/15 Home<\/p>\n<p><strong>Rozmiar: <\/strong>M<\/p>\n<p><strong>Stan:<\/strong> Bardzo dobry &#8211; dwa mikro zaci\u0105gni\u0119cia oraz dwa \u015bredniej wielko\u015bci.<\/p>\n<p><strong>Wymiary (szeroko\u015b\u0107 pod pachami\/d\u0142ugo\u015b\u0107) w cm: <\/strong>53\/71<\/p>","protected":false},"excerpt":{"rendered":"<article class=\"text-token-text-primary w-full focus:outline-none scroll-mt-[calc(var(--header-height)+min(200px,max(70px,20svh)))]\" dir=\"auto\" tabindex=\"-1\" data-turn-id=\"request-68950bf4-d268-832b-b17f-2a1c03cf50f2-31\" data-testid=\"conversation-turn-12\" data-scroll-anchor=\"true\" data-turn=\"assistant\">\n<div class=\"text-base my-auto mx-auto pb-10 [--thread-content-margin:--spacing(4)] @[37rem]:[--thread-content-margin:--spacing(6)] @[72rem]:[--thread-content-margin:--spacing(16)] px-(--thread-content-margin)\">\n<div class=\"[--thread-content-max-width:32rem] @[34rem]:[--thread-content-max-width:40rem] @[64rem]:[--thread-content-max-width:48rem] mx-auto max-w-(--thread-content-max-width) flex-1 group\/turn-messages focus-visible:outline-hidden relative flex w-full min-w-0 flex-col agent-turn\" tabindex=\"-1\">\n<div class=\"flex max-w-full flex-col grow\">\n<div class=\"min-h-8 text-message relative flex w-full flex-col items-end gap-2 text-start break-words whitespace-normal [.text-message+&amp;]:mt-5\" dir=\"auto\" data-message-author-role=\"assistant\" data-message-id=\"2be1e9e8-9ec2-47ae-96ff-b959522ad5ab\" data-message-model-slug=\"gpt-4o-mini\">\n<div class=\"flex w-full flex-col gap-1 empty:hidden first:pt-[3px]\">\n<div class=\"markdown prose dark:prose-invert w-full break-words light markdown-new-styling\">\n<p data-start=\"0\" data-end=\"92\"><strong data-start=\"0\" data-end=\"92\">Oryginalna domowa koszulka pi\u0142karska Manchesteru United z sezonu 2014\/15 produkcji Nike.<\/strong><\/p>\n<p data-start=\"94\" data-end=\"458\">Ta oryginalna domowa koszulka pi\u0142karska <strong>Manchesteru United<\/strong> z sezonu <strong>2014\/15<\/strong>, wyprodukowana przez <strong data-start=\"191\" data-end=\"199\">Nike<\/strong>, to klasyczny model, kt\u00f3ry \u0142\u0105czy elegancj\u0119 z nowoczesnym stylem. By\u0142 to kluczowy sezon w historii klubu, kt\u00f3ry pod wodz\u0105 <strong data-start=\"321\" data-end=\"341\">Louisa van Gaala<\/strong> stara\u0142 si\u0119 odbudowa\u0107 swoj\u0105 pozycj\u0119 w angielskim futbolu po rozczarowuj\u0105cym okresie pod przewodnictwem Davida Moyesa.<\/p>\n<p data-start=\"460\" data-end=\"909\">Koszulka w tradycyjnej <strong data-start=\"483\" data-end=\"496\">czerwonej<\/strong> barwie jest doskonale rozpoznawalna i stanowi jeden z najbardziej kultowych element\u00f3w garderoby dla fan\u00f3w Manchesteru United. Na piersi znajduje si\u0119 <strong data-start=\"646\" data-end=\"683\">haftowany herb Manchesteru United<\/strong>, a tak\u017ce logo <strong data-start=\"698\" data-end=\"706\">Nike<\/strong> oraz sponsor g\u0142\u00f3wny \u2013 <strong data-start=\"729\" data-end=\"742\">Chevrolet<\/strong>. Charakterystycznym elementem designu s\u0105 <strong data-start=\"784\" data-end=\"802\">czarne akcenty<\/strong> na ko\u0142nierzyku i r\u0119kawach, kt\u00f3re nadaj\u0105 ca\u0142o\u015bci subtelnej elegancji, a r\u00f3wnocze\u015bnie sportowego charakteru.<\/p>\n<p data-start=\"911\" data-end=\"1242\">Koszulka wykonana jest z lekkiego materia\u0142u, kt\u00f3ry zapewnia <strong data-start=\"971\" data-end=\"982\">komfort<\/strong> i <strong data-start=\"985\" data-end=\"1001\">oddychalno\u015b\u0107<\/strong>, a technologia <strong data-start=\"1017\" data-end=\"1028\">Dri-FIT<\/strong> zapewnia skuteczne odprowadzanie wilgoci, co czyni j\u0105 idealn\u0105 zar\u00f3wno do gry, jak i do codziennego noszenia. Dzi\u0119ki zastosowaniu tej technologii, koszulka gwarantuje wygod\u0119 podczas intensywnych mecz\u00f3w i trening\u00f3w.<\/p>\n<p data-start=\"1244\" data-end=\"1591\">Sezon 2014\/15 to czas, kiedy w barwach Manchesteru United wyst\u0119powali tacy zawodnicy jak <strong data-start=\"1333\" data-end=\"1349\">Wayne Rooney<\/strong>, <strong data-start=\"1351\" data-end=\"1371\">Robin van Persie<\/strong>, <strong data-start=\"1373\" data-end=\"1386\">Juan Mata<\/strong> oraz <strong data-start=\"1392\" data-end=\"1408\">David De Gea<\/strong>. Klub wr\u00f3ci\u0142 do rywalizacji o najwy\u017csze lokaty w Premier League i czw\u00f3rk\u0119 najlepszych dru\u017cyn w Europie, a ta koszulka sta\u0142a si\u0119 symbolem nowego etapu w historii \u201eCzerwonych Diab\u0142\u00f3w\u201d.<\/p>\n<p data-start=\"1593\" data-end=\"1928\" data-is-last-node=\"\" data-is-only-node=\"\">Dla fan\u00f3w Manchesteru United oraz <strong data-start=\"1627\" data-end=\"1665\">kolekcjoner\u00f3w koszulek pi\u0142karskich<\/strong> ta koszulka jest absolutnie obowi\u0105zkow\u0105 pozycj\u0105 w zbiorach. <strong data-start=\"1726\" data-end=\"1740\">Oryginalna<\/strong>, <strong data-start=\"1742\" data-end=\"1757\">autentyczna<\/strong> i pe\u0142na historii \u2013 to doskona\u0142y wyb\u00f3r dla ka\u017cdego, kto pragnie mie\u0107 w swojej kolekcji kawa\u0142ek tradycji i dziedzictwa jednego z najwi\u0119kszych klub\u00f3w pi\u0142karskich na \u015bwiecie.<\/p>\n<\/div>\n<\/div>\n<\/div>\n<\/div>\n<\/div>\n<\/div>\n<\/article>\n<div class=\"pointer-events-none h-px w-px\" aria-hidden=\"true\" data-edge=\"true\"><\/div>","protected":false},"featured_media":13562,"template":"","meta":{"_kad_blocks_custom_css":"","_kad_blocks_head_custom_js":"","_kad_blocks_body_custom_js":"","_kad_blocks_footer_custom_js":"","_kad_post_transparent":"","_kad_post_title":"","_kad_post_layout":"","_kad_post_sidebar_id":"","_kad_post_content_style":"","_kad_post_vertical_padding":"","_kad_post_feature":"","_kad_post_feature_position":"","_kad_post_header":false,"_kad_post_footer":false},"product_brand":[55],"product_cat":[32,31,133],"product_tag":[],"class_list":{"0":"post-2998","1":"product","2":"type-product","3":"status-publish","4":"has-post-thumbnail","6":"product_brand-nike","7":"product_cat-kluby-angielskie","8":"product_cat-kluby-europejskie","9":"product_cat-manchester-united","10":"pa_rozmiar-m","12":"first","13":"instock","14":"taxable","15":"shipping-taxable","16":"purchasable","17":"product-type-simple","18":"entry","19":"content-bg","20":"loop-entry"},"taxonomy_info":{"product_brand":[{"value":55,"label":"Nike"}],"product_cat":[{"value":32,"label":"Kluby Angielskie"},{"value":31,"label":"Kluby Europejskie"},{"value":133,"label":"Manchester United"}],"pa_rozmiar":[{"value":28,"label":"M"}]},"featured_image_src_large":["https:\/\/fts.you2.pl\/wp-content\/uploads\/2025\/09\/Photoroom_040_20250521_104552-1024x1024.png",1024,1024,true],"author_info":[],"comment_info":"","_links":{"self":[{"href":"https:\/\/fts.you2.pl\/en\/wp-json\/wp\/v2\/product\/2998","targetHints":{"allow":["GET"]}}],"collection":[{"href":"https:\/\/fts.you2.pl\/en\/wp-json\/wp\/v2\/product"}],"about":[{"href":"https:\/\/fts.you2.pl\/en\/wp-json\/wp\/v2\/types\/product"}],"wp:featuredmedia":[{"embeddable":true,"href":"https:\/\/fts.you2.pl\/en\/wp-json\/wp\/v2\/media\/13562"}],"wp:attachment":[{"href":"https:\/\/fts.you2.pl\/en\/wp-json\/wp\/v2\/media?parent=2998"}],"wp:term":[{"taxonomy":"product_brand","embeddable":true,"href":"https:\/\/fts.you2.pl\/en\/wp-json\/wp\/v2\/product_brand?post=2998"},{"taxonomy":"product_cat","embeddable":true,"href":"https:\/\/fts.you2.pl\/en\/wp-json\/wp\/v2\/product_cat?post=2998"},{"taxonomy":"product_tag","embeddable":true,"href":"https:\/\/fts.you2.pl\/en\/wp-json\/wp\/v2\/product_tag?post=2998"}],"curies":[{"name":"wp","href":"https:\/\/api.w.org\/{rel}","templated":true}]}}