{"id":2999,"date":"2025-05-25T15:26:55","date_gmt":"2025-05-25T13:26:55","guid":{"rendered":"https:\/\/fts.you2.pl\/index.php\/produkt\/port-vale-fc-1998-00-away-s\/"},"modified":"2025-09-19T16:03:21","modified_gmt":"2025-09-19T14:03:21","slug":"port-vale-fc-1998-00-away-s","status":"publish","type":"product","link":"https:\/\/fts.you2.pl\/en\/port-vale-fc-1998-00-away-s\/","title":{"rendered":"Koszulka pi\u0142karska Port Vale FC 1998\/00 Away [S]"},"content":{"rendered":"<p><strong>Klub:<\/strong> Port Vale FC<\/p>\n<p><strong>Sezon:<\/strong> 1998\/00 Away<\/p>\n<p><strong>Rozmiar: <\/strong>S<\/p>\n<p><strong>Stan:<\/strong> Doskona\u0142y<\/p>\n<p><strong>Wymiary (szeroko\u015b\u0107 pod pachami\/d\u0142ugo\u015b\u0107) w cm: <\/strong>47\/70<\/p>","protected":false},"excerpt":{"rendered":"<article class=\"text-token-text-primary w-full focus:outline-none scroll-mt-[calc(var(--header-height)+min(200px,max(70px,20svh)))]\" dir=\"auto\" tabindex=\"-1\" data-turn-id=\"request-68950bf4-d268-832b-b17f-2a1c03cf50f2-0\" data-testid=\"conversation-turn-14\" data-scroll-anchor=\"true\" data-turn=\"assistant\">\n<div class=\"text-base my-auto mx-auto pb-10 [--thread-content-margin:--spacing(4)] @[37rem]:[--thread-content-margin:--spacing(6)] @[72rem]:[--thread-content-margin:--spacing(16)] px-(--thread-content-margin)\">\n<div class=\"[--thread-content-max-width:32rem] @[34rem]:[--thread-content-max-width:40rem] @[64rem]:[--thread-content-max-width:48rem] mx-auto max-w-(--thread-content-max-width) flex-1 group\/turn-messages focus-visible:outline-hidden relative flex w-full min-w-0 flex-col agent-turn\" tabindex=\"-1\">\n<div class=\"flex max-w-full flex-col grow\">\n<div class=\"min-h-8 text-message relative flex w-full flex-col items-end gap-2 text-start break-words whitespace-normal [.text-message+&amp;]:mt-5\" dir=\"auto\" data-message-author-role=\"assistant\" data-message-id=\"736fe3ad-0bf0-4bcc-b051-269348a1473b\" data-message-model-slug=\"gpt-4o-mini\">\n<div class=\"flex w-full flex-col gap-1 empty:hidden first:pt-[3px]\">\n<div class=\"markdown prose dark:prose-invert w-full break-words light markdown-new-styling\">\n<p data-start=\"0\" data-end=\"91\"><strong data-start=\"0\" data-end=\"91\">Oryginalna wyjazdowa koszulka pi\u0142karska Port Vale z lat 1998\/00 produkcji firmy Mizuno.<\/strong><\/p>\n<p data-start=\"93\" data-end=\"448\">Ta <strong data-start=\"96\" data-end=\"139\">oryginalna wyjazdowa koszulka pi\u0142karska<\/strong> Port Vale z lat 1998\/00, wyprodukowana przez firm\u0119 <strong data-start=\"191\" data-end=\"201\">Mizuno<\/strong>, to wyj\u0105tkowy model, kt\u00f3ry \u0142\u0105czy klasyczny styl z charakterystycznym designem. Koszulka, utrzymana w <strong data-start=\"303\" data-end=\"325\">intensywnym \u017c\u00f3\u0142tym<\/strong> kolorze, stanowi\u0142a cz\u0119\u015b\u0107 wyjazdowego zestawu dru\u017cyny Port Vale, kt\u00f3rej pi\u0142karze z dum\u0105 reprezentowali klub w tym okresie.<\/p>\n<p data-start=\"450\" data-end=\"849\">Koszulka wyr\u00f3\u017cnia si\u0119 <strong data-start=\"472\" data-end=\"494\">czarnymi akcentami<\/strong>, kt\u00f3re doskonale kontrastuj\u0105 z \u017c\u00f3\u0142tym t\u0142em. <strong data-start=\"539\" data-end=\"560\">Czarny ko\u0142nierzyk<\/strong> oraz <strong data-start=\"566\" data-end=\"589\">lampasy na r\u0119kawach<\/strong> nadaj\u0105 jej sportowego charakteru, kt\u00f3ry jest nie tylko elegancki, ale i funkcjonalny. Na piersi znajduje si\u0119 klasyczne logo <strong data-start=\"714\" data-end=\"724\">Mizuno<\/strong>, kt\u00f3re stanowi gwarancj\u0119 autentyczno\u015bci produktu, a sam design kojarzy si\u0119 z najlepszymi tradycjami pi\u0142karskimi lat 90-tych.<\/p>\n<p data-start=\"851\" data-end=\"1133\">Koszulka wykonana jest z materia\u0142u, kt\u00f3ry zapewnia wygod\u0119 i swobod\u0119 ruch\u00f3w, co jest niezb\u0119dne w trakcie intensywnych zmaga\u0144 na boisku. Prosta, ale efektowna, koszulka \u0142\u0105czy estetyk\u0119 z funkcjonalno\u015bci\u0105, oferuj\u0105c komfort nie tylko w trakcie gry, ale tak\u017ce jako element kolekcjonerski.<\/p>\n<p data-start=\"1135\" data-end=\"1399\">W latach 1998-2000 w barwach Port Vale wyst\u0119powali pi\u0142karze, kt\u00f3rzy zapewnili dru\u017cynie solidne wyst\u0119py na boiskach <strong data-start=\"1250\" data-end=\"1277\">English Football League<\/strong>. Koszulka ta jest \u015bwietnym przyk\u0142adem pi\u0142karskiej mody z tamtego okresu, kiedy to kluby stawia\u0142y na prostot\u0119 i elegancj\u0119.<\/p>\n<p data-start=\"1401\" data-end=\"1758\" data-is-last-node=\"\" data-is-only-node=\"\">Dla <strong data-start=\"1405\" data-end=\"1424\">fan\u00f3w Port Vale<\/strong>, <strong data-start=\"1426\" data-end=\"1437\">kibic\u00f3w<\/strong> pi\u0142ki no\u017cnej lat 90-tych oraz <strong data-start=\"1468\" data-end=\"1485\">kolekcjoner\u00f3w<\/strong> oryginalnych koszulek pi\u0142karskich, ta koszulka jest niepowtarzalnym elementem, kt\u00f3ry \u0142\u0105czy <strong data-start=\"1577\" data-end=\"1593\">oryginalno\u015b\u0107<\/strong>, <strong data-start=\"1595\" data-end=\"1612\">autentyczno\u015b\u0107<\/strong> i kawa\u0142ek historii pi\u0142ki no\u017cnej. Idealna propozycja do kolekcji lub jako element garderoby, kt\u00f3ry przywo\u0142uje wspomnienia z chwalebnych dni klubu.<\/p>\n<\/div>\n<\/div>\n<\/div>\n<\/div>\n<\/div>\n<\/div>\n<\/article>","protected":false},"featured_media":13570,"template":"","meta":{"_kad_blocks_custom_css":"","_kad_blocks_head_custom_js":"","_kad_blocks_body_custom_js":"","_kad_blocks_footer_custom_js":"","_kad_post_transparent":"","_kad_post_title":"","_kad_post_layout":"","_kad_post_sidebar_id":"","_kad_post_content_style":"","_kad_post_vertical_padding":"","_kad_post_feature":"","_kad_post_feature_position":"","_kad_post_header":false,"_kad_post_footer":false},"product_brand":[219],"product_cat":[32,31,33],"product_tag":[],"class_list":{"0":"post-2999","1":"product","2":"type-product","3":"status-publish","4":"has-post-thumbnail","6":"product_brand-mizuno","7":"product_cat-kluby-angielskie","8":"product_cat-kluby-europejskie","9":"product_cat-pozostale-kluby-angielskie","10":"pa_rozmiar-s","12":"first","13":"instock","14":"taxable","15":"shipping-taxable","16":"purchasable","17":"product-type-simple","18":"entry","19":"content-bg","20":"loop-entry"},"taxonomy_info":{"product_brand":[{"value":219,"label":"Mizuno"}],"product_cat":[{"value":32,"label":"Kluby Angielskie"},{"value":31,"label":"Kluby Europejskie"},{"value":33,"label":"Pozosta\u0142e kluby angielskie"}],"pa_rozmiar":[{"value":19,"label":"S"}]},"featured_image_src_large":["https:\/\/fts.you2.pl\/wp-content\/uploads\/2025\/09\/Photoroom_042_20250521_104552-1024x1024.png",1024,1024,true],"author_info":[],"comment_info":"","_links":{"self":[{"href":"https:\/\/fts.you2.pl\/en\/wp-json\/wp\/v2\/product\/2999","targetHints":{"allow":["GET"]}}],"collection":[{"href":"https:\/\/fts.you2.pl\/en\/wp-json\/wp\/v2\/product"}],"about":[{"href":"https:\/\/fts.you2.pl\/en\/wp-json\/wp\/v2\/types\/product"}],"wp:featuredmedia":[{"embeddable":true,"href":"https:\/\/fts.you2.pl\/en\/wp-json\/wp\/v2\/media\/13570"}],"wp:attachment":[{"href":"https:\/\/fts.you2.pl\/en\/wp-json\/wp\/v2\/media?parent=2999"}],"wp:term":[{"taxonomy":"product_brand","embeddable":true,"href":"https:\/\/fts.you2.pl\/en\/wp-json\/wp\/v2\/product_brand?post=2999"},{"taxonomy":"product_cat","embeddable":true,"href":"https:\/\/fts.you2.pl\/en\/wp-json\/wp\/v2\/product_cat?post=2999"},{"taxonomy":"product_tag","embeddable":true,"href":"https:\/\/fts.you2.pl\/en\/wp-json\/wp\/v2\/product_tag?post=2999"}],"curies":[{"name":"wp","href":"https:\/\/api.w.org\/{rel}","templated":true}]}}