{"id":3002,"date":"2025-05-25T15:27:17","date_gmt":"2025-05-25T13:27:17","guid":{"rendered":"https:\/\/fts.you2.pl\/index.php\/produkt\/rc-lens-2009-10-home-s\/"},"modified":"2025-09-19T16:04:33","modified_gmt":"2025-09-19T14:04:33","slug":"rc-lens-2009-10-home-s","status":"publish","type":"product","link":"https:\/\/fts.you2.pl\/en\/rc-lens-2009-10-home-s\/","title":{"rendered":"Koszulka pi\u0142karska RC Lens 2009\/10 Home [S]"},"content":{"rendered":"<p><strong>Klub:<\/strong> RC Lens<\/p>\n<p><strong>Sezon:<\/strong> 2009\/10 Home<\/p>\n<p><strong>Rozmiar: <\/strong>S<\/p>\n<p><strong>Stan:<\/strong> Dobry &#8211; kilka mikro zaci\u0105gni\u0119\u0107 oraz starta nalepka z rozmiarem na karku.<\/p>\n<p><strong>Wymiary (szeroko\u015b\u0107 pod pachami\/d\u0142ugo\u015b\u0107) w cm: <\/strong>49\/69<\/p>","protected":false},"excerpt":{"rendered":"<p data-start=\"0\" data-end=\"94\"><strong data-start=\"0\" data-end=\"94\">Oryginalna koszulka pi\u0142karska RC Lens z sezonu 2008\/09 w wersji domowej produkcji Reeboka.<\/strong><\/p>\n<p data-start=\"96\" data-end=\"429\">Ta <strong data-start=\"99\" data-end=\"157\">oryginalna koszulka pi\u0142karska RC Lens z sezonu 2008\/09<\/strong> to klasyka francuskiego futbolu w najbardziej rozpoznawalnych barwach klubu \u2013 czerwono-\u017c\u00f3\u0142tych. Wyprodukowana przez <strong data-start=\"274\" data-end=\"285\">Reeboka<\/strong>, charakteryzuje si\u0119 dynamicznym wzorem z asymetrycznymi wstawkami oraz solidnym wykonaniem, kt\u00f3re zapewnia komfort i trwa\u0142o\u015b\u0107, nawet po latach.<\/p>\n<p data-start=\"431\" data-end=\"730\">Na koszulce znajdziemy historyczny herb klubu oraz logo sponsora g\u0142\u00f3wnego \u2013 Invicta \u2013 umieszczone centralnie na froncie. Sezon <strong>2008\/09<\/strong> by\u0142 dla <strong>RC Lens<\/strong> czasem odbudowy \u2013 dru\u017cyna wyst\u0119powa\u0142a w<strong> Ligue 2<\/strong>, walcz\u0105c o powr\u00f3t do najwy\u017cszej klasy rozgrywkowej i osi\u0105gn\u0119\u0142a ten cel, ko\u0144cz\u0105c sezon na 1. miejscu.<\/p>\n<p data-start=\"732\" data-end=\"976\" data-is-last-node=\"\" data-is-only-node=\"\">Koszulka to gratka dla fan\u00f3w <strong>Les Sang et Or<\/strong> oraz kolekcjoner\u00f3w, kt\u00f3rzy szukaj\u0105 <strong data-start=\"811\" data-end=\"848\">oryginalnych koszulek pi\u0142karskich<\/strong> z autentyczn\u0105 histori\u0105. Stylowa, retro i pe\u0142na pi\u0142karskiego charakteru \u2013 \u015bwietny wyb\u00f3r dla ka\u017cdego mi\u0142o\u015bnika francuskiej pi\u0142ki.<\/p>","protected":false},"featured_media":13592,"template":"","meta":{"_kad_blocks_custom_css":"","_kad_blocks_head_custom_js":"","_kad_blocks_body_custom_js":"","_kad_blocks_footer_custom_js":"","_kad_post_transparent":"","_kad_post_title":"","_kad_post_layout":"","_kad_post_sidebar_id":"","_kad_post_content_style":"","_kad_post_vertical_padding":"","_kad_post_feature":"","_kad_post_feature_position":"","_kad_post_header":false,"_kad_post_footer":false},"product_brand":[30],"product_cat":[31,129,130],"product_tag":[],"class_list":{"0":"post-3002","1":"product","2":"type-product","3":"status-publish","4":"has-post-thumbnail","6":"product_brand-reebok","7":"product_cat-kluby-europejskie","8":"product_cat-kluby-francuskie","9":"product_cat-pozostale-kluby-francuskie","10":"pa_rozmiar-s","12":"first","13":"instock","14":"taxable","15":"shipping-taxable","16":"purchasable","17":"product-type-simple","18":"entry","19":"content-bg","20":"loop-entry"},"taxonomy_info":{"product_brand":[{"value":30,"label":"Reebok"}],"product_cat":[{"value":31,"label":"Kluby Europejskie"},{"value":129,"label":"Kluby Francuskie"},{"value":130,"label":"Pozosta\u0142e kluby francuskie"}],"pa_rozmiar":[{"value":19,"label":"S"}]},"featured_image_src_large":["https:\/\/fts.you2.pl\/wp-content\/uploads\/2025\/09\/Photoroom_016_20250521_104552-1024x1024.png",1024,1024,true],"author_info":[],"comment_info":"","_links":{"self":[{"href":"https:\/\/fts.you2.pl\/en\/wp-json\/wp\/v2\/product\/3002","targetHints":{"allow":["GET"]}}],"collection":[{"href":"https:\/\/fts.you2.pl\/en\/wp-json\/wp\/v2\/product"}],"about":[{"href":"https:\/\/fts.you2.pl\/en\/wp-json\/wp\/v2\/types\/product"}],"wp:featuredmedia":[{"embeddable":true,"href":"https:\/\/fts.you2.pl\/en\/wp-json\/wp\/v2\/media\/13592"}],"wp:attachment":[{"href":"https:\/\/fts.you2.pl\/en\/wp-json\/wp\/v2\/media?parent=3002"}],"wp:term":[{"taxonomy":"product_brand","embeddable":true,"href":"https:\/\/fts.you2.pl\/en\/wp-json\/wp\/v2\/product_brand?post=3002"},{"taxonomy":"product_cat","embeddable":true,"href":"https:\/\/fts.you2.pl\/en\/wp-json\/wp\/v2\/product_cat?post=3002"},{"taxonomy":"product_tag","embeddable":true,"href":"https:\/\/fts.you2.pl\/en\/wp-json\/wp\/v2\/product_tag?post=3002"}],"curies":[{"name":"wp","href":"https:\/\/api.w.org\/{rel}","templated":true}]}}