{"id":3008,"date":"2025-05-25T15:27:09","date_gmt":"2025-05-25T13:27:09","guid":{"rendered":"https:\/\/fts.you2.pl\/index.php\/produkt\/wolverhampton-wanderers-2021-22-third-s\/"},"modified":"2025-09-19T16:07:03","modified_gmt":"2025-09-19T14:07:03","slug":"wolverhampton-wanderers-2021-22-third-s","status":"publish","type":"product","link":"https:\/\/fts.you2.pl\/en\/wolverhampton-wanderers-2021-22-third-s\/","title":{"rendered":"Koszulka pi\u0142karska Wolverhampton Wanderers 2021\/22 Third [S]"},"content":{"rendered":"<p><strong>Klub:<\/strong> Wolverhampton Wanderers<\/p>\n<p><strong>Sezon:<\/strong> 2021\/22 Third<\/p>\n<p><strong>Rozmiar: <\/strong>S<\/p>\n<p><strong>Stan:<\/strong> Dobry &#8211; trzy drobne zabrudzenia oraz dwa mikro zaci\u0105gni\u0119cia na plecach.<\/p>\n<p><strong>Wymiary (szeroko\u015b\u0107 pod pachami\/d\u0142ugo\u015b\u0107) w cm: <\/strong>50\/72<\/p>","protected":false},"excerpt":{"rendered":"<article class=\"text-token-text-primary w-full focus:outline-none scroll-mt-[calc(var(--header-height)+min(200px,max(70px,20svh)))]\" dir=\"auto\" tabindex=\"-1\" data-testid=\"conversation-turn-96\" data-scroll-anchor=\"true\" data-turn=\"assistant\">\n<div class=\"text-base my-auto mx-auto pb-10 [--thread-content-margin:--spacing(4)] @[37rem]:[--thread-content-margin:--spacing(6)] @[72rem]:[--thread-content-margin:--spacing(16)] px-(--thread-content-margin)\">\n<div class=\"[--thread-content-max-width:32rem] @[34rem]:[--thread-content-max-width:40rem] @[64rem]:[--thread-content-max-width:48rem] mx-auto max-w-(--thread-content-max-width) flex-1 group\/turn-messages focus-visible:outline-hidden relative flex w-full min-w-0 flex-col agent-turn\" tabindex=\"-1\">\n<div class=\"flex max-w-full flex-col grow\">\n<div class=\"min-h-8 text-message relative flex w-full flex-col items-end gap-2 text-start break-words whitespace-normal [.text-message+&amp;]:mt-5\" dir=\"auto\" data-message-author-role=\"assistant\" data-message-id=\"06c8d08c-4a58-4d1f-a2b8-a2db27a052b7\" data-message-model-slug=\"gpt-4o\">\n<div class=\"flex w-full flex-col gap-1 empty:hidden first:pt-[3px]\">\n<div class=\"markdown prose dark:prose-invert w-full break-words light\">\n<p data-start=\"0\" data-end=\"95\"><strong data-start=\"0\" data-end=\"93\">Oryginalna trzecia koszulka pi\u0142karska Wolverhampton Wanderers z sezonu 2021\/22 \u2013 produkcji Castore.<\/strong><\/p>\n<p data-start=\"97\" data-end=\"526\">Ta <strong data-start=\"100\" data-end=\"165\">oryginalna trzecia koszulka pi\u0142karska Wolverhampton Wanderers<\/strong> z sezonu <strong data-start=\"175\" data-end=\"186\">2021\/22<\/strong> to oficjalny model stworzony przez <strong data-start=\"222\" data-end=\"233\">Castore<\/strong> \u2013 brytyjsk\u0105 mark\u0119, kt\u00f3ra od tamtego sezonu rozpocz\u0119\u0142a wsp\u00f3\u0142prac\u0119 z klubem z Molineux. Koszulka utrzymana jest w <strong data-start=\"346\" data-end=\"368\">bia\u0142ej kolorystyce<\/strong>, wzbogaconej o <strong data-start=\"384\" data-end=\"426\">subtelne czarne i pomara\u0144czowe wstawki<\/strong>, kt\u00f3re nawi\u0105zuj\u0105 do tradycyjnych barw \u201eWilk\u00f3w\u201d i nadaj\u0105 ca\u0142o\u015bci nowoczesny, minimalistyczny wygl\u0105d.<\/p>\n<p data-start=\"528\" data-end=\"840\">Na piersi znajduje si\u0119 <strong data-start=\"551\" data-end=\"576\">haftowany herb Wolves<\/strong>, logo producenta oraz sponsora \u2013 <strong data-start=\"611\" data-end=\"622\">ManBetX<\/strong> \u2013 co podkre\u015bla meczowy charakter koszulki. Model zosta\u0142 wykonany z lekkiego, technicznego materia\u0142u, zapewniaj\u0105cego komfort i wentylacj\u0119 zar\u00f3wno podczas aktywno\u015bci sportowej, jak i codziennego noszenia.<\/p>\n<p data-start=\"842\" data-end=\"1180\" data-is-last-node=\"\" data-is-only-node=\"\">Koszulka symbolizuje nowy etap w rozwoju klubu, kt\u00f3ry w sezonie 2021\/22 kontynuowa\u0142 rywalizacj\u0119 w <strong data-start=\"940\" data-end=\"958\">Premier League<\/strong> jako solidna dru\u017cyna \u015brodka tabeli, prezentuj\u0105ca charakterystyczny, zorganizowany styl gry. To doskona\u0142a propozycja dla fan\u00f3w Wolves, mi\u0142o\u015bnik\u00f3w wsp\u00f3\u0142czesnego designu i <strong data-start=\"1128\" data-end=\"1179\">kolekcjoner\u00f3w nowoczesnych koszulek pi\u0142karskich<\/strong>.<\/p>\n<\/div>\n<\/div>\n<\/div>\n<\/div>\n<\/div>\n<\/div>\n<\/article>\n<div class=\"pointer-events-none h-px w-px\" aria-hidden=\"true\" data-edge=\"true\"><\/div>","protected":false},"featured_media":13638,"template":"","meta":{"_kad_blocks_custom_css":"","_kad_blocks_head_custom_js":"","_kad_blocks_body_custom_js":"","_kad_blocks_footer_custom_js":"","_kad_post_transparent":"","_kad_post_title":"","_kad_post_layout":"","_kad_post_sidebar_id":"","_kad_post_content_style":"","_kad_post_vertical_padding":"","_kad_post_feature":"","_kad_post_feature_position":"","_kad_post_header":false,"_kad_post_footer":false},"product_brand":[390],"product_cat":[32,31,33],"product_tag":[],"class_list":{"0":"post-3008","1":"product","2":"type-product","3":"status-publish","4":"has-post-thumbnail","6":"product_brand-castore","7":"product_cat-kluby-angielskie","8":"product_cat-kluby-europejskie","9":"product_cat-pozostale-kluby-angielskie","10":"pa_rozmiar-s","12":"first","13":"instock","14":"taxable","15":"shipping-taxable","16":"purchasable","17":"product-type-simple","18":"entry","19":"content-bg","20":"loop-entry"},"taxonomy_info":{"product_brand":[{"value":390,"label":"Castore"}],"product_cat":[{"value":32,"label":"Kluby Angielskie"},{"value":31,"label":"Kluby Europejskie"},{"value":33,"label":"Pozosta\u0142e kluby angielskie"}],"pa_rozmiar":[{"value":19,"label":"S"}]},"featured_image_src_large":["https:\/\/fts.you2.pl\/wp-content\/uploads\/2025\/09\/Photoroom_024_20250521_104552-1024x1024.png",1024,1024,true],"author_info":[],"comment_info":"","_links":{"self":[{"href":"https:\/\/fts.you2.pl\/en\/wp-json\/wp\/v2\/product\/3008","targetHints":{"allow":["GET"]}}],"collection":[{"href":"https:\/\/fts.you2.pl\/en\/wp-json\/wp\/v2\/product"}],"about":[{"href":"https:\/\/fts.you2.pl\/en\/wp-json\/wp\/v2\/types\/product"}],"wp:featuredmedia":[{"embeddable":true,"href":"https:\/\/fts.you2.pl\/en\/wp-json\/wp\/v2\/media\/13638"}],"wp:attachment":[{"href":"https:\/\/fts.you2.pl\/en\/wp-json\/wp\/v2\/media?parent=3008"}],"wp:term":[{"taxonomy":"product_brand","embeddable":true,"href":"https:\/\/fts.you2.pl\/en\/wp-json\/wp\/v2\/product_brand?post=3008"},{"taxonomy":"product_cat","embeddable":true,"href":"https:\/\/fts.you2.pl\/en\/wp-json\/wp\/v2\/product_cat?post=3008"},{"taxonomy":"product_tag","embeddable":true,"href":"https:\/\/fts.you2.pl\/en\/wp-json\/wp\/v2\/product_tag?post=3008"}],"curies":[{"name":"wp","href":"https:\/\/api.w.org\/{rel}","templated":true}]}}