{"id":3014,"date":"2025-06-08T15:51:47","date_gmt":"2025-06-08T13:51:47","guid":{"rendered":"https:\/\/fts.you2.pl\/index.php\/produkt\/everton-fc-2008-09-home-17-cahill-l\/"},"modified":"2025-09-19T16:09:39","modified_gmt":"2025-09-19T14:09:39","slug":"everton-fc-2008-09-home-17-cahill-l","status":"publish","type":"product","link":"https:\/\/fts.you2.pl\/en\/everton-fc-2008-09-home-17-cahill-l\/","title":{"rendered":"Koszulka pi\u0142karska Everton FC 2008\/09 Home 17 Cahill [L]"},"content":{"rendered":"<p><strong>Klub:<\/strong> Everton FC<\/p>\n<p><strong>Sezon:<\/strong> 2008\/09 Home<\/p>\n<p><strong>Rozmiar: <\/strong>L<\/p>\n<p><strong>Stan:<\/strong> Zadowalaj\u0105cy &#8211; uszkodzone paski na prawym ramieniu oraz nieznacznie pop\u0119kany nadruk na plecach.<\/p>\n<p><strong>Wymiary (szeroko\u015b\u0107 pod pachami\/d\u0142ugo\u015b\u0107) w cm: <\/strong>56\/70<\/p>","protected":false},"excerpt":{"rendered":"<p data-start=\"34\" data-end=\"148\"><strong data-start=\"34\" data-end=\"146\">Oryginalna domowa koszulka pi\u0142karska Evertonu FC z sezonu 2008\/09 \u2013 produkcji Umbro z nadrukiem Tima Cahilla.<\/strong><\/p>\n<p data-start=\"150\" data-end=\"609\">Przedstawiamy <strong data-start=\"164\" data-end=\"233\">oryginaln\u0105 domow\u0105 koszulk\u0119 pi\u0142karsk\u0105 Evertonu FC z sezonu 2008\/09<\/strong>, stworzon\u0105 przez legendarn\u0105 mark\u0119 <strong data-start=\"268\" data-end=\"277\">Umbro<\/strong>. To klasyczny model w tradycyjnym, niebieskim kolorze, kt\u00f3ry od lat jest symbolem dru\u017cyny z Goodison Park. Na plecach znajduje si\u0119 oficjalny nadruk <strong data-start=\"426\" data-end=\"442\">Tima Cahilla<\/strong>, jednego z najbardziej rozpoznawalnych i walecznych zawodnik\u00f3w w historii Evertonu, znanego z fenomenalnej gry g\u0142ow\u0105 i niezliczonych wa\u017cnych bramek dla <strong>The Toffees<\/strong>.<\/p>\n<p data-start=\"611\" data-end=\"986\">Koszulka zosta\u0142a zaprojektowana w minimalistycznym, eleganckim stylu \u2013 niebieski kolor uzupe\u0142niaj\u0105 bia\u0142e detale na ko\u0142nierzyku i r\u0119kawkach, a na froncie widnieje herb <strong data-start=\"778\" data-end=\"790\">Evertonu<\/strong>, logo Umbro oraz sponsor Chang Beer, kt\u00f3re do dzi\u015b budz\u0105 sentyment w\u015br\u00f3d kibic\u00f3w. Wykonana z lekkiego i przewiewnego materia\u0142u, zapewnia komfort noszenia zar\u00f3wno podczas gry, jak i na co dzie\u0144.<\/p>\n<p data-start=\"988\" data-end=\"1259\">Sezon <strong>2008\/09<\/strong> by\u0142 wa\u017cnym okresem dla<strong> Evertonu<\/strong> \u2013 dru\u017cyna prowadzona przez <strong>Davida Moyesa<\/strong> zako\u0144czy\u0142a rozgrywki Premier League na 5. miejscu i dotar\u0142a do fina\u0142u Pucharu Anglii, a <strong data-start=\"1163\" data-end=\"1177\">Tim Cahill<\/strong> odegra\u0142 kluczow\u0105 rol\u0119 w wielu spotkaniach, potwierdzaj\u0105c status lidera zespo\u0142u.<\/p>\n<p data-start=\"1261\" data-end=\"1567\">Ten model to idealna propozycja dla kolekcjoner\u00f3w i fan\u00f3w The Toffees, kt\u00f3rzy chc\u0105 posiada\u0107 <strong data-start=\"1353\" data-end=\"1425\">oryginaln\u0105 koszulk\u0119 pi\u0142karsk\u0105 Evertonu z nazwiskiem klubowej legendy<\/strong>. To nie tylko element garderoby, ale tak\u017ce wyj\u0105tkowa pami\u0105tka z ery, w kt\u00f3rej Everton walczy\u0142 jak r\u00f3wny z r\u00f3wnym z czo\u0142\u00f3wk\u0105 <strong>Premier League<\/strong>.<\/p>","protected":false},"featured_media":13693,"template":"","meta":{"_kad_blocks_custom_css":"","_kad_blocks_head_custom_js":"","_kad_blocks_body_custom_js":"","_kad_blocks_footer_custom_js":"","_kad_post_transparent":"","_kad_post_title":"","_kad_post_layout":"","_kad_post_sidebar_id":"","_kad_post_content_style":"","_kad_post_vertical_padding":"","_kad_post_feature":"","_kad_post_feature_position":"","_kad_post_header":false,"_kad_post_footer":false},"product_brand":[21],"product_cat":[92,32,31],"product_tag":[],"class_list":{"0":"post-3014","1":"product","2":"type-product","3":"status-publish","4":"has-post-thumbnail","6":"product_brand-umbro","7":"product_cat-everton-fc","8":"product_cat-kluby-angielskie","9":"product_cat-kluby-europejskie","10":"pa_rozmiar-l","12":"first","13":"instock","14":"taxable","15":"shipping-taxable","16":"purchasable","17":"product-type-simple","18":"entry","19":"content-bg","20":"loop-entry"},"taxonomy_info":{"product_brand":[{"value":21,"label":"Umbro"}],"product_cat":[{"value":92,"label":"Everton FC"},{"value":32,"label":"Kluby Angielskie"},{"value":31,"label":"Kluby Europejskie"}],"pa_rozmiar":[{"value":39,"label":"L"}]},"featured_image_src_large":["https:\/\/fts.you2.pl\/wp-content\/uploads\/2025\/09\/Photoroom_013_20250607_132852-1024x1024.png",1024,1024,true],"author_info":[],"comment_info":"","_links":{"self":[{"href":"https:\/\/fts.you2.pl\/en\/wp-json\/wp\/v2\/product\/3014","targetHints":{"allow":["GET"]}}],"collection":[{"href":"https:\/\/fts.you2.pl\/en\/wp-json\/wp\/v2\/product"}],"about":[{"href":"https:\/\/fts.you2.pl\/en\/wp-json\/wp\/v2\/types\/product"}],"wp:featuredmedia":[{"embeddable":true,"href":"https:\/\/fts.you2.pl\/en\/wp-json\/wp\/v2\/media\/13693"}],"wp:attachment":[{"href":"https:\/\/fts.you2.pl\/en\/wp-json\/wp\/v2\/media?parent=3014"}],"wp:term":[{"taxonomy":"product_brand","embeddable":true,"href":"https:\/\/fts.you2.pl\/en\/wp-json\/wp\/v2\/product_brand?post=3014"},{"taxonomy":"product_cat","embeddable":true,"href":"https:\/\/fts.you2.pl\/en\/wp-json\/wp\/v2\/product_cat?post=3014"},{"taxonomy":"product_tag","embeddable":true,"href":"https:\/\/fts.you2.pl\/en\/wp-json\/wp\/v2\/product_tag?post=3014"}],"curies":[{"name":"wp","href":"https:\/\/api.w.org\/{rel}","templated":true}]}}