{"id":3018,"date":"2025-06-08T15:51:43","date_gmt":"2025-06-08T13:51:43","guid":{"rendered":"https:\/\/fts.you2.pl\/index.php\/produkt\/koszulka-treningowa-fc-barcelona-2019-20-m\/"},"modified":"2025-09-19T16:11:18","modified_gmt":"2025-09-19T14:11:18","slug":"koszulka-treningowa-fc-barcelona-2019-20-m","status":"publish","type":"product","link":"https:\/\/fts.you2.pl\/en\/koszulka-treningowa-fc-barcelona-2019-20-m\/","title":{"rendered":"Koszulka treningowa FC Barcelona 2019\/20 [M]"},"content":{"rendered":"<p><strong>Klub:<\/strong> FC Barcelona<\/p>\n<p><strong>Sezon:<\/strong> 2019\/20<\/p>\n<p><strong>Rozmiar: <\/strong>M<\/p>\n<p><strong>Stan:<\/strong> Bardzo dobry &#8211; trzy drobne zabrudzenia.<\/p>\n<p><strong>Wymiary (szeroko\u015b\u0107 pod pachami\/d\u0142ugo\u015b\u0107) w cm: <\/strong>49\/73<\/p>","protected":false},"excerpt":{"rendered":"<p><strong>Oryginalna pi\u0142karska koszulka<\/strong> treningowa <strong>FC Barcelony<\/strong> z sezonu <strong>2019\/20<\/strong> produkcji <strong>Nike<\/strong>, stanowi\u0105ca doskona\u0142\u0105 alternatyw\u0119 do koszulki domowej b\u0105d\u017a wyjazdowej.<\/p>","protected":false},"featured_media":13724,"template":"","meta":{"_kad_blocks_custom_css":"","_kad_blocks_head_custom_js":"","_kad_blocks_body_custom_js":"","_kad_blocks_footer_custom_js":"","_kad_post_transparent":"","_kad_post_title":"","_kad_post_layout":"","_kad_post_sidebar_id":"","_kad_post_content_style":"","_kad_post_vertical_padding":"","_kad_post_feature":"","_kad_post_feature_position":"","_kad_post_header":false,"_kad_post_footer":false},"product_brand":[55],"product_cat":[248,25,31,87,26],"product_tag":[],"class_list":{"0":"post-3018","1":"product","2":"type-product","3":"status-publish","4":"has-post-thumbnail","6":"product_brand-nike","7":"product_cat-fc-barcelona","8":"product_cat-inne","9":"product_cat-kluby-europejskie","10":"product_cat-kluby-hiszpanskie","11":"product_cat-kurtki-bluzy-trening","12":"pa_rozmiar-m","14":"first","15":"instock","16":"taxable","17":"shipping-taxable","18":"purchasable","19":"product-type-simple","20":"entry","21":"content-bg","22":"loop-entry"},"taxonomy_info":{"product_brand":[{"value":55,"label":"Nike"}],"product_cat":[{"value":248,"label":"FC Barcelona"},{"value":25,"label":"Inne"},{"value":31,"label":"Kluby Europejskie"},{"value":87,"label":"Kluby Hiszpa\u0144skie"},{"value":26,"label":"Kurtki\/bluzy\/trening"}],"pa_rozmiar":[{"value":28,"label":"M"}]},"featured_image_src_large":["https:\/\/fts.you2.pl\/wp-content\/uploads\/2025\/09\/Photoroom_022_20250607_132852-1024x1024.png",1024,1024,true],"author_info":[],"comment_info":"","_links":{"self":[{"href":"https:\/\/fts.you2.pl\/en\/wp-json\/wp\/v2\/product\/3018","targetHints":{"allow":["GET"]}}],"collection":[{"href":"https:\/\/fts.you2.pl\/en\/wp-json\/wp\/v2\/product"}],"about":[{"href":"https:\/\/fts.you2.pl\/en\/wp-json\/wp\/v2\/types\/product"}],"wp:featuredmedia":[{"embeddable":true,"href":"https:\/\/fts.you2.pl\/en\/wp-json\/wp\/v2\/media\/13724"}],"wp:attachment":[{"href":"https:\/\/fts.you2.pl\/en\/wp-json\/wp\/v2\/media?parent=3018"}],"wp:term":[{"taxonomy":"product_brand","embeddable":true,"href":"https:\/\/fts.you2.pl\/en\/wp-json\/wp\/v2\/product_brand?post=3018"},{"taxonomy":"product_cat","embeddable":true,"href":"https:\/\/fts.you2.pl\/en\/wp-json\/wp\/v2\/product_cat?post=3018"},{"taxonomy":"product_tag","embeddable":true,"href":"https:\/\/fts.you2.pl\/en\/wp-json\/wp\/v2\/product_tag?post=3018"}],"curies":[{"name":"wp","href":"https:\/\/api.w.org\/{rel}","templated":true}]}}