{"id":3029,"date":"2025-06-08T15:51:53","date_gmt":"2025-06-08T13:51:53","guid":{"rendered":"https:\/\/fts.you2.pl\/index.php\/produkt\/rangers-fc-2019-20-home-m\/"},"modified":"2025-09-19T16:16:15","modified_gmt":"2025-09-19T14:16:15","slug":"rangers-fc-2019-20-home-m","status":"publish","type":"product","link":"https:\/\/fts.you2.pl\/en\/rangers-fc-2019-20-home-m\/","title":{"rendered":"Koszulka pi\u0142karska Rangers FC 2019\/20 Home [M]"},"content":{"rendered":"<p><strong>Klub:<\/strong> Rangers FC<\/p>\n<p><strong>Sezon:<\/strong> 2019\/20 Home<\/p>\n<p><strong>Rozmiar: <\/strong>M<\/p>\n<p><strong>Stan:<\/strong> Dobry- nieznacznie uszkodzone logo producenta na froncie.<\/p>\n<p><strong>Wymiary (szeroko\u015b\u0107 pod pachami\/d\u0142ugo\u015b\u0107) w cm: <\/strong>52\/70<\/p>","protected":false},"excerpt":{"rendered":"<p data-start=\"68\" data-end=\"147\"><strong data-start=\"68\" data-end=\"145\">Oryginalna domowa koszulka pi\u0142karska Rangers FC z sezonu 2019\/20 \u2013 Hummel.<\/strong><\/p>\n<p data-start=\"149\" data-end=\"589\">Przedstawiamy <strong data-start=\"163\" data-end=\"231\">oryginaln\u0105 domow\u0105 koszulk\u0119 pi\u0142karsk\u0105 Rangers FC z sezonu 2019\/20<\/strong>, wyprodukowan\u0105 przez du\u0144sk\u0105 firm\u0119 <strong data-start=\"259\" data-end=\"269\">Hummel<\/strong>. Klasyczny <strong data-start=\"281\" data-end=\"301\">niebieski design<\/strong> z bia\u0142ymi i czerwonymi akcentami nawi\u0105zuje do bogatej historii jednego z najbardziej utytu\u0142owanych klub\u00f3w w Szkocji. Na froncie widnieje haftowany <strong data-start=\"436\" data-end=\"454\">herb Rangers\u00f3w<\/strong>, logo Hummel oraz logotyp sponsora, a charakterystyczne strza\u0142ki producenta zdobi\u0105 ramiona, podkre\u015blaj\u0105c unikalny styl tej koszulki.<\/p>\n<p data-start=\"591\" data-end=\"968\">Sezon 2019\/20 to czas odbudowy pot\u0119gi klubu pod wodz\u0105 Stevena Gerrarda, kt\u00f3ry wprowadza\u0142 dru\u017cyn\u0119 na nowy poziom rywalizacji w <strong data-start=\"717\" data-end=\"741\">Scottish Premiership<\/strong> i europejskich pucharach. Jako <strong data-start=\"773\" data-end=\"806\">oryginalna koszulka pi\u0142karska<\/strong>, model ten wyr\u00f3\u017cnia si\u0119 wysok\u0105 jako\u015bci\u0105 wykonania, lekkim, oddychaj\u0105cym materia\u0142em i idealnym dopasowaniem \u2013 sprawdzi si\u0119 zar\u00f3wno na boisku, jak i na co dzie\u0144.<\/p>\n<p data-start=\"970\" data-end=\"1108\">Dodaj do kolekcji <strong data-start=\"988\" data-end=\"1025\">koszulk\u0119 Rangers\u00f3w Hummel 2019\/20<\/strong> i poczuj klimat mecz\u00f3w na<strong> Ibrox Stadium<\/strong> oraz atmosfer\u0119 wielkich derb\u00f3w <strong>Old Firm<\/strong>!<\/p>","protected":false},"featured_media":13814,"template":"","meta":{"_kad_blocks_custom_css":"","_kad_blocks_head_custom_js":"","_kad_blocks_body_custom_js":"","_kad_blocks_footer_custom_js":"","_kad_post_transparent":"","_kad_post_title":"","_kad_post_layout":"","_kad_post_sidebar_id":"","_kad_post_content_style":"","_kad_post_vertical_padding":"","_kad_post_feature":"","_kad_post_feature_position":"","_kad_post_header":false,"_kad_post_footer":false},"product_brand":[201],"product_cat":[50,31,235],"product_tag":[],"class_list":{"0":"post-3029","1":"product","2":"type-product","3":"status-publish","4":"has-post-thumbnail","6":"product_brand-hummel","7":"product_cat-kluby-europejskie-kluby-europejskie","8":"product_cat-kluby-europejskie","9":"product_cat-szkocja","10":"pa_rozmiar-m","12":"first","13":"instock","14":"taxable","15":"shipping-taxable","16":"purchasable","17":"product-type-simple","18":"entry","19":"content-bg","20":"loop-entry"},"taxonomy_info":{"product_brand":[{"value":201,"label":"Hummel"}],"product_cat":[{"value":50,"label":"Kluby Europejskie"},{"value":31,"label":"Kluby Europejskie"},{"value":235,"label":"Szkocja"}],"pa_rozmiar":[{"value":28,"label":"M"}]},"featured_image_src_large":["https:\/\/fts.you2.pl\/wp-content\/uploads\/2025\/09\/Photoroom_054_20250607_132852-1024x1024.png",1024,1024,true],"author_info":[],"comment_info":"","_links":{"self":[{"href":"https:\/\/fts.you2.pl\/en\/wp-json\/wp\/v2\/product\/3029","targetHints":{"allow":["GET"]}}],"collection":[{"href":"https:\/\/fts.you2.pl\/en\/wp-json\/wp\/v2\/product"}],"about":[{"href":"https:\/\/fts.you2.pl\/en\/wp-json\/wp\/v2\/types\/product"}],"wp:featuredmedia":[{"embeddable":true,"href":"https:\/\/fts.you2.pl\/en\/wp-json\/wp\/v2\/media\/13814"}],"wp:attachment":[{"href":"https:\/\/fts.you2.pl\/en\/wp-json\/wp\/v2\/media?parent=3029"}],"wp:term":[{"taxonomy":"product_brand","embeddable":true,"href":"https:\/\/fts.you2.pl\/en\/wp-json\/wp\/v2\/product_brand?post=3029"},{"taxonomy":"product_cat","embeddable":true,"href":"https:\/\/fts.you2.pl\/en\/wp-json\/wp\/v2\/product_cat?post=3029"},{"taxonomy":"product_tag","embeddable":true,"href":"https:\/\/fts.you2.pl\/en\/wp-json\/wp\/v2\/product_tag?post=3029"}],"curies":[{"name":"wp","href":"https:\/\/api.w.org\/{rel}","templated":true}]}}