{"id":3031,"date":"2025-06-15T15:44:02","date_gmt":"2025-06-15T13:44:02","guid":{"rendered":"https:\/\/fts.you2.pl\/index.php\/produkt\/as-roma-2014-15-away-m\/"},"modified":"2025-09-19T16:17:09","modified_gmt":"2025-09-19T14:17:09","slug":"as-roma-2014-15-away-m","status":"publish","type":"product","link":"https:\/\/fts.you2.pl\/en\/as-roma-2014-15-away-m\/","title":{"rendered":"Koszulka pi\u0142karska AS Roma 2014\/15 Away [M]"},"content":{"rendered":"<p><strong>Klub:<\/strong> AS Roma<\/p>\n<p><strong>Sezon:<\/strong> 2014\/15 Away<\/p>\n<p><strong>Rozmiar: <\/strong>M<\/p>\n<p><strong>Stan:<\/strong> Bardzo dobry &#8211; jedno drobne zabrudzenie na plecach.<\/p>\n<p><strong>Wymiary (szeroko\u015b\u0107 pod pachami\/d\u0142ugo\u015b\u0107) w cm: <\/strong>50\/73<\/p>","protected":false},"excerpt":{"rendered":"<p data-start=\"0\" data-end=\"64\"><strong data-start=\"0\" data-end=\"62\">Oryginalna wyjazdowa koszulka pi\u0142karska AS Roma 2014\/2015.<\/strong><\/p>\n<p data-start=\"66\" data-end=\"602\">Prezentujemy <strong data-start=\"79\" data-end=\"136\">wyjazdow\u0105 koszulk\u0119 pi\u0142karsk\u0105 AS Roma z sezonu 2014\/15<\/strong>, zaprojektowan\u0105 przez legendarn\u0105 mark\u0119 <strong data-start=\"176\" data-end=\"184\">Nike<\/strong>. Ten model wyr\u00f3\u017cnia si\u0119 <strong data-start=\"209\" data-end=\"268\">eleganck\u0105, jasn\u0105 kolorystyk\u0105 w odcieniu ko\u015bci s\u0142oniowej<\/strong>, kt\u00f3r\u0105 prze\u0142amuj\u0105 <strong data-start=\"287\" data-end=\"359\">subtelne bordowe i pomara\u0144czowe detale.<\/strong>\u00a0Na lewej piersi widnieje <strong data-start=\"386\" data-end=\"408\">herb Giallorossich<\/strong>, symbolizuj\u0105cy bogat\u0105 histori\u0119 rzymskiego klubu, a po prawej stronie minimalistyczne logo Nike. Koszulka ma klasyczny, lekko dopasowany kr\u00f3j, kt\u00f3ry idealnie \u0142\u0105czy <strong data-start=\"572\" data-end=\"599\">styl z funkcjonalno\u015bci\u0105<\/strong>.<\/p>\n<p data-start=\"604\" data-end=\"922\">Nike zadba\u0142o o najwy\u017csz\u0105 jako\u015b\u0107 wykonania \u2013 <strong data-start=\"648\" data-end=\"702\">lekki i oddychaj\u0105cy materia\u0142 z technologi\u0105 Dri-FIT<\/strong> zapewnia \u015bwietn\u0105 wentylacj\u0119 i komfort, zar\u00f3wno na boisku, jak i podczas codziennego noszenia. Elegancki design sprawia, \u017ce koszulka doskonale oddaje charakter rzymskiego klubu, b\u0119d\u0105c jednocze\u015bnie praktyczna i stylowa.<\/p>\n<p data-start=\"924\" data-end=\"1312\">Sezon 2014\/15 by\u0142 dla <strong data-start=\"946\" data-end=\"957\">AS Romy<\/strong> czasem solidnych wyst\u0119p\u00f3w w Serie A, zako\u0144czonych <strong data-start=\"1008\" data-end=\"1034\">wicemistrzostwem W\u0142och<\/strong>. Dru\u017cyna prowadzona przez <strong data-start=\"1061\" data-end=\"1080\">Rudi\u2019ego Garci\u0119<\/strong> mog\u0142a liczy\u0107 na takich lider\u00f3w jak <strong data-start=\"1116\" data-end=\"1190\">Francesco Totti, Daniele De Rossi, Miralem Pjani\u0107 czy Radja Nainggolan<\/strong>, kt\u00f3rzy w jasnych wyjazdowych strojach walczyli o punkty na stadionach ca\u0142ej Europy, m.in. w rozgrywkach Ligi Mistrz\u00f3w.<\/p>\n<p data-start=\"1314\" data-end=\"1562\"><strong data-start=\"1314\" data-end=\"1362\">Wyjazdowa koszulka AS Roma 2014\/2015 od Nike<\/strong> to idealny wyb\u00f3r dla fan\u00f3w w\u0142oskiego futbolu, kolekcjoner\u00f3w koszulek pi\u0142karskich i mi\u0142o\u015bnik\u00f3w eleganckich, ponadczasowych projekt\u00f3w. Symbolizuje <strong data-start=\"1508\" data-end=\"1559\">pasj\u0119, dum\u0119 i tradycj\u0119 klubu ze Stadio Olimpico<\/strong>.<\/p>","protected":false},"featured_media":13828,"template":"","meta":{"_kad_blocks_custom_css":"","_kad_blocks_head_custom_js":"","_kad_blocks_body_custom_js":"","_kad_blocks_footer_custom_js":"","_kad_post_transparent":"","_kad_post_title":"","_kad_post_layout":"","_kad_post_sidebar_id":"","_kad_post_content_style":"","_kad_post_vertical_padding":"","_kad_post_feature":"","_kad_post_feature_position":"","_kad_post_header":false,"_kad_post_footer":false},"product_brand":[55],"product_cat":[396,31,117],"product_tag":[],"class_list":{"0":"post-3031","1":"product","2":"type-product","3":"status-publish","4":"has-post-thumbnail","6":"product_brand-nike","7":"product_cat-as-roma","8":"product_cat-kluby-europejskie","9":"product_cat-kluby-wloskie","10":"pa_rozmiar-m","12":"first","13":"instock","14":"taxable","15":"shipping-taxable","16":"purchasable","17":"product-type-simple","18":"entry","19":"content-bg","20":"loop-entry"},"taxonomy_info":{"product_brand":[{"value":55,"label":"Nike"}],"product_cat":[{"value":396,"label":"AS Roma"},{"value":31,"label":"Kluby Europejskie"},{"value":117,"label":"Kluby W\u0142oskie"}],"pa_rozmiar":[{"value":28,"label":"M"}]},"featured_image_src_large":["https:\/\/fts.you2.pl\/wp-content\/uploads\/2025\/09\/Photoroom_055_20250614_140801-1024x1024.png",1024,1024,true],"author_info":[],"comment_info":"","_links":{"self":[{"href":"https:\/\/fts.you2.pl\/en\/wp-json\/wp\/v2\/product\/3031","targetHints":{"allow":["GET"]}}],"collection":[{"href":"https:\/\/fts.you2.pl\/en\/wp-json\/wp\/v2\/product"}],"about":[{"href":"https:\/\/fts.you2.pl\/en\/wp-json\/wp\/v2\/types\/product"}],"wp:featuredmedia":[{"embeddable":true,"href":"https:\/\/fts.you2.pl\/en\/wp-json\/wp\/v2\/media\/13828"}],"wp:attachment":[{"href":"https:\/\/fts.you2.pl\/en\/wp-json\/wp\/v2\/media?parent=3031"}],"wp:term":[{"taxonomy":"product_brand","embeddable":true,"href":"https:\/\/fts.you2.pl\/en\/wp-json\/wp\/v2\/product_brand?post=3031"},{"taxonomy":"product_cat","embeddable":true,"href":"https:\/\/fts.you2.pl\/en\/wp-json\/wp\/v2\/product_cat?post=3031"},{"taxonomy":"product_tag","embeddable":true,"href":"https:\/\/fts.you2.pl\/en\/wp-json\/wp\/v2\/product_tag?post=3031"}],"curies":[{"name":"wp","href":"https:\/\/api.w.org\/{rel}","templated":true}]}}