{"id":3033,"date":"2025-06-15T15:44:00","date_gmt":"2025-06-15T13:44:00","guid":{"rendered":"https:\/\/fts.you2.pl\/index.php\/produkt\/austria-2006-08-home-xl\/"},"modified":"2025-09-19T16:18:03","modified_gmt":"2025-09-19T14:18:03","slug":"austria-2006-08-home-xl","status":"publish","type":"product","link":"https:\/\/fts.you2.pl\/en\/austria-2006-08-home-xl\/","title":{"rendered":"Koszulka pi\u0142karska Austria 2006\/08 Home [XL]"},"content":{"rendered":"<p><strong>Klub:<\/strong> Austria<\/p>\n<p><strong>Sezon:<\/strong> 2006\/08 Home<\/p>\n<p><strong>Rozmiar: <\/strong>XL<\/p>\n<p><strong>Stan:<\/strong> Doskona\u0142y<\/p>\n<p><strong>Wymiary (szeroko\u015b\u0107 pod pachami\/d\u0142ugo\u015b\u0107) w cm: <\/strong>59\/79<\/p>","protected":false},"excerpt":{"rendered":"<p data-start=\"0\" data-end=\"75\"><strong data-start=\"0\" data-end=\"73\">Oryginalna domowa koszulka pi\u0142karska reprezentacji Austrii 2006\u20132008.<\/strong><\/p>\n<p data-start=\"77\" data-end=\"629\">Przedstawiamy <strong data-start=\"91\" data-end=\"158\">domow\u0105 koszulk\u0119 pi\u0142karsk\u0105 reprezentacji Austrii z lat 2006\u20132008<\/strong>, zaprojektowan\u0105 przez renomowan\u0105 mark\u0119 <strong data-start=\"198\" data-end=\"206\">Puma<\/strong>, kt\u00f3ra w tamtym okresie dostarcza\u0142a sprz\u0119t wielu europejskim federacjom. Klasyczny, <strong data-start=\"291\" data-end=\"309\">czerwony kolor<\/strong> symbolizuj\u0105cy narodowe barwy Austrii zosta\u0142 uzupe\u0142niony bia\u0142ymi detalami na ko\u0142nierzyku i r\u0119kawkach, co nadaje koszulce eleganckiego, a zarazem sportowego charakteru. Na piersi widnieje <strong data-start=\"496\" data-end=\"518\">oficjalny herb \u00d6FB<\/strong> oraz charakterystyczne logo Pumy.<\/p>\n<p data-start=\"979\" data-end=\"1386\">W tym modelu reprezentacja Austrii przygotowywa\u0142a si\u0119 m.in. do <strong data-start=\"1042\" data-end=\"1055\">EURO 2008<\/strong>, kt\u00f3re odby\u0142o si\u0119 w Austrii i Szwajcarii. Cho\u0107 dru\u017cyna nie osi\u0105gn\u0119\u0142a w\u00f3wczas wielkich sukces\u00f3w, koszulka ta sta\u0142a si\u0119 wa\u017cnym symbolem narodowej dumy w okresie budowania silniejszej kadry. W tamtym czasie w dru\u017cynie grali tacy zawodnicy jak <strong data-start=\"1296\" data-end=\"1353\">Ivica Vasti\u0107, Emanuel Pogatetz czy Andreas Ivanschitz<\/strong>, kt\u00f3rzy byli filarami zespo\u0142u.<\/p>\n<p data-start=\"1388\" data-end=\"1645\"><strong data-start=\"1388\" data-end=\"1425\">Domowa koszulka Austrii 2006\u20132008<\/strong> to idealna propozycja dla kolekcjoner\u00f3w, fan\u00f3w austriackiego futbolu oraz os\u00f3b ceni\u0105cych klasyczne wzornictwo Pumy z po\u0142owy lat 2000. To kawa\u0142ek pi\u0142karskiej historii, kt\u00f3ry przywo\u0142uje emocje zwi\u0105zane z tamtym okresem.<\/p>","protected":false},"featured_media":13844,"template":"","meta":{"_kad_blocks_custom_css":"","_kad_blocks_head_custom_js":"","_kad_blocks_body_custom_js":"","_kad_blocks_footer_custom_js":"","_kad_post_transparent":"","_kad_post_title":"","_kad_post_layout":"","_kad_post_sidebar_id":"","_kad_post_content_style":"","_kad_post_vertical_padding":"","_kad_post_feature":"","_kad_post_feature_position":"","_kad_post_header":false,"_kad_post_footer":false},"product_brand":[86],"product_cat":[23,114,22],"product_tag":[],"class_list":{"0":"post-3033","1":"product","2":"type-product","3":"status-publish","4":"has-post-thumbnail","6":"product_brand-puma","7":"product_cat-europa","8":"product_cat-pozostale","9":"product_cat-reprezentacje","10":"pa_rozmiar-xl","12":"first","13":"instock","14":"taxable","15":"shipping-taxable","16":"purchasable","17":"product-type-simple","18":"entry","19":"content-bg","20":"loop-entry"},"taxonomy_info":{"product_brand":[{"value":86,"label":"Puma"}],"product_cat":[{"value":23,"label":"Europa"},{"value":114,"label":"Pozosta\u0142e"},{"value":22,"label":"REPREZENTACJE"}],"pa_rozmiar":[{"value":57,"label":"XL"}]},"featured_image_src_large":["https:\/\/fts.you2.pl\/wp-content\/uploads\/2025\/09\/Photoroom_008_20250614_140801-1024x1024.png",1024,1024,true],"author_info":[],"comment_info":"","_links":{"self":[{"href":"https:\/\/fts.you2.pl\/en\/wp-json\/wp\/v2\/product\/3033","targetHints":{"allow":["GET"]}}],"collection":[{"href":"https:\/\/fts.you2.pl\/en\/wp-json\/wp\/v2\/product"}],"about":[{"href":"https:\/\/fts.you2.pl\/en\/wp-json\/wp\/v2\/types\/product"}],"wp:featuredmedia":[{"embeddable":true,"href":"https:\/\/fts.you2.pl\/en\/wp-json\/wp\/v2\/media\/13844"}],"wp:attachment":[{"href":"https:\/\/fts.you2.pl\/en\/wp-json\/wp\/v2\/media?parent=3033"}],"wp:term":[{"taxonomy":"product_brand","embeddable":true,"href":"https:\/\/fts.you2.pl\/en\/wp-json\/wp\/v2\/product_brand?post=3033"},{"taxonomy":"product_cat","embeddable":true,"href":"https:\/\/fts.you2.pl\/en\/wp-json\/wp\/v2\/product_cat?post=3033"},{"taxonomy":"product_tag","embeddable":true,"href":"https:\/\/fts.you2.pl\/en\/wp-json\/wp\/v2\/product_tag?post=3033"}],"curies":[{"name":"wp","href":"https:\/\/api.w.org\/{rel}","templated":true}]}}