{"id":3035,"date":"2025-06-15T15:43:59","date_gmt":"2025-06-15T13:43:59","guid":{"rendered":"https:\/\/fts.you2.pl\/index.php\/produkt\/birmingham-city-fc-2017-18-home-m-2\/"},"modified":"2025-09-19T16:18:47","modified_gmt":"2025-09-19T14:18:47","slug":"birmingham-city-fc-2017-18-home-m-2","status":"publish","type":"product","link":"https:\/\/fts.you2.pl\/en\/birmingham-city-fc-2017-18-home-m-2\/","title":{"rendered":"Koszulka pi\u0142karska Birmingham City FC 2017\/18 Home [M]"},"content":{"rendered":"<p><strong>Klub:<\/strong> Birmingham City FC<\/p>\n<p><strong>Sezon:<\/strong> 2017\/18 Home<\/p>\n<p><strong>Rozmiar: <\/strong>M<\/p>\n<p><strong>Stan:<\/strong> Doskona\u0142y<\/p>\n<p><strong>Wymiary (szeroko\u015b\u0107 pod pachami\/d\u0142ugo\u015b\u0107) w cm: <\/strong>52\/71<\/p>","protected":false},"excerpt":{"rendered":"<p data-start=\"0\" data-end=\"67\"><strong data-start=\"0\" data-end=\"65\">Oryginalna domowa koszulka pi\u0142karska Birmingham City 2017\/18.<\/strong><\/p>\n<p data-start=\"69\" data-end=\"571\">Przedstawiamy <strong data-start=\"83\" data-end=\"145\">domow\u0105 koszulk\u0119 pi\u0142karsk\u0105 Birmingham City z sezonu 2017\/18<\/strong>, stworzon\u0105 przez renomowan\u0105 firm\u0119 <strong data-start=\"180\" data-end=\"190\">Adidas<\/strong>, kt\u00f3ra w tym czasie by\u0142a oficjalnym dostawc\u0105 sprz\u0119tu dla klubu. Ten model wyr\u00f3\u017cnia si\u0119 <strong data-start=\"278\" data-end=\"330\">klasycznym niebieskim kolorem z bia\u0142ymi detalami<\/strong>, idealnie oddaj\u0105cym tradycyjn\u0105 stylistyk\u0119 \u201eThe Blues\u201d. Na froncie widnieje <strong data-start=\"406\" data-end=\"440\">oficjalny herb Birmingham City<\/strong>, charakterystyczne logo <strong data-start=\"465\" data-end=\"476\">Adidasa<\/strong> oraz emblemat sponsora g\u0142\u00f3wnego 888Sport, co nadaje koszulce autentyczny, meczowy charakter.<\/p>\n<p data-start=\"573\" data-end=\"896\">Koszulka zosta\u0142a wykonana w technologii <strong data-start=\"613\" data-end=\"633\">Adidas Climalite<\/strong>, kt\u00f3ra zapewnia doskona\u0142\u0105 oddychalno\u015b\u0107, odprowadzanie wilgoci i pe\u0142en komfort noszenia zar\u00f3wno na boisku, jak i na co dzie\u0144. Charakterystyczne <strong data-start=\"777\" data-end=\"799\">trzy paski Adidasa<\/strong> na ramionach podkre\u015blaj\u0105 dynamiczny design, a dopasowany kr\u00f3j \u015bwietnie uk\u0142ada si\u0119 na sylwetce.<\/p>\n<p data-start=\"898\" data-end=\"1304\">Sezon 2017\/18 by\u0142 dla Birmingham City czasem walki o utrzymanie w Championship. W barwach dru\u017cyny wyst\u0119powali w\u00f3wczas m.in. <strong data-start=\"1022\" data-end=\"1075\">David Davis, Jacques Maghoma czy Lukas Jutkiewicz<\/strong>, kt\u00f3rzy dawali z siebie wszystko, reprezentuj\u0105c kultowe niebieskie barwy. Koszulka ta jest symbolem ich determinacji i pasji, a tak\u017ce doskona\u0142ym wyborem dla ka\u017cdego fana angielskiej pi\u0142ki i kolekcjonera historycznych trykot\u00f3w.<\/p>\n<p data-start=\"1306\" data-end=\"1513\">Je\u015bli szukasz <strong data-start=\"1320\" data-end=\"1360\">oryginalnej koszulki Birmingham City<\/strong>, kt\u00f3ra \u0142\u0105czy w sobie klasyczny wygl\u0105d, wysok\u0105 jako\u015b\u0107 wykonania i wyj\u0105tkow\u0105 warto\u015b\u0107 kolekcjonersk\u0105, ten model z sezonu 2017\/18 b\u0119dzie idealnym wyborem.<\/p>","protected":false},"featured_media":13856,"template":"","meta":{"_kad_blocks_custom_css":"","_kad_blocks_head_custom_js":"","_kad_blocks_body_custom_js":"","_kad_blocks_footer_custom_js":"","_kad_post_transparent":"","_kad_post_title":"","_kad_post_layout":"","_kad_post_sidebar_id":"","_kad_post_content_style":"","_kad_post_vertical_padding":"","_kad_post_feature":"","_kad_post_feature_position":"","_kad_post_header":false,"_kad_post_footer":false},"product_brand":[45],"product_cat":[32,31,33],"product_tag":[],"class_list":{"0":"post-3035","1":"product","2":"type-product","3":"status-publish","4":"has-post-thumbnail","6":"product_brand-adidas","7":"product_cat-kluby-angielskie","8":"product_cat-kluby-europejskie","9":"product_cat-pozostale-kluby-angielskie","10":"pa_rozmiar-m","12":"first","13":"instock","14":"taxable","15":"shipping-taxable","16":"purchasable","17":"product-type-simple","18":"entry","19":"content-bg","20":"loop-entry"},"taxonomy_info":{"product_brand":[{"value":45,"label":"Adidas"}],"product_cat":[{"value":32,"label":"Kluby Angielskie"},{"value":31,"label":"Kluby Europejskie"},{"value":33,"label":"Pozosta\u0142e kluby angielskie"}],"pa_rozmiar":[{"value":28,"label":"M"}]},"featured_image_src_large":["https:\/\/fts.you2.pl\/wp-content\/uploads\/2025\/09\/Photoroom_051_20250614_140801-1024x1024.png",1024,1024,true],"author_info":[],"comment_info":"","_links":{"self":[{"href":"https:\/\/fts.you2.pl\/en\/wp-json\/wp\/v2\/product\/3035","targetHints":{"allow":["GET"]}}],"collection":[{"href":"https:\/\/fts.you2.pl\/en\/wp-json\/wp\/v2\/product"}],"about":[{"href":"https:\/\/fts.you2.pl\/en\/wp-json\/wp\/v2\/types\/product"}],"wp:featuredmedia":[{"embeddable":true,"href":"https:\/\/fts.you2.pl\/en\/wp-json\/wp\/v2\/media\/13856"}],"wp:attachment":[{"href":"https:\/\/fts.you2.pl\/en\/wp-json\/wp\/v2\/media?parent=3035"}],"wp:term":[{"taxonomy":"product_brand","embeddable":true,"href":"https:\/\/fts.you2.pl\/en\/wp-json\/wp\/v2\/product_brand?post=3035"},{"taxonomy":"product_cat","embeddable":true,"href":"https:\/\/fts.you2.pl\/en\/wp-json\/wp\/v2\/product_cat?post=3035"},{"taxonomy":"product_tag","embeddable":true,"href":"https:\/\/fts.you2.pl\/en\/wp-json\/wp\/v2\/product_tag?post=3035"}],"curies":[{"name":"wp","href":"https:\/\/api.w.org\/{rel}","templated":true}]}}