{"id":3036,"date":"2025-06-15T15:43:58","date_gmt":"2025-06-15T13:43:58","guid":{"rendered":"https:\/\/fts.you2.pl\/index.php\/produkt\/boavista-sc-2007-08-third-xl\/"},"modified":"2025-09-19T16:19:08","modified_gmt":"2025-09-19T14:19:08","slug":"boavista-sc-2007-08-third-xl","status":"publish","type":"product","link":"https:\/\/fts.you2.pl\/en\/boavista-sc-2007-08-third-xl\/","title":{"rendered":"Koszulka pi\u0142karska Boavista SC 2007\/08 Third [XL]"},"content":{"rendered":"<p><strong>Klub:<\/strong> Boavista SC<\/p>\n<p><strong>Sezon:<\/strong> 2007\/08 Third<\/p>\n<p><strong>Rozmiar: <\/strong>XL<\/p>\n<p><strong>Stan:<\/strong> S\u0142aby &#8211; zniszczony napis 'diadora&#8217; na froncie oraz emblemat z ty\u0142u koszulki na dole.<\/p>\n<p><strong>Wymiary (szeroko\u015b\u0107 pod pachami\/d\u0142ugo\u015b\u0107) w cm: <\/strong>56\/74(prz\u00f3d), 80(ty\u0142)<\/p>","protected":false},"excerpt":{"rendered":"<p data-start=\"0\" data-end=\"67\"><strong data-start=\"0\" data-end=\"65\">Oryginalna trzecia koszulka pi\u0142karska Boavista 2007\/08.<\/strong><\/p>\n<p data-start=\"69\" data-end=\"646\">Przedstawiamy <strong data-start=\"83\" data-end=\"145\">trzeci\u0105 koszulk\u0119 pi\u0142karsk\u0105 Boavisty Porto z sezonu 2007\/08<\/strong>, stworzon\u0105 przez znan\u0105 w\u0142osk\u0105 mark\u0119 <strong data-start=\"182\" data-end=\"193\">Diadora<\/strong>, kt\u00f3ra w tamtym okresie dostarcza\u0142a sprz\u0119t dla tego kultowego portugalskiego klubu. Na froncie koszulki znajduje si\u0119 <strong data-start=\"512\" data-end=\"536\">oficjalny herb klubu <\/strong>oraz logo <strong data-start=\"543\" data-end=\"554\">Diadora<\/strong>, nadaj\u0105ce ca\u0142o\u015bci autentycznego charakteru prosto z Primeira Liga.<\/p>\n<p data-start=\"648\" data-end=\"989\">Sezon 2007\/08 by\u0142 dla\u00a0<strong data-start=\"1013\" data-end=\"1031\">Boavisty Porto<\/strong>\u00a0wyj\u0105tkowy, cho\u0107 trudny \u2013 dru\u017cyna walczy\u0142a o utrzymanie w lidze, prezentuj\u0105c jednak niezmiennie charakterystyczny, waleczny styl. W tym czasie w zespole wyst\u0119powali tacy zawodnicy jak\u00a0<strong data-start=\"1215\" data-end=\"1257\">Ricardo Sousa,\u00a0<\/strong> <strong data-start=\"1215\" data-end=\"1257\">Kazmierczak czy Gregory<\/strong>, kt\u00f3rzy reprezentowali barwy \u201eOs Axadrezados\u201d z dum\u0105.<\/p>\n<p data-start=\"1315\" data-end=\"1559\">Dla kolekcjoner\u00f3w i fan\u00f3w portugalskiej pi\u0142ki ta <strong data-start=\"1364\" data-end=\"1404\">oryginalna trzecia koszulka Boavisty<\/strong> jest \u015bwietnym wyborem \u2013 to unikalny trykot, kt\u00f3ry \u0142\u0105czy w sobie histori\u0119 klubu, wyj\u0105tkowy design i wysok\u0105 jako\u015b\u0107 wykonania typow\u0105 dla marki <strong data-start=\"1545\" data-end=\"1556\">Diadora<\/strong>.<\/p>","protected":false},"featured_media":13862,"template":"","meta":{"_kad_blocks_custom_css":"","_kad_blocks_head_custom_js":"","_kad_blocks_body_custom_js":"","_kad_blocks_footer_custom_js":"","_kad_post_transparent":"","_kad_post_title":"","_kad_post_layout":"","_kad_post_sidebar_id":"","_kad_post_content_style":"","_kad_post_vertical_padding":"","_kad_post_feature":"","_kad_post_feature_position":"","_kad_post_header":false,"_kad_post_footer":false},"product_brand":[59],"product_cat":[31,50,206],"product_tag":[],"class_list":{"0":"post-3036","1":"product","2":"type-product","3":"status-publish","4":"has-post-thumbnail","6":"product_brand-diadora","7":"product_cat-kluby-europejskie","8":"product_cat-kluby-europejskie-kluby-europejskie","9":"product_cat-portugalia","10":"pa_rozmiar-xl","12":"first","13":"instock","14":"taxable","15":"shipping-taxable","16":"purchasable","17":"product-type-simple","18":"entry","19":"content-bg","20":"loop-entry"},"taxonomy_info":{"product_brand":[{"value":59,"label":"Diadora"}],"product_cat":[{"value":31,"label":"Kluby Europejskie"},{"value":50,"label":"Kluby Europejskie"},{"value":206,"label":"Portugalia"}],"pa_rozmiar":[{"value":57,"label":"XL"}]},"featured_image_src_large":["https:\/\/fts.you2.pl\/wp-content\/uploads\/2025\/09\/Photoroom_057_20250614_140801-1024x1024.png",1024,1024,true],"author_info":[],"comment_info":"","_links":{"self":[{"href":"https:\/\/fts.you2.pl\/en\/wp-json\/wp\/v2\/product\/3036","targetHints":{"allow":["GET"]}}],"collection":[{"href":"https:\/\/fts.you2.pl\/en\/wp-json\/wp\/v2\/product"}],"about":[{"href":"https:\/\/fts.you2.pl\/en\/wp-json\/wp\/v2\/types\/product"}],"wp:featuredmedia":[{"embeddable":true,"href":"https:\/\/fts.you2.pl\/en\/wp-json\/wp\/v2\/media\/13862"}],"wp:attachment":[{"href":"https:\/\/fts.you2.pl\/en\/wp-json\/wp\/v2\/media?parent=3036"}],"wp:term":[{"taxonomy":"product_brand","embeddable":true,"href":"https:\/\/fts.you2.pl\/en\/wp-json\/wp\/v2\/product_brand?post=3036"},{"taxonomy":"product_cat","embeddable":true,"href":"https:\/\/fts.you2.pl\/en\/wp-json\/wp\/v2\/product_cat?post=3036"},{"taxonomy":"product_tag","embeddable":true,"href":"https:\/\/fts.you2.pl\/en\/wp-json\/wp\/v2\/product_tag?post=3036"}],"curies":[{"name":"wp","href":"https:\/\/api.w.org\/{rel}","templated":true}]}}