{"id":3039,"date":"2025-06-15T15:43:54","date_gmt":"2025-06-15T13:43:54","guid":{"rendered":"https:\/\/fts.you2.pl\/index.php\/produkt\/chicago-fire-2000-02-home-xl-2\/"},"modified":"2025-09-19T16:21:04","modified_gmt":"2025-09-19T14:21:04","slug":"chicago-fire-2000-02-home-xl-2","status":"publish","type":"product","link":"https:\/\/fts.you2.pl\/en\/chicago-fire-2000-02-home-xl-2\/","title":{"rendered":"Koszulka pi\u0142karska Chicago Fire 2000\/02 Home [XL]"},"content":{"rendered":"<p><strong>Klub:<\/strong> Chicago Fire<\/p>\n<p><strong>Sezon:<\/strong> 2000\/02 Home<\/p>\n<p><strong>Rozmiar: <\/strong>XL<\/p>\n<p><strong>Stan:<\/strong> Zadowalaj\u0105cy &#8211; znaczna ilo\u015b\u0107 mikro plamek na froncie koszulki oraz na r\u0119kawku, prawdopodobnie s\u0105 to odpryski od farby.<\/p>\n<p><strong>Wymiary (szeroko\u015b\u0107 pod pachami\/d\u0142ugo\u015b\u0107) w cm: <\/strong>61\/76<\/p>","protected":false},"excerpt":{"rendered":"<p data-start=\"0\" data-end=\"71\"><strong data-start=\"0\" data-end=\"69\">Oryginalna domowa koszulka pi\u0142karska Chicago Fire \u2013 Nike 2000\/02.<\/strong><\/p>\n<p data-start=\"73\" data-end=\"521\">Przedstawiamy <strong data-start=\"87\" data-end=\"140\">oryginaln\u0105 domow\u0105 koszulk\u0119 pi\u0142karsk\u0105 Chicago Fire<\/strong> z sezon\u00f3w 2000\u20132002, wyprodukowan\u0105 przez renomowan\u0105 firm\u0119 Nike. Ten klasyczny model wyr\u00f3\u017cnia si\u0119 kultowym czerwonym kolorem z charakterystycznym bia\u0142ym pasem na froncie, w kt\u00f3rym dumnie umieszczono nazw\u0119 klubu. Na piersi widnieje herb Chicago Fire, a subtelne detale i starannie wyko\u0144czony ko\u0142nierzyk nadaj\u0105 koszulce elegancji, typowej dla prze\u0142omu wiek\u00f3w w <strong>Major League Soccer<\/strong>.<\/p>\n<p data-start=\"523\" data-end=\"871\">Wykonana z wysokiej jako\u015bci, lekkich materia\u0142\u00f3w koszulka zapewnia komfort i przewiewno\u015b\u0107, a jej kr\u00f3j oddaje klimat oryginalnych projekt\u00f3w <strong>Nike<\/strong> z tamtego okresu. Model ten to wyj\u0105tkowa pami\u0105tka z czas\u00f3w, gdy Chicago Fire by\u0142o jednym z najgro\u017aniejszych zespo\u0142\u00f3w <strong>MLS<\/strong>, w sk\u0142adzie kt\u00f3rego wyst\u0119powali m.in. legendarny<strong> Piotr Nowak<\/strong> czy <strong>Hristo Stoichkov<\/strong>.<\/p>\n<p data-start=\"873\" data-end=\"1130\" data-is-last-node=\"\" data-is-only-node=\"\">Dla kolekcjoner\u00f3w <strong data-start=\"891\" data-end=\"928\">oryginalnych koszulek pi\u0142karskich<\/strong> to prawdziwa gratka \u2013 po\u0142\u0105czenie nostalgii, historii ameryka\u0144skiej pi\u0142ki i unikatowego designu. \u015awietnie sprawdzi si\u0119 zar\u00f3wno w kolekcji fana MLS, jak i jako wyj\u0105tkowy element pi\u0142karskiego stylu retro.<\/p>","protected":false},"featured_media":13888,"template":"","meta":{"_kad_blocks_custom_css":"","_kad_blocks_head_custom_js":"","_kad_blocks_body_custom_js":"","_kad_blocks_footer_custom_js":"","_kad_post_transparent":"","_kad_post_title":"","_kad_post_layout":"","_kad_post_sidebar_id":"","_kad_post_content_style":"","_kad_post_vertical_padding":"","_kad_post_feature":"","_kad_post_feature_position":"","_kad_post_header":false,"_kad_post_footer":false},"product_brand":[452],"product_cat":[37,36],"product_tag":[],"class_list":{"0":"post-3039","1":"product","2":"type-product","3":"status-publish","4":"has-post-thumbnail","6":"product_brand-home","7":"product_cat-ameryka-srodkowa-i-polnocna","8":"product_cat-kluby-reszty-swiata","9":"pa_rozmiar-xl","11":"first","12":"instock","13":"taxable","14":"shipping-taxable","15":"purchasable","16":"product-type-simple","17":"entry","18":"content-bg","19":"loop-entry"},"taxonomy_info":{"product_brand":[{"value":452,"label":"Home"}],"product_cat":[{"value":37,"label":"Ameryka \u015arodkowa i P\u00f3\u0142nocna"},{"value":36,"label":"Kluby Reszty \u015awiata"}],"pa_rozmiar":[{"value":57,"label":"XL"}]},"featured_image_src_large":["https:\/\/fts.you2.pl\/wp-content\/uploads\/2025\/09\/Photoroom_103_20250614_140801-1024x1024.png",1024,1024,true],"author_info":[],"comment_info":"","_links":{"self":[{"href":"https:\/\/fts.you2.pl\/en\/wp-json\/wp\/v2\/product\/3039","targetHints":{"allow":["GET"]}}],"collection":[{"href":"https:\/\/fts.you2.pl\/en\/wp-json\/wp\/v2\/product"}],"about":[{"href":"https:\/\/fts.you2.pl\/en\/wp-json\/wp\/v2\/types\/product"}],"wp:featuredmedia":[{"embeddable":true,"href":"https:\/\/fts.you2.pl\/en\/wp-json\/wp\/v2\/media\/13888"}],"wp:attachment":[{"href":"https:\/\/fts.you2.pl\/en\/wp-json\/wp\/v2\/media?parent=3039"}],"wp:term":[{"taxonomy":"product_brand","embeddable":true,"href":"https:\/\/fts.you2.pl\/en\/wp-json\/wp\/v2\/product_brand?post=3039"},{"taxonomy":"product_cat","embeddable":true,"href":"https:\/\/fts.you2.pl\/en\/wp-json\/wp\/v2\/product_cat?post=3039"},{"taxonomy":"product_tag","embeddable":true,"href":"https:\/\/fts.you2.pl\/en\/wp-json\/wp\/v2\/product_tag?post=3039"}],"curies":[{"name":"wp","href":"https:\/\/api.w.org\/{rel}","templated":true}]}}