{"id":3040,"date":"2025-06-15T15:43:53","date_gmt":"2025-06-15T13:43:53","guid":{"rendered":"https:\/\/fts.you2.pl\/index.php\/produkt\/match-issue-autograf-empoli-fc-2021-22-third-27-zurkowski-l\/"},"modified":"2025-09-19T16:21:33","modified_gmt":"2025-09-19T14:21:33","slug":"match-issue-autograf-empoli-fc-2021-22-third-27-zurkowski-l","status":"publish","type":"product","link":"https:\/\/fts.you2.pl\/en\/match-issue-autograf-empoli-fc-2021-22-third-27-zurkowski-l\/","title":{"rendered":"Koszulka pi\u0142karska MATCH ISSUE Empoli FC 2021\/22 Third 27 \u017burkowski [L] + AUTOGRAF"},"content":{"rendered":"<p><strong>Klub:<\/strong> Empoli FC<\/p>\n<p><strong>Sezon:<\/strong> 2021\/22 Third<\/p>\n<p><strong>Rozmiar: <\/strong>L<\/p>\n<p><strong>Stan:<\/strong> Doskona\u0142y<\/p>\n<p><strong>Wymiary (szeroko\u015b\u0107 pod pachami\/d\u0142ugo\u015b\u0107) w cm: <\/strong>54\/73<\/p>","protected":false},"excerpt":{"rendered":"<article class=\"text-token-text-primary w-full focus:outline-none scroll-mt-[calc(var(--header-height)+min(200px,max(70px,20svh)))]\" dir=\"auto\" tabindex=\"-1\" data-testid=\"conversation-turn-328\" data-scroll-anchor=\"true\" data-turn=\"assistant\">\n<div class=\"text-base my-auto mx-auto pb-10 [--thread-content-margin:--spacing(4)] @[37rem]:[--thread-content-margin:--spacing(6)] @[72rem]:[--thread-content-margin:--spacing(16)] px-(--thread-content-margin)\">\n<div class=\"[--thread-content-max-width:32rem] @[34rem]:[--thread-content-max-width:40rem] @[64rem]:[--thread-content-max-width:48rem] mx-auto max-w-(--thread-content-max-width) flex-1 group\/turn-messages focus-visible:outline-hidden relative flex w-full min-w-0 flex-col agent-turn\" tabindex=\"-1\">\n<div class=\"flex max-w-full flex-col grow\">\n<div class=\"min-h-8 text-message relative flex w-full flex-col items-end gap-2 text-start break-words whitespace-normal [.text-message+&amp;]:mt-5\" dir=\"auto\" data-message-author-role=\"assistant\" data-message-id=\"b99f201a-a852-4d4f-a682-2edadacac4ff\" data-message-model-slug=\"gpt-4o\">\n<div class=\"flex w-full flex-col gap-1 empty:hidden first:pt-[3px]\">\n<div class=\"markdown prose dark:prose-invert w-full break-words light\">\n<p data-start=\"0\" data-end=\"70\"><strong data-start=\"0\" data-end=\"68\">Oryginalna trzecia koszulka pi\u0142karska Empoli FC \u2013 Kappa 2021\/22.<\/strong><\/p>\n<p data-start=\"72\" data-end=\"583\">Przedstawiamy <strong data-start=\"86\" data-end=\"137\">oryginaln\u0105 trzeci\u0105 koszulk\u0119 pi\u0142karsk\u0105 Empoli FC<\/strong> z sezonu 2021\/22, wyprodukowan\u0105 przez w\u0142osk\u0105 firm\u0119 Kappa w wersji meczowej. Ten wyj\u0105tkowy model wyr\u00f3\u017cnia si\u0119 nowoczesnym designem w stonowanych barwach, z subtelnymi detalami podkre\u015blaj\u0105cymi elegancj\u0119 typow\u0105 dla w\u0142oskiego stylu. Koszulka zosta\u0142a wykonana w technologii <strong>KOMBAT PRO<\/strong>, dzi\u0119ki czemu jest ultralekka, elastyczna i idealnie dopasowana do cia\u0142a \u2013 dok\u0142adnie taka, jakiej u\u017cywaj\u0105 profesjonalni zawodnicy Empoli w trakcie spotka\u0144 Serie A.<\/p>\n<p data-start=\"585\" data-end=\"933\">Na plecach znajduje si\u0119 oficjalny nadruk <strong data-start=\"626\" data-end=\"650\">Szymona \u017burkowskiego<\/strong>, jednego z kluczowych zawodnik\u00f3w dru\u017cyny w tamtym sezonie. Co wi\u0119cej, koszulka posiada autograf samego pi\u0142karza, co czyni j\u0105 unikalnym eksponatem kolekcjonerskim. Na r\u0119kawkach widniej\u0105 oficjalne patche rozgrywek Serie A TIM, podkre\u015blaj\u0105ce autentyczno\u015b\u0107 tego meczowego egzemplarza.<\/p>\n<p data-start=\"935\" data-end=\"1293\" data-is-last-node=\"\" data-is-only-node=\"\">Ten model to nie tylko cz\u0119\u015b\u0107 historii Empoli FC, ale r\u00f3wnie\u017c pami\u0105tka zwi\u0105zana z wyst\u0119pami polskiego pomocnika w jednej z najsilniejszych lig \u015bwiata. <strong data-start=\"1085\" data-end=\"1118\">Oryginalna koszulka pi\u0142karska<\/strong> z autografem \u017burkowskiego to idealna propozycja dla kolekcjoner\u00f3w, fan\u00f3w w\u0142oskiej pi\u0142ki i wszystkich, kt\u00f3rzy ceni\u0105 limitowane, meczowe wersje koszulek prosto z boisk Serie A.<\/p>\n<\/div>\n<\/div>\n<\/div>\n<\/div>\n<\/div>\n<\/div>\n<\/article>","protected":false},"featured_media":13898,"template":"","meta":{"_kad_blocks_custom_css":"","_kad_blocks_head_custom_js":"","_kad_blocks_body_custom_js":"","_kad_blocks_footer_custom_js":"","_kad_post_transparent":"","_kad_post_title":"","_kad_post_layout":"","_kad_post_sidebar_id":"","_kad_post_content_style":"","_kad_post_vertical_padding":"","_kad_post_feature":"","_kad_post_feature_position":"","_kad_post_header":false,"_kad_post_footer":false},"product_brand":[35],"product_cat":[31,117,173,298,152],"product_tag":[],"class_list":{"0":"post-3040","1":"product","2":"type-product","3":"status-publish","4":"has-post-thumbnail","6":"product_brand-kappa","7":"product_cat-kluby-europejskie","8":"product_cat-kluby-wloskie","9":"product_cat-match-worn-issue","10":"product_cat-polscy-pilkarze","11":"product_cat-pozostale-kluby-wloskie","12":"pa_rozmiar-l","14":"first","15":"instock","16":"taxable","17":"shipping-taxable","18":"purchasable","19":"product-type-simple","20":"entry","21":"content-bg","22":"loop-entry"},"taxonomy_info":{"product_brand":[{"value":35,"label":"Kappa"}],"product_cat":[{"value":31,"label":"Kluby Europejskie"},{"value":117,"label":"Kluby W\u0142oskie"},{"value":173,"label":"MATCH WORN &amp; ISSUE"},{"value":298,"label":"POLSCY PI\u0141KARZE"},{"value":152,"label":"Pozosta\u0142e kluby w\u0142oskie"}],"pa_rozmiar":[{"value":39,"label":"L"}]},"featured_image_src_large":["https:\/\/fts.you2.pl\/wp-content\/uploads\/2025\/09\/Photoroom_030_20250614_140801-1024x1024.png",1024,1024,true],"author_info":[],"comment_info":"","_links":{"self":[{"href":"https:\/\/fts.you2.pl\/en\/wp-json\/wp\/v2\/product\/3040","targetHints":{"allow":["GET"]}}],"collection":[{"href":"https:\/\/fts.you2.pl\/en\/wp-json\/wp\/v2\/product"}],"about":[{"href":"https:\/\/fts.you2.pl\/en\/wp-json\/wp\/v2\/types\/product"}],"wp:featuredmedia":[{"embeddable":true,"href":"https:\/\/fts.you2.pl\/en\/wp-json\/wp\/v2\/media\/13898"}],"wp:attachment":[{"href":"https:\/\/fts.you2.pl\/en\/wp-json\/wp\/v2\/media?parent=3040"}],"wp:term":[{"taxonomy":"product_brand","embeddable":true,"href":"https:\/\/fts.you2.pl\/en\/wp-json\/wp\/v2\/product_brand?post=3040"},{"taxonomy":"product_cat","embeddable":true,"href":"https:\/\/fts.you2.pl\/en\/wp-json\/wp\/v2\/product_cat?post=3040"},{"taxonomy":"product_tag","embeddable":true,"href":"https:\/\/fts.you2.pl\/en\/wp-json\/wp\/v2\/product_tag?post=3040"}],"curies":[{"name":"wp","href":"https:\/\/api.w.org\/{rel}","templated":true}]}}