{"id":3041,"date":"2025-06-15T15:43:52","date_gmt":"2025-06-15T13:43:52","guid":{"rendered":"https:\/\/fts.you2.pl\/index.php\/produkt\/bnwt-fc-basel-2014-15-away-m\/"},"modified":"2025-09-19T16:21:58","modified_gmt":"2025-09-19T14:21:58","slug":"bnwt-fc-basel-2014-15-away-m","status":"publish","type":"product","link":"https:\/\/fts.you2.pl\/en\/bnwt-fc-basel-2014-15-away-m\/","title":{"rendered":"Koszulka pi\u0142karska BNWT FC Basel 2014\/15 Away [M]"},"content":{"rendered":"<p><strong>Klub:<\/strong> FC Basel<\/p>\n<p><strong>Sezon:<\/strong> 2014\/15 Away<\/p>\n<p><strong>Rozmiar: <\/strong>M<\/p>\n<p><strong>Stan:<\/strong> BNWT &#8211; Koszulka nowa, z metkami.<\/p>\n<p><strong>Wymiary (szeroko\u015b\u0107 pod pachami\/d\u0142ugo\u015b\u0107) w cm: <\/strong>51\/75<\/p>","protected":false},"excerpt":{"rendered":"<p data-start=\"0\" data-end=\"72\"><strong data-start=\"0\" data-end=\"70\">Oryginalna wyjazdowa koszulka pi\u0142karska FC Basel \u2013 Adidas 2014\/15.<\/strong><\/p>\n<p data-start=\"74\" data-end=\"579\">Przedstawiamy <strong data-start=\"88\" data-end=\"140\">oryginaln\u0105 wyjazdow\u0105 koszulk\u0119 pi\u0142karsk\u0105 FC Basel<\/strong> z sezonu 2014\/15, wyprodukowan\u0105 przez renomowan\u0105 firm\u0119 <strong>Adidas<\/strong>. Ten elegancki model w jasnych barwach z delikatnymi detalami w klubowych kolorach \u2013 czerwieni i granacie \u2013 doskonale oddaje charakter szwajcarskiego giganta. Na froncie znajduje si\u0119 subtelny wz\u00f3r podkre\u015blaj\u0105cy nowoczesny design, a haftowane logo <strong>Adidas<\/strong> oraz herb <strong>FC Basel<\/strong> eksponuj\u0105 dum\u0119 i tradycj\u0119 klubu.<\/p>\n<p data-start=\"581\" data-end=\"953\">Sezon <strong>2014\/15<\/strong> by\u0142 wyj\u0105tkowy dla <strong>Basel<\/strong> \u2013 klub po raz kolejny dominowa\u0142 w szwajcarskiej Super League, zdobywaj\u0105c tytu\u0142 mistrza kraju, a tak\u017ce rywalizowa\u0142 w Lidze Mistrz\u00f3w UEFA, mierz\u0105c si\u0119 z europejskimi pot\u0119gami. W dru\u017cynie wyr\u00f3\u017cniali si\u0119 tacy zawodnicy jak <strong>Fabian Sch\u00e4r, Shkelzen Gashi<\/strong> czy <strong>Mat\u00edas Delgado,<\/strong> a ich waleczna postawa przynosi\u0142a dum\u0119 kibicom z ca\u0142ego regionu.<\/p>\n<p data-start=\"955\" data-end=\"1276\" data-is-last-node=\"\" data-is-only-node=\"\">Koszulka wykonana w technologii <em data-start=\"987\" data-end=\"998\">Climacool<\/em> zapewnia doskona\u0142\u0105 wentylacj\u0119 i komfort zar\u00f3wno na boisku, jak i na co dzie\u0144. <strong data-start=\"1077\" data-end=\"1119\">Oryginalna koszulka pi\u0142karska FC Basel<\/strong> z tego sezonu to idealny wyb\u00f3r dla kolekcjoner\u00f3w, pasjonat\u00f3w szwajcarskiej pi\u0142ki i wszystkich, kt\u00f3rzy ceni\u0105 historyczne modele zwi\u0105zane z sukcesami RotBlau.<\/p>","protected":false},"featured_media":13907,"template":"","meta":{"_kad_blocks_custom_css":"","_kad_blocks_head_custom_js":"","_kad_blocks_body_custom_js":"","_kad_blocks_footer_custom_js":"","_kad_post_transparent":"","_kad_post_title":"","_kad_post_layout":"","_kad_post_sidebar_id":"","_kad_post_content_style":"","_kad_post_vertical_padding":"","_kad_post_feature":"","_kad_post_feature_position":"","_kad_post_header":false,"_kad_post_footer":false},"product_brand":[45],"product_cat":[104,50,31],"product_tag":[],"class_list":{"0":"post-3041","1":"product","2":"type-product","3":"status-publish","4":"has-post-thumbnail","6":"product_brand-adidas","7":"product_cat-austria-i-szwajcaria","8":"product_cat-kluby-europejskie-kluby-europejskie","9":"product_cat-kluby-europejskie","10":"pa_rozmiar-m","12":"first","13":"instock","14":"taxable","15":"shipping-taxable","16":"purchasable","17":"product-type-simple","18":"entry","19":"content-bg","20":"loop-entry"},"taxonomy_info":{"product_brand":[{"value":45,"label":"Adidas"}],"product_cat":[{"value":104,"label":"Austria i Szwajcaria"},{"value":50,"label":"Kluby Europejskie"},{"value":31,"label":"Kluby Europejskie"}],"pa_rozmiar":[{"value":28,"label":"M"}]},"featured_image_src_large":["https:\/\/fts.you2.pl\/wp-content\/uploads\/2025\/09\/Photoroom_039_20250614_140801-1024x1024.png",1024,1024,true],"author_info":[],"comment_info":"","_links":{"self":[{"href":"https:\/\/fts.you2.pl\/en\/wp-json\/wp\/v2\/product\/3041","targetHints":{"allow":["GET"]}}],"collection":[{"href":"https:\/\/fts.you2.pl\/en\/wp-json\/wp\/v2\/product"}],"about":[{"href":"https:\/\/fts.you2.pl\/en\/wp-json\/wp\/v2\/types\/product"}],"wp:featuredmedia":[{"embeddable":true,"href":"https:\/\/fts.you2.pl\/en\/wp-json\/wp\/v2\/media\/13907"}],"wp:attachment":[{"href":"https:\/\/fts.you2.pl\/en\/wp-json\/wp\/v2\/media?parent=3041"}],"wp:term":[{"taxonomy":"product_brand","embeddable":true,"href":"https:\/\/fts.you2.pl\/en\/wp-json\/wp\/v2\/product_brand?post=3041"},{"taxonomy":"product_cat","embeddable":true,"href":"https:\/\/fts.you2.pl\/en\/wp-json\/wp\/v2\/product_cat?post=3041"},{"taxonomy":"product_tag","embeddable":true,"href":"https:\/\/fts.you2.pl\/en\/wp-json\/wp\/v2\/product_tag?post=3041"}],"curies":[{"name":"wp","href":"https:\/\/api.w.org\/{rel}","templated":true}]}}